{"id":1243,"date":"2022-02-25T16:43:03","date_gmt":"2022-02-25T16:43:03","guid":{"rendered":"https:\/\/folienkonen.de\/?page_id=1243"},"modified":"2022-02-25T17:14:19","modified_gmt":"2022-02-25T17:14:19","slug":"beschaedigte-folienkonen","status":"publish","type":"page","link":"https:\/\/folienkonen.de\/en\/optimierungen\/beschaedigte-folienkonen\/","title":{"rendered":"Damaged foil cones"},"content":{"rendered":"<div data-elementor-type=\"wp-page\" data-elementor-id=\"1243\" class=\"elementor elementor-1243\">\n\t\t\t\t\t\t<section class=\"elementor-section elementor-top-section elementor-element elementor-element-e1585a3 elementor-section-boxed elementor-section-height-default elementor-section-height-default\" data-id=\"e1585a3\" data-element_type=\"section\" data-e-type=\"section\">\n\t\t\t\t\t\t<div class=\"elementor-container elementor-column-gap-default\">\n\t\t\t\t\t<div class=\"elementor-column elementor-col-50 elementor-top-column elementor-element elementor-element-c9b2fe7\" data-id=\"c9b2fe7\" data-element_type=\"column\" data-e-type=\"column\">\n\t\t\t<div class=\"elementor-widget-wrap elementor-element-populated\">\n\t\t\t\t\t\t<div class=\"elementor-element elementor-element-20d8083 elementor-widget elementor-widget-image\" data-id=\"20d8083\" data-element_type=\"widget\" data-e-type=\"widget\" data-widget_type=\"image.default\">\n\t\t\t\t<div class=\"elementor-widget-container\">\n\t\t\t\t\t\t\t\t\t\t\t\t<figure class=\"wp-caption\">\n\t\t\t\t\t\t\t\t\t\t\t<a href=\"https:\/\/folienkonen.de\/wp-content\/uploads\/2022\/02\/zerstoerte-Folienkonen.jpg\" data-elementor-open-lightbox=\"yes\" data-elementor-lightbox-title=\"zerst\u00f6rte Folienkonen\" data-e-action-hash=\"#elementor-action%3Aaction%3Dlightbox%26settings%3DeyJpZCI6MTI0NywidXJsIjoiaHR0cHM6XC9cL2ZvbGllbmtvbmVuLmRlXC93cC1jb250ZW50XC91cGxvYWRzXC8yMDIyXC8wMlwvemVyc3RvZXJ0ZS1Gb2xpZW5rb25lbi5qcGcifQ%3D%3D\">\n\t\t\t\t\t\t\t<img decoding=\"async\" src=\"https:\/\/folienkonen.de\/wp-content\/uploads\/elementor\/thumbs\/zerstoerte-Folienkonen-pl1h7f7zaljanoxpd2pr17lh6zwg67ndnwaeyw32q0.jpg\" title=\"destroyed foil cones\" alt=\"zerst\u00f6rte Folienkonen\" loading=\"lazy\" \/>\t\t\t\t\t\t\t\t<\/a>\n\t\t\t\t\t\t\t\t\t\t\t<figcaption class=\"widget-image-caption wp-caption-text\">destroyed foil cones<\/figcaption>\n\t\t\t\t\t\t\t\t\t\t<\/figure>\n\t\t\t\t\t\t\t\t\t<\/div>\n\t\t\t\t<\/div>\n\t\t\t\t\t<\/div>\n\t\t<\/div>\n\t\t\t\t<div class=\"elementor-column elementor-col-50 elementor-top-column elementor-element elementor-element-1ce5cda\" data-id=\"1ce5cda\" data-element_type=\"column\" data-e-type=\"column\">\n\t\t\t<div class=\"elementor-widget-wrap elementor-element-populated\">\n\t\t\t\t\t\t<div class=\"elementor-element elementor-element-0a61796 elementor-widget elementor-widget-text-editor\" data-id=\"0a61796\" data-element_type=\"widget\" data-e-type=\"widget\" data-widget_type=\"text-editor.default\">\n\t\t\t\t<div class=\"elementor-widget-container\">\n\t\t\t\t\t\t\t\t\t<p>The first thing to learn is foil cones are consumables. Damaged foil cones cannot be repaired. That sounds strange at first. When you see how much effort is put into making such a small part. However, it is not about the foil cones. They are just a means to an end. The purpose is to hit a target. Foil cones that are in perfect condition help here.<\/p><p>However, you will not remain perfect. They wear out or become damaged with use. This is a completely normal process. I had to learn that too. Damaged foil cones fly inaccurately. For this reason, it is important to replace them as early as possible. This applies not only to the cones but also to the fixations. Damaged fixations can also have a negative effect on the flight behavior of the arrows.\u00a0<\/p>\t\t\t\t\t\t\t\t<\/div>\n\t\t\t\t<\/div>\n\t\t\t\t\t<\/div>\n\t\t<\/div>\n\t\t\t\t\t<\/div>\n\t\t<\/section>\n\t\t\t\t<section class=\"elementor-section elementor-top-section elementor-element elementor-element-36cefb1 elementor-section-boxed elementor-section-height-default elementor-section-height-default\" data-id=\"36cefb1\" data-element_type=\"section\" data-e-type=\"section\">\n\t\t\t\t\t\t<div class=\"elementor-container elementor-column-gap-default\">\n\t\t\t\t\t<div class=\"elementor-column elementor-col-100 elementor-top-column elementor-element elementor-element-72f82d8\" data-id=\"72f82d8\" data-element_type=\"column\" data-e-type=\"column\">\n\t\t\t<div class=\"elementor-widget-wrap elementor-element-populated\">\n\t\t\t\t\t\t<div class=\"elementor-element elementor-element-ee2f5a3 elementor-widget elementor-widget-text-editor\" data-id=\"ee2f5a3\" data-element_type=\"widget\" data-e-type=\"widget\" data-widget_type=\"text-editor.default\">\n\t\t\t\t<div class=\"elementor-widget-container\">\n\t\t\t\t\t\t\t\t\t<p>It can sometimes happen that several foil cones are completely destroyed. This is annoying, but replenishment is quick and easy with the right tool. For this reason, one should not be disturbed by destroyed foil cones. I break some almost every day too.<br \/>Here are a few impressions of what can happen.<\/p>\t\t\t\t\t\t\t\t<\/div>\n\t\t\t\t<\/div>\n\t\t\t\t\t<\/div>\n\t\t<\/div>\n\t\t\t\t\t<\/div>\n\t\t<\/section>\n\t\t\t\t<section class=\"elementor-section elementor-top-section elementor-element elementor-element-b377213 elementor-section-boxed elementor-section-height-default elementor-section-height-default\" data-id=\"b377213\" data-element_type=\"section\" data-e-type=\"section\">\n\t\t\t\t\t\t<div class=\"elementor-container elementor-column-gap-default\">\n\t\t\t\t\t<div class=\"elementor-column elementor-col-33 elementor-top-column elementor-element elementor-element-170a3cf\" data-id=\"170a3cf\" data-element_type=\"column\" data-e-type=\"column\">\n\t\t\t<div class=\"elementor-widget-wrap elementor-element-populated\">\n\t\t\t\t\t\t<div class=\"elementor-element elementor-element-8770e75 elementor-widget elementor-widget-image\" data-id=\"8770e75\" data-element_type=\"widget\" data-e-type=\"widget\" data-widget_type=\"image.default\">\n\t\t\t\t<div class=\"elementor-widget-container\">\n\t\t\t\t\t\t\t\t\t\t\t\t\t\t\t\t<a href=\"https:\/\/folienkonen.de\/wp-content\/uploads\/2022\/02\/Zerstoerung1.jpg\" data-elementor-open-lightbox=\"yes\" data-elementor-lightbox-title=\"Zerst\u00f6rung1\" data-e-action-hash=\"#elementor-action%3Aaction%3Dlightbox%26settings%3DeyJpZCI6MTI0NiwidXJsIjoiaHR0cHM6XC9cL2ZvbGllbmtvbmVuLmRlXC93cC1jb250ZW50XC91cGxvYWRzXC8yMDIyXC8wMlwvWmVyc3RvZXJ1bmcxLmpwZyJ9\">\n\t\t\t\t\t\t\t<img decoding=\"async\" src=\"https:\/\/folienkonen.de\/wp-content\/uploads\/elementor\/thumbs\/Zerstoerung1-pl1h7ea2o1x542nloqks8k5aixltn047k6gl6t60u0.jpg\" title=\"Destruction1\" alt=\"Zerst\u00f6rung1\" loading=\"lazy\" \/>\t\t\t\t\t\t\t\t<\/a>\n\t\t\t\t\t\t\t\t\t\t\t\t\t\t\t<\/div>\n\t\t\t\t<\/div>\n\t\t\t\t\t<\/div>\n\t\t<\/div>\n\t\t\t\t<div class=\"elementor-column elementor-col-33 elementor-top-column elementor-element elementor-element-c02d83b\" data-id=\"c02d83b\" data-element_type=\"column\" data-e-type=\"column\">\n\t\t\t<div class=\"elementor-widget-wrap elementor-element-populated\">\n\t\t\t\t\t\t<div class=\"elementor-element elementor-element-e4143cb elementor-widget elementor-widget-image\" data-id=\"e4143cb\" data-element_type=\"widget\" data-e-type=\"widget\" data-widget_type=\"image.default\">\n\t\t\t\t<div class=\"elementor-widget-container\">\n\t\t\t\t\t\t\t\t\t\t\t\t\t\t\t\t<a href=\"https:\/\/folienkonen.de\/wp-content\/uploads\/2022\/02\/Zerstoerung2.jpg\" data-elementor-open-lightbox=\"yes\" data-elementor-lightbox-title=\"Zerst\u00f6rung2\" data-e-action-hash=\"#elementor-action%3Aaction%3Dlightbox%26settings%3DeyJpZCI6MTI0NSwidXJsIjoiaHR0cHM6XC9cL2ZvbGllbmtvbmVuLmRlXC93cC1jb250ZW50XC91cGxvYWRzXC8yMDIyXC8wMlwvWmVyc3RvZXJ1bmcyLmpwZyJ9\">\n\t\t\t\t\t\t\t<img decoding=\"async\" src=\"https:\/\/folienkonen.de\/wp-content\/uploads\/elementor\/thumbs\/Zerstoerung2-pl1h7dc8h7vusgoyu865o2dtxjqgfb0h81t3pj7f08.jpg\" title=\"Destruction2\" alt=\"Zerst\u00f6rung2\" loading=\"lazy\" \/>\t\t\t\t\t\t\t\t<\/a>\n\t\t\t\t\t\t\t\t\t\t\t\t\t\t\t<\/div>\n\t\t\t\t<\/div>\n\t\t\t\t\t<\/div>\n\t\t<\/div>\n\t\t\t\t<div class=\"elementor-column elementor-col-33 elementor-top-column elementor-element elementor-element-a4045a0\" data-id=\"a4045a0\" data-element_type=\"column\" data-e-type=\"column\">\n\t\t\t<div class=\"elementor-widget-wrap elementor-element-populated\">\n\t\t\t\t\t\t<div class=\"elementor-element elementor-element-9f267e9 elementor-widget elementor-widget-image\" data-id=\"9f267e9\" data-element_type=\"widget\" data-e-type=\"widget\" data-widget_type=\"image.default\">\n\t\t\t\t<div class=\"elementor-widget-container\">\n\t\t\t\t\t\t\t\t\t\t\t\t\t\t\t\t<a href=\"https:\/\/folienkonen.de\/wp-content\/uploads\/2022\/02\/Zerstoerung3.jpg\" data-elementor-open-lightbox=\"yes\" data-elementor-lightbox-title=\"Zerst\u00f6rung3\" data-e-action-hash=\"#elementor-action%3Aaction%3Dlightbox%26settings%3DeyJpZCI6MTI2NCwidXJsIjoiaHR0cHM6XC9cL2ZvbGllbmtvbmVuLmRlXC93cC1jb250ZW50XC91cGxvYWRzXC8yMDIyXC8wMlwvWmVyc3RvZXJ1bmczLmpwZyJ9\">\n\t\t\t\t\t\t\t<img decoding=\"async\" src=\"https:\/\/folienkonen.de\/wp-content\/uploads\/elementor\/thumbs\/Zerstoerung3-pl1iawfvwdzz239u0bbbj39paww651y3bpi8agldbs.jpg\" title=\"Destruction3\" alt=\"Zerst\u00f6rung3\" loading=\"lazy\" \/>\t\t\t\t\t\t\t\t<\/a>\n\t\t\t\t\t\t\t\t\t\t\t\t\t\t\t<\/div>\n\t\t\t\t<\/div>\n\t\t\t\t\t<\/div>\n\t\t<\/div>\n\t\t\t\t\t<\/div>\n\t\t<\/section>\n\t\t\t\t<\/div>","protected":false},"excerpt":{"rendered":"<p>zerst\u00f6rte Folienkonen Das, was man als erstes lernen sollte ist, Folienkonen sind Verbrauchsmaterial. Besch\u00e4digte Folienkonen lassen sich nicht reparieren. Das h\u00f6rt sich erst einmal seltsam an. Wenn man sieht wieviel Aufwand getrieben wird, solch ein kleines Teil herzustellen. Allerdings es geht nicht um die Folienkonen. Sie sind nur Mittel zum Zweck. Der Zweck ist es, [&hellip;]<\/p>\n","protected":false},"author":1,"featured_media":0,"parent":171,"menu_order":5,"comment_status":"closed","ping_status":"closed","template":"","meta":{"ocean_post_layout":"","ocean_both_sidebars_style":"","ocean_both_sidebars_content_width":0,"ocean_both_sidebars_sidebars_width":0,"ocean_sidebar":"0","ocean_second_sidebar":"0","ocean_disable_margins":"enable","ocean_add_body_class":"","ocean_shortcode_before_top_bar":"","ocean_shortcode_after_top_bar":"","ocean_shortcode_before_header":"","ocean_shortcode_after_header":"","ocean_has_shortcode":"","ocean_shortcode_after_title":"","ocean_shortcode_before_footer_widgets":"","ocean_shortcode_after_footer_widgets":"","ocean_shortcode_before_footer_bottom":"","ocean_shortcode_after_footer_bottom":"","ocean_display_top_bar":"default","ocean_display_header":"default","ocean_header_style":"","ocean_center_header_left_menu":"0","ocean_custom_header_template":"0","ocean_custom_logo":0,"ocean_custom_retina_logo":0,"ocean_custom_logo_max_width":0,"ocean_custom_logo_tablet_max_width":0,"ocean_custom_logo_mobile_max_width":0,"ocean_custom_logo_max_height":0,"ocean_custom_logo_tablet_max_height":0,"ocean_custom_logo_mobile_max_height":0,"ocean_header_custom_menu":"0","ocean_menu_typo_font_family":"0","ocean_menu_typo_font_subset":"","ocean_menu_typo_font_size":0,"ocean_menu_typo_font_size_tablet":0,"ocean_menu_typo_font_size_mobile":0,"ocean_menu_typo_font_size_unit":"px","ocean_menu_typo_font_weight":"","ocean_menu_typo_font_weight_tablet":"","ocean_menu_typo_font_weight_mobile":"","ocean_menu_typo_transform":"","ocean_menu_typo_transform_tablet":"","ocean_menu_typo_transform_mobile":"","ocean_menu_typo_line_height":0,"ocean_menu_typo_line_height_tablet":0,"ocean_menu_typo_line_height_mobile":0,"ocean_menu_typo_line_height_unit":"","ocean_menu_typo_spacing":0,"ocean_menu_typo_spacing_tablet":0,"ocean_menu_typo_spacing_mobile":0,"ocean_menu_typo_spacing_unit":"","ocean_menu_link_color":"","ocean_menu_link_color_hover":"","ocean_menu_link_color_active":"","ocean_menu_link_background":"","ocean_menu_link_hover_background":"","ocean_menu_link_active_background":"","ocean_menu_social_links_bg":"","ocean_menu_social_hover_links_bg":"","ocean_menu_social_links_color":"","ocean_menu_social_hover_links_color":"","ocean_disable_title":"default","ocean_disable_heading":"default","ocean_post_title":"","ocean_post_subheading":"","ocean_post_title_style":"","ocean_post_title_background_color":"","ocean_post_title_background":0,"ocean_post_title_bg_image_position":"","ocean_post_title_bg_image_attachment":"","ocean_post_title_bg_image_repeat":"","ocean_post_title_bg_image_size":"","ocean_post_title_height":0,"ocean_post_title_bg_overlay":0.5,"ocean_post_title_bg_overlay_color":"","ocean_disable_breadcrumbs":"default","ocean_breadcrumbs_color":"","ocean_breadcrumbs_separator_color":"","ocean_breadcrumbs_links_color":"","ocean_breadcrumbs_links_hover_color":"","ocean_display_footer_widgets":"default","ocean_display_footer_bottom":"default","ocean_custom_footer_template":"0","footnotes":""},"class_list":["post-1243","page","type-page","status-publish","hentry","entry"],"yoast_head":"<!-- This site is optimized with the Yoast SEO plugin v27.3 - https:\/\/yoast.com\/product\/yoast-seo-wordpress\/ -->\n<title>Besch\u00e4digte Folienkonen - Perfekte Folienkonen<\/title>\n<meta name=\"robots\" content=\"index, follow, max-snippet:-1, max-image-preview:large, max-video-preview:-1\" \/>\n<link rel=\"canonical\" href=\"https:\/\/folienkonen.de\/en\/optimierungen\/beschaedigte-folienkonen\/\" \/>\n<meta property=\"og:locale\" content=\"en_US\" \/>\n<meta property=\"og:type\" content=\"article\" \/>\n<meta property=\"og:title\" content=\"Besch\u00e4digte Folienkonen - Perfekte Folienkonen\" \/>\n<meta property=\"og:description\" content=\"zerst\u00f6rte Folienkonen Das, was man als erstes lernen sollte ist, Folienkonen sind Verbrauchsmaterial. Besch\u00e4digte Folienkonen lassen sich nicht reparieren. Das h\u00f6rt sich erst einmal seltsam an. Wenn man sieht wieviel Aufwand getrieben wird, solch ein kleines Teil herzustellen. Allerdings es geht nicht um die Folienkonen. Sie sind nur Mittel zum Zweck. Der Zweck ist es, [&hellip;]\" \/>\n<meta property=\"og:url\" content=\"https:\/\/folienkonen.de\/en\/optimierungen\/beschaedigte-folienkonen\/\" \/>\n<meta property=\"og:site_name\" content=\"Perfekte Folienkonen\" \/>\n<meta property=\"article:modified_time\" content=\"2022-02-25T17:14:19+00:00\" \/>\n<meta property=\"og:image\" content=\"https:\/\/folienkonen.de\/wp-content\/uploads\/elementor\/thumbs\/zerstoerte-Folienkonen-pl1h7f7zaljanoxpd2pr17lh6zwg67ndnwaeyw32q0.jpg\" \/>\n<meta name=\"twitter:card\" content=\"summary_large_image\" \/>\n<meta name=\"twitter:label1\" content=\"Est. reading time\" \/>\n\t<meta name=\"twitter:data1\" content=\"2 minutes\" \/>\n<script type=\"application\/ld+json\" class=\"yoast-schema-graph\">{\"@context\":\"https:\\\/\\\/schema.org\",\"@graph\":[{\"@type\":\"WebPage\",\"@id\":\"https:\\\/\\\/folienkonen.de\\\/optimierungen\\\/beschaedigte-folienkonen\\\/\",\"url\":\"https:\\\/\\\/folienkonen.de\\\/optimierungen\\\/beschaedigte-folienkonen\\\/\",\"name\":\"Besch\u00e4digte Folienkonen - Perfekte Folienkonen\",\"isPartOf\":{\"@id\":\"https:\\\/\\\/folienkonen.de\\\/#website\"},\"primaryImageOfPage\":{\"@id\":\"https:\\\/\\\/folienkonen.de\\\/optimierungen\\\/beschaedigte-folienkonen\\\/#primaryimage\"},\"image\":{\"@id\":\"https:\\\/\\\/folienkonen.de\\\/optimierungen\\\/beschaedigte-folienkonen\\\/#primaryimage\"},\"thumbnailUrl\":\"https:\\\/\\\/folienkonen.de\\\/wp-content\\\/uploads\\\/elementor\\\/thumbs\\\/zerstoerte-Folienkonen-pl1h7f7zaljanoxpd2pr17lh6zwg67ndnwaeyw32q0.jpg\",\"datePublished\":\"2022-02-25T16:43:03+00:00\",\"dateModified\":\"2022-02-25T17:14:19+00:00\",\"breadcrumb\":{\"@id\":\"https:\\\/\\\/folienkonen.de\\\/optimierungen\\\/beschaedigte-folienkonen\\\/#breadcrumb\"},\"inLanguage\":\"en-US\",\"potentialAction\":[{\"@type\":\"ReadAction\",\"target\":[\"https:\\\/\\\/folienkonen.de\\\/optimierungen\\\/beschaedigte-folienkonen\\\/\"]}]},{\"@type\":\"ImageObject\",\"inLanguage\":\"en-US\",\"@id\":\"https:\\\/\\\/folienkonen.de\\\/optimierungen\\\/beschaedigte-folienkonen\\\/#primaryimage\",\"url\":\"https:\\\/\\\/folienkonen.de\\\/wp-content\\\/uploads\\\/elementor\\\/thumbs\\\/zerstoerte-Folienkonen-pl1h7f7zaljanoxpd2pr17lh6zwg67ndnwaeyw32q0.jpg\",\"contentUrl\":\"https:\\\/\\\/folienkonen.de\\\/wp-content\\\/uploads\\\/elementor\\\/thumbs\\\/zerstoerte-Folienkonen-pl1h7f7zaljanoxpd2pr17lh6zwg67ndnwaeyw32q0.jpg\"},{\"@type\":\"BreadcrumbList\",\"@id\":\"https:\\\/\\\/folienkonen.de\\\/optimierungen\\\/beschaedigte-folienkonen\\\/#breadcrumb\",\"itemListElement\":[{\"@type\":\"ListItem\",\"position\":1,\"name\":\"Startseite\",\"item\":\"https:\\\/\\\/folienkonen.de\\\/\"},{\"@type\":\"ListItem\",\"position\":2,\"name\":\"Optimierungen\",\"item\":\"https:\\\/\\\/folienkonen.de\\\/optimierungen\\\/\"},{\"@type\":\"ListItem\",\"position\":3,\"name\":\"Besch\u00e4digte Folienkonen\"}]},{\"@type\":\"WebSite\",\"@id\":\"https:\\\/\\\/folienkonen.de\\\/#website\",\"url\":\"https:\\\/\\\/folienkonen.de\\\/\",\"name\":\"Perfekte Folienkonen\",\"description\":\"Tipps und Tricks perfekte Folienkonen selbst herzustellen\",\"publisher\":{\"@id\":\"https:\\\/\\\/folienkonen.de\\\/#\\\/schema\\\/person\\\/97527885b54b1ed983d3a7035ab371f5\"},\"potentialAction\":[{\"@type\":\"SearchAction\",\"target\":{\"@type\":\"EntryPoint\",\"urlTemplate\":\"https:\\\/\\\/folienkonen.de\\\/?s={search_term_string}\"},\"query-input\":{\"@type\":\"PropertyValueSpecification\",\"valueRequired\":true,\"valueName\":\"search_term_string\"}}],\"inLanguage\":\"en-US\"},{\"@type\":[\"Person\",\"Organization\"],\"@id\":\"https:\\\/\\\/folienkonen.de\\\/#\\\/schema\\\/person\\\/97527885b54b1ed983d3a7035ab371f5\",\"name\":\"Bernd\",\"image\":{\"@type\":\"ImageObject\",\"inLanguage\":\"en-US\",\"@id\":\"https:\\\/\\\/folienkonen.de\\\/wp-content\\\/uploads\\\/2022\\\/02\\\/bernd.jpeg\",\"url\":\"https:\\\/\\\/folienkonen.de\\\/wp-content\\\/uploads\\\/2022\\\/02\\\/bernd.jpeg\",\"contentUrl\":\"https:\\\/\\\/folienkonen.de\\\/wp-content\\\/uploads\\\/2022\\\/02\\\/bernd.jpeg\",\"width\":500,\"height\":500,\"caption\":\"Bernd\"},\"logo\":{\"@id\":\"https:\\\/\\\/folienkonen.de\\\/wp-content\\\/uploads\\\/2022\\\/02\\\/bernd.jpeg\"},\"sameAs\":[\"https:\\\/\\\/folienkonen.de\"]}]}<\/script>\n<!-- \/ Yoast SEO plugin. -->","yoast_head_json":{"title":"Besch\u00e4digte Folienkonen - Perfekte Folienkonen","robots":{"index":"index","follow":"follow","max-snippet":"max-snippet:-1","max-image-preview":"max-image-preview:large","max-video-preview":"max-video-preview:-1"},"canonical":"https:\/\/folienkonen.de\/en\/optimierungen\/beschaedigte-folienkonen\/","og_locale":"en_US","og_type":"article","og_title":"Besch\u00e4digte Folienkonen - Perfekte Folienkonen","og_description":"zerst\u00f6rte Folienkonen Das, was man als erstes lernen sollte ist, Folienkonen sind Verbrauchsmaterial. Besch\u00e4digte Folienkonen lassen sich nicht reparieren. Das h\u00f6rt sich erst einmal seltsam an. Wenn man sieht wieviel Aufwand getrieben wird, solch ein kleines Teil herzustellen. Allerdings es geht nicht um die Folienkonen. Sie sind nur Mittel zum Zweck. Der Zweck ist es, [&hellip;]","og_url":"https:\/\/folienkonen.de\/en\/optimierungen\/beschaedigte-folienkonen\/","og_site_name":"Perfekte Folienkonen","article_modified_time":"2022-02-25T17:14:19+00:00","og_image":[{"url":"https:\/\/folienkonen.de\/wp-content\/uploads\/elementor\/thumbs\/zerstoerte-Folienkonen-pl1h7f7zaljanoxpd2pr17lh6zwg67ndnwaeyw32q0.jpg","type":"","width":"","height":""}],"twitter_card":"summary_large_image","twitter_misc":{"Est. reading time":"2 minutes"},"schema":{"@context":"https:\/\/schema.org","@graph":[{"@type":"WebPage","@id":"https:\/\/folienkonen.de\/optimierungen\/beschaedigte-folienkonen\/","url":"https:\/\/folienkonen.de\/optimierungen\/beschaedigte-folienkonen\/","name":"Besch\u00e4digte Folienkonen - Perfekte Folienkonen","isPartOf":{"@id":"https:\/\/folienkonen.de\/#website"},"primaryImageOfPage":{"@id":"https:\/\/folienkonen.de\/optimierungen\/beschaedigte-folienkonen\/#primaryimage"},"image":{"@id":"https:\/\/folienkonen.de\/optimierungen\/beschaedigte-folienkonen\/#primaryimage"},"thumbnailUrl":"https:\/\/folienkonen.de\/wp-content\/uploads\/elementor\/thumbs\/zerstoerte-Folienkonen-pl1h7f7zaljanoxpd2pr17lh6zwg67ndnwaeyw32q0.jpg","datePublished":"2022-02-25T16:43:03+00:00","dateModified":"2022-02-25T17:14:19+00:00","breadcrumb":{"@id":"https:\/\/folienkonen.de\/optimierungen\/beschaedigte-folienkonen\/#breadcrumb"},"inLanguage":"en-US","potentialAction":[{"@type":"ReadAction","target":["https:\/\/folienkonen.de\/optimierungen\/beschaedigte-folienkonen\/"]}]},{"@type":"ImageObject","inLanguage":"en-US","@id":"https:\/\/folienkonen.de\/optimierungen\/beschaedigte-folienkonen\/#primaryimage","url":"https:\/\/folienkonen.de\/wp-content\/uploads\/elementor\/thumbs\/zerstoerte-Folienkonen-pl1h7f7zaljanoxpd2pr17lh6zwg67ndnwaeyw32q0.jpg","contentUrl":"https:\/\/folienkonen.de\/wp-content\/uploads\/elementor\/thumbs\/zerstoerte-Folienkonen-pl1h7f7zaljanoxpd2pr17lh6zwg67ndnwaeyw32q0.jpg"},{"@type":"BreadcrumbList","@id":"https:\/\/folienkonen.de\/optimierungen\/beschaedigte-folienkonen\/#breadcrumb","itemListElement":[{"@type":"ListItem","position":1,"name":"Startseite","item":"https:\/\/folienkonen.de\/"},{"@type":"ListItem","position":2,"name":"Optimierungen","item":"https:\/\/folienkonen.de\/optimierungen\/"},{"@type":"ListItem","position":3,"name":"Besch\u00e4digte Folienkonen"}]},{"@type":"WebSite","@id":"https:\/\/folienkonen.de\/#website","url":"https:\/\/folienkonen.de\/","name":"Perfect foil cones","description":"Tips and tricks for making perfect foil cones yourself","publisher":{"@id":"https:\/\/folienkonen.de\/#\/schema\/person\/97527885b54b1ed983d3a7035ab371f5"},"potentialAction":[{"@type":"SearchAction","target":{"@type":"EntryPoint","urlTemplate":"https:\/\/folienkonen.de\/?s={search_term_string}"},"query-input":{"@type":"PropertyValueSpecification","valueRequired":true,"valueName":"search_term_string"}}],"inLanguage":"en-US"},{"@type":["Person","Organization"],"@id":"https:\/\/folienkonen.de\/#\/schema\/person\/97527885b54b1ed983d3a7035ab371f5","name":"Bernd","image":{"@type":"ImageObject","inLanguage":"en-US","@id":"https:\/\/folienkonen.de\/wp-content\/uploads\/2022\/02\/bernd.jpeg","url":"https:\/\/folienkonen.de\/wp-content\/uploads\/2022\/02\/bernd.jpeg","contentUrl":"https:\/\/folienkonen.de\/wp-content\/uploads\/2022\/02\/bernd.jpeg","width":500,"height":500,"caption":"Bernd"},"logo":{"@id":"https:\/\/folienkonen.de\/wp-content\/uploads\/2022\/02\/bernd.jpeg"},"sameAs":["https:\/\/folienkonen.de"]}]}},"_links":{"self":[{"href":"https:\/\/folienkonen.de\/en\/wp-json\/wp\/v2\/pages\/1243","targetHints":{"allow":["GET"]}}],"collection":[{"href":"https:\/\/folienkonen.de\/en\/wp-json\/wp\/v2\/pages"}],"about":[{"href":"https:\/\/folienkonen.de\/en\/wp-json\/wp\/v2\/types\/page"}],"author":[{"embeddable":true,"href":"https:\/\/folienkonen.de\/en\/wp-json\/wp\/v2\/users\/1"}],"replies":[{"embeddable":true,"href":"https:\/\/folienkonen.de\/en\/wp-json\/wp\/v2\/comments?post=1243"}],"version-history":[{"count":25,"href":"https:\/\/folienkonen.de\/en\/wp-json\/wp\/v2\/pages\/1243\/revisions"}],"predecessor-version":[{"id":1273,"href":"https:\/\/folienkonen.de\/en\/wp-json\/wp\/v2\/pages\/1243\/revisions\/1273"}],"up":[{"embeddable":true,"href":"https:\/\/folienkonen.de\/en\/wp-json\/wp\/v2\/pages\/171"}],"wp:attachment":[{"href":"https:\/\/folienkonen.de\/en\/wp-json\/wp\/v2\/media?parent=1243"}],"curies":[{"name":"wp","href":"https:\/\/api.w.org\/{rel}","templated":true}]}}