{"id":201,"date":"2022-02-16T17:24:39","date_gmt":"2022-02-16T17:24:39","guid":{"rendered":"https:\/\/perfektefolienkonen.live-website.com\/?page_id=201"},"modified":"2022-02-25T13:36:31","modified_gmt":"2022-02-25T13:36:31","slug":"warum-sind-meine-folienkonen-die-besten","status":"publish","type":"page","link":"https:\/\/folienkonen.de\/en\/abgrenzung-2\/warum-sind-meine-folienkonen-die-besten\/","title":{"rendered":"Why do I call my foil cones perfect?"},"content":{"rendered":"<div data-elementor-type=\"wp-page\" data-elementor-id=\"201\" class=\"elementor elementor-201\">\n\t\t\t\t\t\t<section class=\"elementor-section elementor-top-section elementor-element elementor-element-7e40eda elementor-section-boxed elementor-section-height-default elementor-section-height-default\" data-id=\"7e40eda\" data-element_type=\"section\" data-e-type=\"section\">\n\t\t\t\t\t\t<div class=\"elementor-container elementor-column-gap-default\">\n\t\t\t\t\t<div class=\"elementor-column elementor-col-100 elementor-top-column elementor-element elementor-element-809404a\" data-id=\"809404a\" data-element_type=\"column\" data-e-type=\"column\">\n\t\t\t<div class=\"elementor-widget-wrap elementor-element-populated\">\n\t\t\t\t\t\t<div class=\"elementor-element elementor-element-f2baf61 elementor-widget elementor-widget-text-editor\" data-id=\"f2baf61\" data-element_type=\"widget\" data-e-type=\"widget\" data-widget_type=\"text-editor.default\">\n\t\t\t\t<div class=\"elementor-widget-container\">\n\t\t\t\t\t\t\t\t\t<p class=\"Bernd3\"><span lang=\"DE\">Of course, the assessment of whether something is perfect always depends a little on the personal situation and personal expectations. I have experimented with many different cones. I wasn&#039;t really happy with any variant. Either they could not be produced with repeat accuracy or the ready-to-buy ones were produced with too many manufacturing tolerances. It was only after I had worked intensively on the production of my own foil cones that I got a feeling for the potential of foil cones. I have collected the tips shown here over the years. After several hundred self-made foil cones, I think I have found most of the optimizations. Failures have led to permanent improvement. In the meantime I have been using the foil cones presented here for a long time without further modifications. From my point of view, they are absolutely mature.<\/span><\/p>\t\t\t\t\t\t\t\t<\/div>\n\t\t\t\t<\/div>\n\t\t\t\t\t<\/div>\n\t\t<\/div>\n\t\t\t\t\t<\/div>\n\t\t<\/section>\n\t\t\t\t<\/div>","protected":false},"excerpt":{"rendered":"<p>Sicherlich ist die Bewertung, ob etwas perfekt ist, immer auch ein wenig von der pers\u00f6nlichen Situation und den pers\u00f6nlichen Erwartungen abh\u00e4ngig. Ich habe mit vielen unterschiedlichen Konen experimentiert. So richtig gl\u00fccklich bin ich mit keiner Variante geworden. Entweder waren sie nicht wiederholgenau produzierbar oder die fertig zu kaufenden wurden mit zu vielen Fertigungstoleranzen produziert. Erst, [&hellip;]<\/p>\n","protected":false},"author":1,"featured_media":0,"parent":501,"menu_order":4,"comment_status":"closed","ping_status":"closed","template":"","meta":{"ocean_post_layout":"","ocean_both_sidebars_style":"","ocean_both_sidebars_content_width":0,"ocean_both_sidebars_sidebars_width":0,"ocean_sidebar":"0","ocean_second_sidebar":"0","ocean_disable_margins":"enable","ocean_add_body_class":"","ocean_shortcode_before_top_bar":"","ocean_shortcode_after_top_bar":"","ocean_shortcode_before_header":"","ocean_shortcode_after_header":"","ocean_has_shortcode":"","ocean_shortcode_after_title":"","ocean_shortcode_before_footer_widgets":"","ocean_shortcode_after_footer_widgets":"","ocean_shortcode_before_footer_bottom":"","ocean_shortcode_after_footer_bottom":"","ocean_display_top_bar":"default","ocean_display_header":"default","ocean_header_style":"","ocean_center_header_left_menu":"0","ocean_custom_header_template":"0","ocean_custom_logo":0,"ocean_custom_retina_logo":0,"ocean_custom_logo_max_width":0,"ocean_custom_logo_tablet_max_width":0,"ocean_custom_logo_mobile_max_width":0,"ocean_custom_logo_max_height":0,"ocean_custom_logo_tablet_max_height":0,"ocean_custom_logo_mobile_max_height":0,"ocean_header_custom_menu":"0","ocean_menu_typo_font_family":"0","ocean_menu_typo_font_subset":"","ocean_menu_typo_font_size":0,"ocean_menu_typo_font_size_tablet":0,"ocean_menu_typo_font_size_mobile":0,"ocean_menu_typo_font_size_unit":"px","ocean_menu_typo_font_weight":"","ocean_menu_typo_font_weight_tablet":"","ocean_menu_typo_font_weight_mobile":"","ocean_menu_typo_transform":"capitalize","ocean_menu_typo_transform_tablet":"","ocean_menu_typo_transform_mobile":"","ocean_menu_typo_line_height":0,"ocean_menu_typo_line_height_tablet":0,"ocean_menu_typo_line_height_mobile":0,"ocean_menu_typo_line_height_unit":"","ocean_menu_typo_spacing":0,"ocean_menu_typo_spacing_tablet":0,"ocean_menu_typo_spacing_mobile":0,"ocean_menu_typo_spacing_unit":"","ocean_menu_link_color":"","ocean_menu_link_color_hover":"","ocean_menu_link_color_active":"","ocean_menu_link_background":"","ocean_menu_link_hover_background":"","ocean_menu_link_active_background":"","ocean_menu_social_links_bg":"","ocean_menu_social_hover_links_bg":"","ocean_menu_social_links_color":"","ocean_menu_social_hover_links_color":"","ocean_disable_title":"default","ocean_disable_heading":"default","ocean_post_title":"","ocean_post_subheading":"","ocean_post_title_style":"","ocean_post_title_background_color":"","ocean_post_title_background":0,"ocean_post_title_bg_image_position":"","ocean_post_title_bg_image_attachment":"","ocean_post_title_bg_image_repeat":"","ocean_post_title_bg_image_size":"","ocean_post_title_height":0,"ocean_post_title_bg_overlay":0.5,"ocean_post_title_bg_overlay_color":"","ocean_disable_breadcrumbs":"default","ocean_breadcrumbs_color":"","ocean_breadcrumbs_separator_color":"","ocean_breadcrumbs_links_color":"","ocean_breadcrumbs_links_hover_color":"","ocean_display_footer_widgets":"default","ocean_display_footer_bottom":"default","ocean_custom_footer_template":"0","footnotes":""},"class_list":["post-201","page","type-page","status-publish","hentry","entry"],"yoast_head":"<!-- This site is optimized with the Yoast SEO plugin v27.3 - https:\/\/yoast.com\/product\/yoast-seo-wordpress\/ -->\n<title>Warum bezeichne ich meine Folienkonen als perfekt? - Perfekte Folienkonen<\/title>\n<meta name=\"robots\" content=\"index, follow, max-snippet:-1, max-image-preview:large, max-video-preview:-1\" \/>\n<link rel=\"canonical\" href=\"https:\/\/folienkonen.de\/en\/abgrenzung-2\/warum-sind-meine-folienkonen-die-besten\/\" \/>\n<meta property=\"og:locale\" content=\"en_US\" \/>\n<meta property=\"og:type\" content=\"article\" \/>\n<meta property=\"og:title\" content=\"Warum bezeichne ich meine Folienkonen als perfekt? - Perfekte Folienkonen\" \/>\n<meta property=\"og:description\" content=\"Sicherlich ist die Bewertung, ob etwas perfekt ist, immer auch ein wenig von der pers\u00f6nlichen Situation und den pers\u00f6nlichen Erwartungen abh\u00e4ngig. Ich habe mit vielen unterschiedlichen Konen experimentiert. So richtig gl\u00fccklich bin ich mit keiner Variante geworden. Entweder waren sie nicht wiederholgenau produzierbar oder die fertig zu kaufenden wurden mit zu vielen Fertigungstoleranzen produziert. Erst, [&hellip;]\" \/>\n<meta property=\"og:url\" content=\"https:\/\/folienkonen.de\/en\/abgrenzung-2\/warum-sind-meine-folienkonen-die-besten\/\" \/>\n<meta property=\"og:site_name\" content=\"Perfekte Folienkonen\" \/>\n<meta property=\"article:modified_time\" content=\"2022-02-25T13:36:31+00:00\" \/>\n<meta name=\"twitter:card\" content=\"summary_large_image\" \/>\n<meta name=\"twitter:label1\" content=\"Est. reading time\" \/>\n\t<meta name=\"twitter:data1\" content=\"1 minute\" \/>\n<script type=\"application\/ld+json\" class=\"yoast-schema-graph\">{\"@context\":\"https:\\\/\\\/schema.org\",\"@graph\":[{\"@type\":\"WebPage\",\"@id\":\"https:\\\/\\\/folienkonen.de\\\/abgrenzung-2\\\/warum-sind-meine-folienkonen-die-besten\\\/\",\"url\":\"https:\\\/\\\/folienkonen.de\\\/abgrenzung-2\\\/warum-sind-meine-folienkonen-die-besten\\\/\",\"name\":\"Warum bezeichne ich meine Folienkonen als perfekt? - Perfekte Folienkonen\",\"isPartOf\":{\"@id\":\"https:\\\/\\\/folienkonen.de\\\/#website\"},\"datePublished\":\"2022-02-16T17:24:39+00:00\",\"dateModified\":\"2022-02-25T13:36:31+00:00\",\"breadcrumb\":{\"@id\":\"https:\\\/\\\/folienkonen.de\\\/abgrenzung-2\\\/warum-sind-meine-folienkonen-die-besten\\\/#breadcrumb\"},\"inLanguage\":\"en-US\",\"potentialAction\":[{\"@type\":\"ReadAction\",\"target\":[\"https:\\\/\\\/folienkonen.de\\\/abgrenzung-2\\\/warum-sind-meine-folienkonen-die-besten\\\/\"]}]},{\"@type\":\"BreadcrumbList\",\"@id\":\"https:\\\/\\\/folienkonen.de\\\/abgrenzung-2\\\/warum-sind-meine-folienkonen-die-besten\\\/#breadcrumb\",\"itemListElement\":[{\"@type\":\"ListItem\",\"position\":1,\"name\":\"Startseite\",\"item\":\"https:\\\/\\\/folienkonen.de\\\/\"},{\"@type\":\"ListItem\",\"position\":2,\"name\":\"Abgrenzung\",\"item\":\"https:\\\/\\\/folienkonen.de\\\/abgrenzung-2\\\/\"},{\"@type\":\"ListItem\",\"position\":3,\"name\":\"Warum bezeichne ich meine Folienkonen als perfekt?\"}]},{\"@type\":\"WebSite\",\"@id\":\"https:\\\/\\\/folienkonen.de\\\/#website\",\"url\":\"https:\\\/\\\/folienkonen.de\\\/\",\"name\":\"Perfekte Folienkonen\",\"description\":\"Tipps und Tricks perfekte Folienkonen selbst herzustellen\",\"publisher\":{\"@id\":\"https:\\\/\\\/folienkonen.de\\\/#\\\/schema\\\/person\\\/97527885b54b1ed983d3a7035ab371f5\"},\"potentialAction\":[{\"@type\":\"SearchAction\",\"target\":{\"@type\":\"EntryPoint\",\"urlTemplate\":\"https:\\\/\\\/folienkonen.de\\\/?s={search_term_string}\"},\"query-input\":{\"@type\":\"PropertyValueSpecification\",\"valueRequired\":true,\"valueName\":\"search_term_string\"}}],\"inLanguage\":\"en-US\"},{\"@type\":[\"Person\",\"Organization\"],\"@id\":\"https:\\\/\\\/folienkonen.de\\\/#\\\/schema\\\/person\\\/97527885b54b1ed983d3a7035ab371f5\",\"name\":\"Bernd\",\"image\":{\"@type\":\"ImageObject\",\"inLanguage\":\"en-US\",\"@id\":\"https:\\\/\\\/folienkonen.de\\\/wp-content\\\/uploads\\\/2022\\\/02\\\/bernd.jpeg\",\"url\":\"https:\\\/\\\/folienkonen.de\\\/wp-content\\\/uploads\\\/2022\\\/02\\\/bernd.jpeg\",\"contentUrl\":\"https:\\\/\\\/folienkonen.de\\\/wp-content\\\/uploads\\\/2022\\\/02\\\/bernd.jpeg\",\"width\":500,\"height\":500,\"caption\":\"Bernd\"},\"logo\":{\"@id\":\"https:\\\/\\\/folienkonen.de\\\/wp-content\\\/uploads\\\/2022\\\/02\\\/bernd.jpeg\"},\"sameAs\":[\"https:\\\/\\\/folienkonen.de\"]}]}<\/script>\n<!-- \/ Yoast SEO plugin. -->","yoast_head_json":{"title":"Warum bezeichne ich meine Folienkonen als perfekt? - Perfekte Folienkonen","robots":{"index":"index","follow":"follow","max-snippet":"max-snippet:-1","max-image-preview":"max-image-preview:large","max-video-preview":"max-video-preview:-1"},"canonical":"https:\/\/folienkonen.de\/en\/abgrenzung-2\/warum-sind-meine-folienkonen-die-besten\/","og_locale":"en_US","og_type":"article","og_title":"Warum bezeichne ich meine Folienkonen als perfekt? - Perfekte Folienkonen","og_description":"Sicherlich ist die Bewertung, ob etwas perfekt ist, immer auch ein wenig von der pers\u00f6nlichen Situation und den pers\u00f6nlichen Erwartungen abh\u00e4ngig. Ich habe mit vielen unterschiedlichen Konen experimentiert. So richtig gl\u00fccklich bin ich mit keiner Variante geworden. Entweder waren sie nicht wiederholgenau produzierbar oder die fertig zu kaufenden wurden mit zu vielen Fertigungstoleranzen produziert. Erst, [&hellip;]","og_url":"https:\/\/folienkonen.de\/en\/abgrenzung-2\/warum-sind-meine-folienkonen-die-besten\/","og_site_name":"Perfekte Folienkonen","article_modified_time":"2022-02-25T13:36:31+00:00","twitter_card":"summary_large_image","twitter_misc":{"Est. reading time":"1 minute"},"schema":{"@context":"https:\/\/schema.org","@graph":[{"@type":"WebPage","@id":"https:\/\/folienkonen.de\/abgrenzung-2\/warum-sind-meine-folienkonen-die-besten\/","url":"https:\/\/folienkonen.de\/abgrenzung-2\/warum-sind-meine-folienkonen-die-besten\/","name":"Warum bezeichne ich meine Folienkonen als perfekt? - Perfekte Folienkonen","isPartOf":{"@id":"https:\/\/folienkonen.de\/#website"},"datePublished":"2022-02-16T17:24:39+00:00","dateModified":"2022-02-25T13:36:31+00:00","breadcrumb":{"@id":"https:\/\/folienkonen.de\/abgrenzung-2\/warum-sind-meine-folienkonen-die-besten\/#breadcrumb"},"inLanguage":"en-US","potentialAction":[{"@type":"ReadAction","target":["https:\/\/folienkonen.de\/abgrenzung-2\/warum-sind-meine-folienkonen-die-besten\/"]}]},{"@type":"BreadcrumbList","@id":"https:\/\/folienkonen.de\/abgrenzung-2\/warum-sind-meine-folienkonen-die-besten\/#breadcrumb","itemListElement":[{"@type":"ListItem","position":1,"name":"Startseite","item":"https:\/\/folienkonen.de\/"},{"@type":"ListItem","position":2,"name":"Abgrenzung","item":"https:\/\/folienkonen.de\/abgrenzung-2\/"},{"@type":"ListItem","position":3,"name":"Warum bezeichne ich meine Folienkonen als perfekt?"}]},{"@type":"WebSite","@id":"https:\/\/folienkonen.de\/#website","url":"https:\/\/folienkonen.de\/","name":"Perfect foil cones","description":"Tips and tricks for making perfect foil cones yourself","publisher":{"@id":"https:\/\/folienkonen.de\/#\/schema\/person\/97527885b54b1ed983d3a7035ab371f5"},"potentialAction":[{"@type":"SearchAction","target":{"@type":"EntryPoint","urlTemplate":"https:\/\/folienkonen.de\/?s={search_term_string}"},"query-input":{"@type":"PropertyValueSpecification","valueRequired":true,"valueName":"search_term_string"}}],"inLanguage":"en-US"},{"@type":["Person","Organization"],"@id":"https:\/\/folienkonen.de\/#\/schema\/person\/97527885b54b1ed983d3a7035ab371f5","name":"Bernd","image":{"@type":"ImageObject","inLanguage":"en-US","@id":"https:\/\/folienkonen.de\/wp-content\/uploads\/2022\/02\/bernd.jpeg","url":"https:\/\/folienkonen.de\/wp-content\/uploads\/2022\/02\/bernd.jpeg","contentUrl":"https:\/\/folienkonen.de\/wp-content\/uploads\/2022\/02\/bernd.jpeg","width":500,"height":500,"caption":"Bernd"},"logo":{"@id":"https:\/\/folienkonen.de\/wp-content\/uploads\/2022\/02\/bernd.jpeg"},"sameAs":["https:\/\/folienkonen.de"]}]}},"_links":{"self":[{"href":"https:\/\/folienkonen.de\/en\/wp-json\/wp\/v2\/pages\/201","targetHints":{"allow":["GET"]}}],"collection":[{"href":"https:\/\/folienkonen.de\/en\/wp-json\/wp\/v2\/pages"}],"about":[{"href":"https:\/\/folienkonen.de\/en\/wp-json\/wp\/v2\/types\/page"}],"author":[{"embeddable":true,"href":"https:\/\/folienkonen.de\/en\/wp-json\/wp\/v2\/users\/1"}],"replies":[{"embeddable":true,"href":"https:\/\/folienkonen.de\/en\/wp-json\/wp\/v2\/comments?post=201"}],"version-history":[{"count":14,"href":"https:\/\/folienkonen.de\/en\/wp-json\/wp\/v2\/pages\/201\/revisions"}],"predecessor-version":[{"id":1177,"href":"https:\/\/folienkonen.de\/en\/wp-json\/wp\/v2\/pages\/201\/revisions\/1177"}],"up":[{"embeddable":true,"href":"https:\/\/folienkonen.de\/en\/wp-json\/wp\/v2\/pages\/501"}],"wp:attachment":[{"href":"https:\/\/folienkonen.de\/en\/wp-json\/wp\/v2\/media?parent=201"}],"curies":[{"name":"wp","href":"https:\/\/api.w.org\/{rel}","templated":true}]}}