{"id":240,"date":"2022-02-16T18:20:43","date_gmt":"2022-02-16T18:20:43","guid":{"rendered":"https:\/\/perfektefolienkonen.live-website.com\/?page_id=240"},"modified":"2022-02-25T13:47:55","modified_gmt":"2022-02-25T13:47:55","slug":"zurechtschneiden","status":"publish","type":"page","link":"https:\/\/folienkonen.de\/en\/herstellung\/zurechtschneiden\/","title":{"rendered":"trimming"},"content":{"rendered":"<div data-elementor-type=\"wp-page\" data-elementor-id=\"240\" class=\"elementor elementor-240\">\n\t\t\t\t\t\t<section class=\"elementor-section elementor-top-section elementor-element elementor-element-7f1e51c elementor-section-boxed elementor-section-height-default elementor-section-height-default\" data-id=\"7f1e51c\" data-element_type=\"section\" data-e-type=\"section\">\n\t\t\t\t\t\t<div class=\"elementor-container elementor-column-gap-default\">\n\t\t\t\t\t<div class=\"elementor-column elementor-col-100 elementor-top-column elementor-element elementor-element-66e5252\" data-id=\"66e5252\" data-element_type=\"column\" data-e-type=\"column\">\n\t\t\t<div class=\"elementor-widget-wrap elementor-element-populated\">\n\t\t\t\t\t\t<div class=\"elementor-element elementor-element-991e1f0 elementor-widget elementor-widget-text-editor\" data-id=\"991e1f0\" data-element_type=\"widget\" data-e-type=\"widget\" data-widget_type=\"text-editor.default\">\n\t\t\t\t<div class=\"elementor-widget-container\">\n\t\t\t\t\t\t\t\t\t<p>The foil should not be cut with a knife, but with scissors. I always cut 5 pieces of the packing tape with a length of approx. 5.5 cm. The individual pieces should be of similar length so that the thickness of the foil cone is always the same. The pieces should not be much longer than 6 cm. Not much shorter either. Because otherwise there is a risk of not covering the entire wrapping aid with foil. I glue all 5 pieces in a row on the cutting mat. That way I always have the pieces to hand and I can&#039;t miscount when wrapping the foils.<\/p>\t\t\t\t\t\t\t\t<\/div>\n\t\t\t\t<\/div>\n\t\t\t\t\t<\/div>\n\t\t<\/div>\n\t\t\t\t\t<\/div>\n\t\t<\/section>\n\t\t\t\t<section class=\"elementor-section elementor-top-section elementor-element elementor-element-6ed845e elementor-section-boxed elementor-section-height-default elementor-section-height-default\" data-id=\"6ed845e\" data-element_type=\"section\" data-e-type=\"section\">\n\t\t\t\t\t\t<div class=\"elementor-container elementor-column-gap-default\">\n\t\t\t\t\t<div class=\"elementor-column elementor-col-50 elementor-top-column elementor-element elementor-element-347570c\" data-id=\"347570c\" data-element_type=\"column\" data-e-type=\"column\">\n\t\t\t<div class=\"elementor-widget-wrap elementor-element-populated\">\n\t\t\t\t\t\t<div class=\"elementor-element elementor-element-7e0b51f elementor-widget elementor-widget-image\" data-id=\"7e0b51f\" data-element_type=\"widget\" data-e-type=\"widget\" data-widget_type=\"image.default\">\n\t\t\t\t<div class=\"elementor-widget-container\">\n\t\t\t\t\t\t\t\t\t\t\t\t<figure class=\"wp-caption\">\n\t\t\t\t\t\t\t\t\t\t\t<a href=\"https:\/\/folienkonen.de\/wp-content\/uploads\/2022\/02\/Folienstueck.jpg\" data-elementor-open-lightbox=\"yes\" data-elementor-lightbox-title=\"Folienstueck\" data-e-action-hash=\"#elementor-action%3Aaction%3Dlightbox%26settings%3DeyJpZCI6ODkyLCJ1cmwiOiJodHRwczpcL1wvZm9saWVua29uZW4uZGVcL3dwLWNvbnRlbnRcL3VwbG9hZHNcLzIwMjJcLzAyXC9Gb2xpZW5zdHVlY2suanBnIn0%3D\">\n\t\t\t\t\t\t\t<img decoding=\"async\" src=\"https:\/\/folienkonen.de\/wp-content\/uploads\/elementor\/thumbs\/Folienstueck-pkxscsmn1owe67nfpxki1xkg9kfu0iir0i0cvydm0o.jpg\" title=\"piece of foil\" alt=\"Folienstueck\" loading=\"lazy\" \/>\t\t\t\t\t\t\t\t<\/a>\n\t\t\t\t\t\t\t\t\t\t\t<figcaption class=\"widget-image-caption wp-caption-text\">Size of the foil pieces<\/figcaption>\n\t\t\t\t\t\t\t\t\t\t<\/figure>\n\t\t\t\t\t\t\t\t\t<\/div>\n\t\t\t\t<\/div>\n\t\t\t\t\t<\/div>\n\t\t<\/div>\n\t\t\t\t<div class=\"elementor-column elementor-col-50 elementor-top-column elementor-element elementor-element-e1cddb7\" data-id=\"e1cddb7\" data-element_type=\"column\" data-e-type=\"column\">\n\t\t\t<div class=\"elementor-widget-wrap elementor-element-populated\">\n\t\t\t\t\t\t<div class=\"elementor-element elementor-element-5826266 elementor-widget elementor-widget-image\" data-id=\"5826266\" data-element_type=\"widget\" data-e-type=\"widget\" data-widget_type=\"image.default\">\n\t\t\t\t<div class=\"elementor-widget-container\">\n\t\t\t\t\t\t\t\t\t\t\t\t<figure class=\"wp-caption\">\n\t\t\t\t\t\t\t\t\t\t\t<a href=\"https:\/\/folienkonen.de\/wp-content\/uploads\/2022\/02\/5-Stuecke-Folie.jpg.png\" data-elementor-open-lightbox=\"yes\" data-elementor-lightbox-title=\"5 St\u00fccke Folie.jpg\" data-e-action-hash=\"#elementor-action%3Aaction%3Dlightbox%26settings%3DeyJpZCI6ODk2LCJ1cmwiOiJodHRwczpcL1wvZm9saWVua29uZW4uZGVcL3dwLWNvbnRlbnRcL3VwbG9hZHNcLzIwMjJcLzAyXC81LVN0dWVja2UtRm9saWUuanBnLnBuZyJ9\">\n\t\t\t\t\t\t\t<img decoding=\"async\" src=\"https:\/\/folienkonen.de\/wp-content\/uploads\/elementor\/thumbs\/5-Stuecke-Folie.jpg-pkxsllecof9mb1bnkr1wn4nuewct845wez4zzj6oqg.png\" title=\"5 pieces of foil.jpg\" alt=\"5 St\u00fccke Folie.jpg\" loading=\"lazy\" \/>\t\t\t\t\t\t\t\t<\/a>\n\t\t\t\t\t\t\t\t\t\t\t<figcaption class=\"widget-image-caption wp-caption-text\">Foil pieces on the cutting plate<\/figcaption>\n\t\t\t\t\t\t\t\t\t\t<\/figure>\n\t\t\t\t\t\t\t\t\t<\/div>\n\t\t\t\t<\/div>\n\t\t\t\t\t<\/div>\n\t\t<\/div>\n\t\t\t\t\t<\/div>\n\t\t<\/section>\n\t\t\t\t<\/div>","protected":false},"excerpt":{"rendered":"<p>Das Zurechtschneiden der Folie sollte nicht mit einem Messer, sondern mit einer Schere gemacht werden. Ich schneide von dem Packband immer 5 St\u00fccke in der L\u00e4nge von ca. 5,5 cm ab. Die einzelnen St\u00fccke sollten \u00e4hnlich lang sein, damit die Dicke des Folienkonus immer gleich ist. Viel l\u00e4nger als 6 cm sollten die St\u00fccke nicht [&hellip;]<\/p>\n","protected":false},"author":1,"featured_media":0,"parent":162,"menu_order":0,"comment_status":"closed","ping_status":"closed","template":"","meta":{"ocean_post_layout":"","ocean_both_sidebars_style":"","ocean_both_sidebars_content_width":0,"ocean_both_sidebars_sidebars_width":0,"ocean_sidebar":"0","ocean_second_sidebar":"0","ocean_disable_margins":"enable","ocean_add_body_class":"","ocean_shortcode_before_top_bar":"","ocean_shortcode_after_top_bar":"","ocean_shortcode_before_header":"","ocean_shortcode_after_header":"","ocean_has_shortcode":"","ocean_shortcode_after_title":"","ocean_shortcode_before_footer_widgets":"","ocean_shortcode_after_footer_widgets":"","ocean_shortcode_before_footer_bottom":"","ocean_shortcode_after_footer_bottom":"","ocean_display_top_bar":"default","ocean_display_header":"default","ocean_header_style":"","ocean_center_header_left_menu":"0","ocean_custom_header_template":"0","ocean_custom_logo":0,"ocean_custom_retina_logo":0,"ocean_custom_logo_max_width":0,"ocean_custom_logo_tablet_max_width":0,"ocean_custom_logo_mobile_max_width":0,"ocean_custom_logo_max_height":0,"ocean_custom_logo_tablet_max_height":0,"ocean_custom_logo_mobile_max_height":0,"ocean_header_custom_menu":"0","ocean_menu_typo_font_family":"0","ocean_menu_typo_font_subset":"","ocean_menu_typo_font_size":0,"ocean_menu_typo_font_size_tablet":0,"ocean_menu_typo_font_size_mobile":0,"ocean_menu_typo_font_size_unit":"px","ocean_menu_typo_font_weight":"","ocean_menu_typo_font_weight_tablet":"","ocean_menu_typo_font_weight_mobile":"","ocean_menu_typo_transform":"","ocean_menu_typo_transform_tablet":"","ocean_menu_typo_transform_mobile":"","ocean_menu_typo_line_height":0,"ocean_menu_typo_line_height_tablet":0,"ocean_menu_typo_line_height_mobile":0,"ocean_menu_typo_line_height_unit":"","ocean_menu_typo_spacing":0,"ocean_menu_typo_spacing_tablet":0,"ocean_menu_typo_spacing_mobile":0,"ocean_menu_typo_spacing_unit":"","ocean_menu_link_color":"","ocean_menu_link_color_hover":"","ocean_menu_link_color_active":"","ocean_menu_link_background":"","ocean_menu_link_hover_background":"","ocean_menu_link_active_background":"","ocean_menu_social_links_bg":"","ocean_menu_social_hover_links_bg":"","ocean_menu_social_links_color":"","ocean_menu_social_hover_links_color":"","ocean_disable_title":"default","ocean_disable_heading":"default","ocean_post_title":"","ocean_post_subheading":"","ocean_post_title_style":"","ocean_post_title_background_color":"","ocean_post_title_background":0,"ocean_post_title_bg_image_position":"","ocean_post_title_bg_image_attachment":"","ocean_post_title_bg_image_repeat":"","ocean_post_title_bg_image_size":"","ocean_post_title_height":0,"ocean_post_title_bg_overlay":0.5,"ocean_post_title_bg_overlay_color":"","ocean_disable_breadcrumbs":"default","ocean_breadcrumbs_color":"","ocean_breadcrumbs_separator_color":"","ocean_breadcrumbs_links_color":"","ocean_breadcrumbs_links_hover_color":"","ocean_display_footer_widgets":"default","ocean_display_footer_bottom":"default","ocean_custom_footer_template":"0","footnotes":""},"class_list":["post-240","page","type-page","status-publish","hentry","entry"],"yoast_head":"<!-- This site is optimized with the Yoast SEO plugin v27.3 - https:\/\/yoast.com\/product\/yoast-seo-wordpress\/ -->\n<title>Zurechtschneiden - Perfekte Folienkonen<\/title>\n<meta name=\"robots\" content=\"index, follow, max-snippet:-1, max-image-preview:large, max-video-preview:-1\" \/>\n<link rel=\"canonical\" href=\"https:\/\/folienkonen.de\/en\/herstellung\/zurechtschneiden\/\" \/>\n<meta property=\"og:locale\" content=\"en_US\" \/>\n<meta property=\"og:type\" content=\"article\" \/>\n<meta property=\"og:title\" content=\"Zurechtschneiden - Perfekte Folienkonen\" \/>\n<meta property=\"og:description\" content=\"Das Zurechtschneiden der Folie sollte nicht mit einem Messer, sondern mit einer Schere gemacht werden. Ich schneide von dem Packband immer 5 St\u00fccke in der L\u00e4nge von ca. 5,5 cm ab. Die einzelnen St\u00fccke sollten \u00e4hnlich lang sein, damit die Dicke des Folienkonus immer gleich ist. Viel l\u00e4nger als 6 cm sollten die St\u00fccke nicht [&hellip;]\" \/>\n<meta property=\"og:url\" content=\"https:\/\/folienkonen.de\/en\/herstellung\/zurechtschneiden\/\" \/>\n<meta property=\"og:site_name\" content=\"Perfekte Folienkonen\" \/>\n<meta property=\"article:modified_time\" content=\"2022-02-25T13:47:55+00:00\" \/>\n<meta property=\"og:image\" content=\"https:\/\/folienkonen.de\/wp-content\/uploads\/elementor\/thumbs\/Folienstueck-pkxscsmn1owe67nfpxki1xkg9kfu0iir0i0cvydm0o.jpg\" \/>\n<meta name=\"twitter:card\" content=\"summary_large_image\" \/>\n<meta name=\"twitter:label1\" content=\"Est. reading time\" \/>\n\t<meta name=\"twitter:data1\" content=\"2 minutes\" \/>\n<script type=\"application\/ld+json\" class=\"yoast-schema-graph\">{\"@context\":\"https:\\\/\\\/schema.org\",\"@graph\":[{\"@type\":\"WebPage\",\"@id\":\"https:\\\/\\\/folienkonen.de\\\/herstellung\\\/zurechtschneiden\\\/\",\"url\":\"https:\\\/\\\/folienkonen.de\\\/herstellung\\\/zurechtschneiden\\\/\",\"name\":\"Zurechtschneiden - Perfekte Folienkonen\",\"isPartOf\":{\"@id\":\"https:\\\/\\\/folienkonen.de\\\/#website\"},\"primaryImageOfPage\":{\"@id\":\"https:\\\/\\\/folienkonen.de\\\/herstellung\\\/zurechtschneiden\\\/#primaryimage\"},\"image\":{\"@id\":\"https:\\\/\\\/folienkonen.de\\\/herstellung\\\/zurechtschneiden\\\/#primaryimage\"},\"thumbnailUrl\":\"https:\\\/\\\/folienkonen.de\\\/wp-content\\\/uploads\\\/elementor\\\/thumbs\\\/Folienstueck-pkxscsmn1owe67nfpxki1xkg9kfu0iir0i0cvydm0o.jpg\",\"datePublished\":\"2022-02-16T18:20:43+00:00\",\"dateModified\":\"2022-02-25T13:47:55+00:00\",\"breadcrumb\":{\"@id\":\"https:\\\/\\\/folienkonen.de\\\/herstellung\\\/zurechtschneiden\\\/#breadcrumb\"},\"inLanguage\":\"en-US\",\"potentialAction\":[{\"@type\":\"ReadAction\",\"target\":[\"https:\\\/\\\/folienkonen.de\\\/herstellung\\\/zurechtschneiden\\\/\"]}]},{\"@type\":\"ImageObject\",\"inLanguage\":\"en-US\",\"@id\":\"https:\\\/\\\/folienkonen.de\\\/herstellung\\\/zurechtschneiden\\\/#primaryimage\",\"url\":\"https:\\\/\\\/folienkonen.de\\\/wp-content\\\/uploads\\\/elementor\\\/thumbs\\\/Folienstueck-pkxscsmn1owe67nfpxki1xkg9kfu0iir0i0cvydm0o.jpg\",\"contentUrl\":\"https:\\\/\\\/folienkonen.de\\\/wp-content\\\/uploads\\\/elementor\\\/thumbs\\\/Folienstueck-pkxscsmn1owe67nfpxki1xkg9kfu0iir0i0cvydm0o.jpg\"},{\"@type\":\"BreadcrumbList\",\"@id\":\"https:\\\/\\\/folienkonen.de\\\/herstellung\\\/zurechtschneiden\\\/#breadcrumb\",\"itemListElement\":[{\"@type\":\"ListItem\",\"position\":1,\"name\":\"Startseite\",\"item\":\"https:\\\/\\\/folienkonen.de\\\/\"},{\"@type\":\"ListItem\",\"position\":2,\"name\":\"Herstellung\",\"item\":\"https:\\\/\\\/folienkonen.de\\\/herstellung\\\/\"},{\"@type\":\"ListItem\",\"position\":3,\"name\":\"Zurechtschneiden\"}]},{\"@type\":\"WebSite\",\"@id\":\"https:\\\/\\\/folienkonen.de\\\/#website\",\"url\":\"https:\\\/\\\/folienkonen.de\\\/\",\"name\":\"Perfekte Folienkonen\",\"description\":\"Tipps und Tricks perfekte Folienkonen selbst herzustellen\",\"publisher\":{\"@id\":\"https:\\\/\\\/folienkonen.de\\\/#\\\/schema\\\/person\\\/97527885b54b1ed983d3a7035ab371f5\"},\"potentialAction\":[{\"@type\":\"SearchAction\",\"target\":{\"@type\":\"EntryPoint\",\"urlTemplate\":\"https:\\\/\\\/folienkonen.de\\\/?s={search_term_string}\"},\"query-input\":{\"@type\":\"PropertyValueSpecification\",\"valueRequired\":true,\"valueName\":\"search_term_string\"}}],\"inLanguage\":\"en-US\"},{\"@type\":[\"Person\",\"Organization\"],\"@id\":\"https:\\\/\\\/folienkonen.de\\\/#\\\/schema\\\/person\\\/97527885b54b1ed983d3a7035ab371f5\",\"name\":\"Bernd\",\"image\":{\"@type\":\"ImageObject\",\"inLanguage\":\"en-US\",\"@id\":\"https:\\\/\\\/folienkonen.de\\\/wp-content\\\/uploads\\\/2022\\\/02\\\/bernd.jpeg\",\"url\":\"https:\\\/\\\/folienkonen.de\\\/wp-content\\\/uploads\\\/2022\\\/02\\\/bernd.jpeg\",\"contentUrl\":\"https:\\\/\\\/folienkonen.de\\\/wp-content\\\/uploads\\\/2022\\\/02\\\/bernd.jpeg\",\"width\":500,\"height\":500,\"caption\":\"Bernd\"},\"logo\":{\"@id\":\"https:\\\/\\\/folienkonen.de\\\/wp-content\\\/uploads\\\/2022\\\/02\\\/bernd.jpeg\"},\"sameAs\":[\"https:\\\/\\\/folienkonen.de\"]}]}<\/script>\n<!-- \/ Yoast SEO plugin. -->","yoast_head_json":{"title":"Zurechtschneiden - Perfekte Folienkonen","robots":{"index":"index","follow":"follow","max-snippet":"max-snippet:-1","max-image-preview":"max-image-preview:large","max-video-preview":"max-video-preview:-1"},"canonical":"https:\/\/folienkonen.de\/en\/herstellung\/zurechtschneiden\/","og_locale":"en_US","og_type":"article","og_title":"Zurechtschneiden - Perfekte Folienkonen","og_description":"Das Zurechtschneiden der Folie sollte nicht mit einem Messer, sondern mit einer Schere gemacht werden. Ich schneide von dem Packband immer 5 St\u00fccke in der L\u00e4nge von ca. 5,5 cm ab. Die einzelnen St\u00fccke sollten \u00e4hnlich lang sein, damit die Dicke des Folienkonus immer gleich ist. Viel l\u00e4nger als 6 cm sollten die St\u00fccke nicht [&hellip;]","og_url":"https:\/\/folienkonen.de\/en\/herstellung\/zurechtschneiden\/","og_site_name":"Perfekte Folienkonen","article_modified_time":"2022-02-25T13:47:55+00:00","og_image":[{"url":"https:\/\/folienkonen.de\/wp-content\/uploads\/elementor\/thumbs\/Folienstueck-pkxscsmn1owe67nfpxki1xkg9kfu0iir0i0cvydm0o.jpg","type":"","width":"","height":""}],"twitter_card":"summary_large_image","twitter_misc":{"Est. reading time":"2 minutes"},"schema":{"@context":"https:\/\/schema.org","@graph":[{"@type":"WebPage","@id":"https:\/\/folienkonen.de\/herstellung\/zurechtschneiden\/","url":"https:\/\/folienkonen.de\/herstellung\/zurechtschneiden\/","name":"Zurechtschneiden - Perfekte Folienkonen","isPartOf":{"@id":"https:\/\/folienkonen.de\/#website"},"primaryImageOfPage":{"@id":"https:\/\/folienkonen.de\/herstellung\/zurechtschneiden\/#primaryimage"},"image":{"@id":"https:\/\/folienkonen.de\/herstellung\/zurechtschneiden\/#primaryimage"},"thumbnailUrl":"https:\/\/folienkonen.de\/wp-content\/uploads\/elementor\/thumbs\/Folienstueck-pkxscsmn1owe67nfpxki1xkg9kfu0iir0i0cvydm0o.jpg","datePublished":"2022-02-16T18:20:43+00:00","dateModified":"2022-02-25T13:47:55+00:00","breadcrumb":{"@id":"https:\/\/folienkonen.de\/herstellung\/zurechtschneiden\/#breadcrumb"},"inLanguage":"en-US","potentialAction":[{"@type":"ReadAction","target":["https:\/\/folienkonen.de\/herstellung\/zurechtschneiden\/"]}]},{"@type":"ImageObject","inLanguage":"en-US","@id":"https:\/\/folienkonen.de\/herstellung\/zurechtschneiden\/#primaryimage","url":"https:\/\/folienkonen.de\/wp-content\/uploads\/elementor\/thumbs\/Folienstueck-pkxscsmn1owe67nfpxki1xkg9kfu0iir0i0cvydm0o.jpg","contentUrl":"https:\/\/folienkonen.de\/wp-content\/uploads\/elementor\/thumbs\/Folienstueck-pkxscsmn1owe67nfpxki1xkg9kfu0iir0i0cvydm0o.jpg"},{"@type":"BreadcrumbList","@id":"https:\/\/folienkonen.de\/herstellung\/zurechtschneiden\/#breadcrumb","itemListElement":[{"@type":"ListItem","position":1,"name":"Startseite","item":"https:\/\/folienkonen.de\/"},{"@type":"ListItem","position":2,"name":"Herstellung","item":"https:\/\/folienkonen.de\/herstellung\/"},{"@type":"ListItem","position":3,"name":"Zurechtschneiden"}]},{"@type":"WebSite","@id":"https:\/\/folienkonen.de\/#website","url":"https:\/\/folienkonen.de\/","name":"Perfect foil cones","description":"Tips and tricks for making perfect foil cones yourself","publisher":{"@id":"https:\/\/folienkonen.de\/#\/schema\/person\/97527885b54b1ed983d3a7035ab371f5"},"potentialAction":[{"@type":"SearchAction","target":{"@type":"EntryPoint","urlTemplate":"https:\/\/folienkonen.de\/?s={search_term_string}"},"query-input":{"@type":"PropertyValueSpecification","valueRequired":true,"valueName":"search_term_string"}}],"inLanguage":"en-US"},{"@type":["Person","Organization"],"@id":"https:\/\/folienkonen.de\/#\/schema\/person\/97527885b54b1ed983d3a7035ab371f5","name":"Bernd","image":{"@type":"ImageObject","inLanguage":"en-US","@id":"https:\/\/folienkonen.de\/wp-content\/uploads\/2022\/02\/bernd.jpeg","url":"https:\/\/folienkonen.de\/wp-content\/uploads\/2022\/02\/bernd.jpeg","contentUrl":"https:\/\/folienkonen.de\/wp-content\/uploads\/2022\/02\/bernd.jpeg","width":500,"height":500,"caption":"Bernd"},"logo":{"@id":"https:\/\/folienkonen.de\/wp-content\/uploads\/2022\/02\/bernd.jpeg"},"sameAs":["https:\/\/folienkonen.de"]}]}},"_links":{"self":[{"href":"https:\/\/folienkonen.de\/en\/wp-json\/wp\/v2\/pages\/240","targetHints":{"allow":["GET"]}}],"collection":[{"href":"https:\/\/folienkonen.de\/en\/wp-json\/wp\/v2\/pages"}],"about":[{"href":"https:\/\/folienkonen.de\/en\/wp-json\/wp\/v2\/types\/page"}],"author":[{"embeddable":true,"href":"https:\/\/folienkonen.de\/en\/wp-json\/wp\/v2\/users\/1"}],"replies":[{"embeddable":true,"href":"https:\/\/folienkonen.de\/en\/wp-json\/wp\/v2\/comments?post=240"}],"version-history":[{"count":28,"href":"https:\/\/folienkonen.de\/en\/wp-json\/wp\/v2\/pages\/240\/revisions"}],"predecessor-version":[{"id":1187,"href":"https:\/\/folienkonen.de\/en\/wp-json\/wp\/v2\/pages\/240\/revisions\/1187"}],"up":[{"embeddable":true,"href":"https:\/\/folienkonen.de\/en\/wp-json\/wp\/v2\/pages\/162"}],"wp:attachment":[{"href":"https:\/\/folienkonen.de\/en\/wp-json\/wp\/v2\/media?parent=240"}],"curies":[{"name":"wp","href":"https:\/\/api.w.org\/{rel}","templated":true}]}}