{"id":248,"date":"2022-02-16T18:22:22","date_gmt":"2022-02-16T18:22:22","guid":{"rendered":"https:\/\/perfektefolienkonen.live-website.com\/?page_id=248"},"modified":"2022-02-28T16:22:12","modified_gmt":"2022-02-28T16:22:12","slug":"wickeln","status":"publish","type":"page","link":"https:\/\/folienkonen.de\/en\/herstellung\/wickeln\/","title":{"rendered":"Wrap"},"content":{"rendered":"<div data-elementor-type=\"wp-page\" data-elementor-id=\"248\" class=\"elementor elementor-248\">\n\t\t\t\t\t\t<section class=\"elementor-section elementor-top-section elementor-element elementor-element-d94dd8c elementor-section-boxed elementor-section-height-default elementor-section-height-default\" data-id=\"d94dd8c\" data-element_type=\"section\" data-e-type=\"section\">\n\t\t\t\t\t\t<div class=\"elementor-container elementor-column-gap-default\">\n\t\t\t\t\t<div class=\"elementor-column elementor-col-100 elementor-top-column elementor-element elementor-element-9577af6\" data-id=\"9577af6\" data-element_type=\"column\" data-e-type=\"column\">\n\t\t\t<div class=\"elementor-widget-wrap elementor-element-populated\">\n\t\t\t\t\t\t<div class=\"elementor-element elementor-element-3fab17a elementor-widget elementor-widget-text-editor\" data-id=\"3fab17a\" data-element_type=\"widget\" data-e-type=\"widget\" data-widget_type=\"text-editor.default\">\n\t\t\t\t<div class=\"elementor-widget-container\">\n\t\t\t\t\t\t\t\t\t<p>The most important step in wrapping a foil cone is the first layer. The first layer is with the <u>ADHESIVE FACING OUTSIDE<\/u>\u00a0upset. This is the only way to finally detach the finished cone from the winding aid without damaging it. In this step, it&#039;s really quick. The first layer of foil determines how precisely the foil cone can be manufactured. The first layer should be applied as tightly as possible and without creasing. Creases are to be avoided throughout production. Crumpled foil cones do not fly very accurately and make their flight behavior unpredictable.<\/p>\t\t\t\t\t\t\t\t<\/div>\n\t\t\t\t<\/div>\n\t\t\t\t\t<\/div>\n\t\t<\/div>\n\t\t\t\t\t<\/div>\n\t\t<\/section>\n\t\t\t\t<section class=\"elementor-section elementor-top-section elementor-element elementor-element-811ff57 elementor-section-boxed elementor-section-height-default elementor-section-height-default\" data-id=\"811ff57\" data-element_type=\"section\" data-e-type=\"section\">\n\t\t\t\t\t\t<div class=\"elementor-container elementor-column-gap-default\">\n\t\t\t\t\t<div class=\"elementor-column elementor-col-50 elementor-top-column elementor-element elementor-element-84a25a5\" data-id=\"84a25a5\" data-element_type=\"column\" data-e-type=\"column\">\n\t\t\t<div class=\"elementor-widget-wrap elementor-element-populated\">\n\t\t\t\t\t\t<div class=\"elementor-element elementor-element-8be001d elementor-widget elementor-widget-image\" data-id=\"8be001d\" data-element_type=\"widget\" data-e-type=\"widget\" data-widget_type=\"image.default\">\n\t\t\t\t<div class=\"elementor-widget-container\">\n\t\t\t\t\t\t\t\t\t\t\t\t<figure class=\"wp-caption\">\n\t\t\t\t\t\t\t\t\t\t\t<a href=\"https:\/\/folienkonen.de\/wp-content\/uploads\/2022\/02\/erste-Lage-wickeln.jpg\" data-elementor-open-lightbox=\"yes\" data-elementor-lightbox-title=\"erste Lage wickeln\" data-e-action-hash=\"#elementor-action%3Aaction%3Dlightbox%26settings%3DeyJpZCI6OTA4LCJ1cmwiOiJodHRwczpcL1wvZm9saWVua29uZW4uZGVcL3dwLWNvbnRlbnRcL3VwbG9hZHNcLzIwMjJcLzAyXC9lcnN0ZS1MYWdlLXdpY2tlbG4uanBnIn0%3D\">\n\t\t\t\t\t\t\t<img decoding=\"async\" src=\"https:\/\/folienkonen.de\/wp-content\/uploads\/elementor\/thumbs\/erste-Lage-wickeln-pkxt6ptoltuzrc6qzv6yfdqp14yh1nb54lmsv20fy0.jpg\" title=\"wrap first layer\" alt=\"erste Lage wickeln\" loading=\"lazy\" \/>\t\t\t\t\t\t\t\t<\/a>\n\t\t\t\t\t\t\t\t\t\t\t<figcaption class=\"widget-image-caption wp-caption-text\">Wrap the first layer<\/figcaption>\n\t\t\t\t\t\t\t\t\t\t<\/figure>\n\t\t\t\t\t\t\t\t\t<\/div>\n\t\t\t\t<\/div>\n\t\t\t\t\t<\/div>\n\t\t<\/div>\n\t\t\t\t<div class=\"elementor-column elementor-col-50 elementor-top-column elementor-element elementor-element-64deb14\" data-id=\"64deb14\" data-element_type=\"column\" data-e-type=\"column\">\n\t\t\t<div class=\"elementor-widget-wrap elementor-element-populated\">\n\t\t\t\t\t\t<div class=\"elementor-element elementor-element-c2654d9 elementor-widget elementor-widget-text-editor\" data-id=\"c2654d9\" data-element_type=\"widget\" data-e-type=\"widget\" data-widget_type=\"text-editor.default\">\n\t\t\t\t<div class=\"elementor-widget-container\">\n\t\t\t\t\t\t\t\t\t<p>For an optimal first film layer, the film is placed diagonally on the cone and twisted in such a way that the film encloses the wrapping aid firmly and evenly. This may not work directly the first few times. Failed attempts should be taken into account and should not lead to discouragement. It also happens to me from time to time that the first layer does not sit properly on the wrapping aid. In this case, do not continue! It will not get better. Try again with a new slide instead.<\/p>\t\t\t\t\t\t\t\t<\/div>\n\t\t\t\t<\/div>\n\t\t\t\t<div class=\"elementor-element elementor-element-760ca92 wptd-video-popup-btn-align-center elementor-widget elementor-widget-wptd_video_popup\" data-id=\"760ca92\" data-element_type=\"widget\" data-e-type=\"widget\" data-widget_type=\"wptd_video_popup.default\">\n\t\t\t\t\r\n\t\t<div class=\"elementor-widget-container wptd-video-popup-wrapper\">\r\n\t\t\r\n\t\t\t\t\t\t<span class=\"wptd-video-popup-inline-css\" data-css=\"&quot;.wptd-video-popup-760ca92 .mfp-iframe-holder .mfp-content { max-width: 900px; }&quot;\"><\/span>\r\n\t\t\t\t\t\t<div class=\"wptd-video-popup-button-wrapper\">\r\n\t\t\t\t\t<a class=\"elementor-button wptd-video-popup-button elementor-size-md wptd-video-popup-trigger\" href=\"https:\/\/folienkonen.de\/wp-content\/uploads\/2022\/02\/erste-Lage-wickeln.mp4\">\r\n\t\t\t\t\t\t\t\t<span class=\"wptd-video-popup-button-content-wrapper\">\r\n\t\t\t\t\t\t<span class=\"wptd-video-popup-button-icon wptd-video-popup-align-icon-left\">\r\n\t\t\t\t<i aria-hidden=\"true\" class=\"fas fa-video\"><\/i>\t\t\t<\/span>\r\n\t\t\t\t\t\t<span class=\"wptd-video-popup-button-text\">Video<\/span>\r\n\t\t<\/span>\r\n\t\t\t\t\t\t\t<\/a>\r\n\t\t\t\t<\/div>\r\n\t\t\t\t\t\t\t\r\n\t\t<\/div>\r\n\t\t\t\t<\/div>\n\t\t\t\t\t<\/div>\n\t\t<\/div>\n\t\t\t\t\t<\/div>\n\t\t<\/section>\n\t\t\t\t<section class=\"elementor-section elementor-top-section elementor-element elementor-element-2dd100e elementor-section-boxed elementor-section-height-default elementor-section-height-default\" data-id=\"2dd100e\" data-element_type=\"section\" data-e-type=\"section\">\n\t\t\t\t\t\t<div class=\"elementor-container elementor-column-gap-default\">\n\t\t\t\t\t<div class=\"elementor-column elementor-col-50 elementor-top-column elementor-element elementor-element-2861f56\" data-id=\"2861f56\" data-element_type=\"column\" data-e-type=\"column\">\n\t\t\t<div class=\"elementor-widget-wrap elementor-element-populated\">\n\t\t\t\t\t\t<div class=\"elementor-element elementor-element-1d5168a elementor-widget elementor-widget-image\" data-id=\"1d5168a\" data-element_type=\"widget\" data-e-type=\"widget\" data-widget_type=\"image.default\">\n\t\t\t\t<div class=\"elementor-widget-container\">\n\t\t\t\t\t\t\t\t\t\t\t\t<figure class=\"wp-caption\">\n\t\t\t\t\t\t\t\t\t\t\t<a href=\"https:\/\/folienkonen.de\/wp-content\/uploads\/2022\/02\/erste-Lage-pruefen.jpg\" data-elementor-open-lightbox=\"yes\" data-e-action-hash=\"#elementor-action%3Aaction%3Dlightbox%26settings%3DeyJpZCI6OTEyLCJ1cmwiOmZhbHNlfQ%3D%3D\">\n\t\t\t\t\t\t\t<img decoding=\"async\" src=\"https:\/\/folienkonen.de\/wp-content\/uploads\/2022\/02\/erste-Lage-pruefen.jpg\" title=\"\" alt=\"\" loading=\"lazy\" \/>\t\t\t\t\t\t\t\t<\/a>\n\t\t\t\t\t\t\t\t\t\t\t<figcaption class=\"widget-image-caption wp-caption-text\">check first layer<\/figcaption>\n\t\t\t\t\t\t\t\t\t\t<\/figure>\n\t\t\t\t\t\t\t\t\t<\/div>\n\t\t\t\t<\/div>\n\t\t\t\t\t<\/div>\n\t\t<\/div>\n\t\t\t\t<div class=\"elementor-column elementor-col-50 elementor-top-column elementor-element elementor-element-8914532\" data-id=\"8914532\" data-element_type=\"column\" data-e-type=\"column\">\n\t\t\t<div class=\"elementor-widget-wrap elementor-element-populated\">\n\t\t\t\t\t\t<div class=\"elementor-element elementor-element-a2f1181 elementor-widget elementor-widget-text-editor\" data-id=\"a2f1181\" data-element_type=\"widget\" data-e-type=\"widget\" data-widget_type=\"text-editor.default\">\n\t\t\t\t<div class=\"elementor-widget-container\">\n\t\t\t\t\t\t\t\t\t<p>After the first layer has been placed around the wrapping aid, the result should be checked again. On the one hand, as already mentioned, it should be checked whether the foil is sitting tightly on the wrapping aid. On the other hand, it should be looked at, does the cone have a point? For the subsequent hold it is important that the cone has a point. i.e. the foil is closed at the top. If this is not the case with the first layer, you can improve it with the other layers. However, it is optimal if the peak is generated from the beginning.<\/p>\t\t\t\t\t\t\t\t<\/div>\n\t\t\t\t<\/div>\n\t\t\t\t\t<\/div>\n\t\t<\/div>\n\t\t\t\t\t<\/div>\n\t\t<\/section>\n\t\t\t\t<section class=\"elementor-section elementor-top-section elementor-element elementor-element-1645bba elementor-section-boxed elementor-section-height-default elementor-section-height-default\" data-id=\"1645bba\" data-element_type=\"section\" data-e-type=\"section\">\n\t\t\t\t\t\t<div class=\"elementor-container elementor-column-gap-default\">\n\t\t\t\t\t<div class=\"elementor-column elementor-col-50 elementor-top-column elementor-element elementor-element-3b12bc7\" data-id=\"3b12bc7\" data-element_type=\"column\" data-e-type=\"column\">\n\t\t\t<div class=\"elementor-widget-wrap elementor-element-populated\">\n\t\t\t\t\t\t<div class=\"elementor-element elementor-element-d56261c elementor-widget elementor-widget-image\" data-id=\"d56261c\" data-element_type=\"widget\" data-e-type=\"widget\" data-widget_type=\"image.default\">\n\t\t\t\t<div class=\"elementor-widget-container\">\n\t\t\t\t\t\t\t\t\t\t\t\t<figure class=\"wp-caption\">\n\t\t\t\t\t\t\t\t\t\t\t<a href=\"https:\/\/folienkonen.de\/wp-content\/uploads\/2022\/02\/zweite-Lage-pruefen.jpg\" data-elementor-open-lightbox=\"yes\" data-elementor-lightbox-title=\"zweite Lage pr\u00fcfen\" data-e-action-hash=\"#elementor-action%3Aaction%3Dlightbox%26settings%3DeyJpZCI6OTE2LCJ1cmwiOiJodHRwczpcL1wvZm9saWVua29uZW4uZGVcL3dwLWNvbnRlbnRcL3VwbG9hZHNcLzIwMjJcLzAyXC96d2VpdGUtTGFnZS1wcnVlZmVuLmpwZyJ9\">\n\t\t\t\t\t\t\t<img decoding=\"async\" src=\"https:\/\/folienkonen.de\/wp-content\/uploads\/elementor\/thumbs\/zweite-Lage-pruefen-pkxti1rjcd2kvftf8593tucpdvsycc5kvampenu7eo.jpg\" title=\"check second position\" alt=\"zweite Lage pr\u00fcfen\" loading=\"lazy\" \/>\t\t\t\t\t\t\t\t<\/a>\n\t\t\t\t\t\t\t\t\t\t\t<figcaption class=\"widget-image-caption wp-caption-text\">wrap second layer<\/figcaption>\n\t\t\t\t\t\t\t\t\t\t<\/figure>\n\t\t\t\t\t\t\t\t\t<\/div>\n\t\t\t\t<\/div>\n\t\t\t\t\t<\/div>\n\t\t<\/div>\n\t\t\t\t<div class=\"elementor-column elementor-col-50 elementor-top-column elementor-element elementor-element-0c7a104\" data-id=\"0c7a104\" data-element_type=\"column\" data-e-type=\"column\">\n\t\t\t<div class=\"elementor-widget-wrap elementor-element-populated\">\n\t\t\t\t\t\t<div class=\"elementor-element elementor-element-f82eef7 elementor-widget elementor-widget-text-editor\" data-id=\"f82eef7\" data-element_type=\"widget\" data-e-type=\"widget\" data-widget_type=\"text-editor.default\">\n\t\t\t\t<div class=\"elementor-widget-container\">\n\t\t\t\t\t\t\t\t\t<p>When the first layer is finished, the second layer is <u>ADHESIVE FACING INSIDE<\/u> glued. Again, make sure that the cone still has a point. In addition, the second layer should sit on top of the first layer without blisters or creases. It is optimal if the second layer has been glued on in such a way that it sticks the first layer to the wrapping aid. This ensures that the film cone does not fall off the wrapping aid or slip during the other work steps. In addition, a film cone fixed in this way can be separated more easily from the wrapping aid with the cutter.<\/p><p>All further layers are glued on in the same way as the second layer with the adhesive side down.<\/p>\t\t\t\t\t\t\t\t<\/div>\n\t\t\t\t<\/div>\n\t\t\t\t<div class=\"elementor-element elementor-element-e821110 wptd-video-popup-btn-align-center elementor-widget elementor-widget-wptd_video_popup\" data-id=\"e821110\" data-element_type=\"widget\" data-e-type=\"widget\" data-widget_type=\"wptd_video_popup.default\">\n\t\t\t\t\r\n\t\t<div class=\"elementor-widget-container wptd-video-popup-wrapper\">\r\n\t\t\r\n\t\t\t\t\t\t<span class=\"wptd-video-popup-inline-css\" data-css=\"&quot;.wptd-video-popup-e821110 .mfp-iframe-holder .mfp-content { max-width: 900px; }&quot;\"><\/span>\r\n\t\t\t\t\t\t<div class=\"wptd-video-popup-button-wrapper\">\r\n\t\t\t\t\t<a class=\"elementor-button wptd-video-popup-button elementor-size-md wptd-video-popup-trigger\" href=\"https:\/\/folienkonen.de\/wp-content\/uploads\/2022\/02\/zweite-Lage-wickeln.mp4\">\r\n\t\t\t\t\t\t\t\t<span class=\"wptd-video-popup-button-content-wrapper\">\r\n\t\t\t\t\t\t<span class=\"wptd-video-popup-button-icon wptd-video-popup-align-icon-left\">\r\n\t\t\t\t<i aria-hidden=\"true\" class=\"fas fa-video\"><\/i>\t\t\t<\/span>\r\n\t\t\t\t\t\t<span class=\"wptd-video-popup-button-text\">Video<\/span>\r\n\t\t<\/span>\r\n\t\t\t\t\t\t\t<\/a>\r\n\t\t\t\t<\/div>\r\n\t\t\t\t\t\t\t\r\n\t\t<\/div>\r\n\t\t\t\t<\/div>\n\t\t\t\t\t<\/div>\n\t\t<\/div>\n\t\t\t\t\t<\/div>\n\t\t<\/section>\n\t\t\t\t<\/div>","protected":false},"excerpt":{"rendered":"<p>Der wichtigste Schritt beim Wickeln eines Folienkonen ist die erste Lage. Die erste Lage wird mit der KLEBEFL\u00c4CHE NACH AUSSEN\u00a0aufgebracht. Nur auf diese Weise l\u00e4sst sich zum Schluss der fertige Konus ohne Besch\u00e4digungen von der Wickelhilfe l\u00f6sen. Bei diesem Arbeitsschritt geht richtig vor schnell. Die erste Lage Folie bestimmt wie genau der Folienkonus hergestellt werden [&hellip;]<\/p>\n","protected":false},"author":1,"featured_media":0,"parent":162,"menu_order":1,"comment_status":"closed","ping_status":"closed","template":"","meta":{"ocean_post_layout":"","ocean_both_sidebars_style":"","ocean_both_sidebars_content_width":0,"ocean_both_sidebars_sidebars_width":0,"ocean_sidebar":"0","ocean_second_sidebar":"0","ocean_disable_margins":"enable","ocean_add_body_class":"","ocean_shortcode_before_top_bar":"","ocean_shortcode_after_top_bar":"","ocean_shortcode_before_header":"","ocean_shortcode_after_header":"","ocean_has_shortcode":"","ocean_shortcode_after_title":"","ocean_shortcode_before_footer_widgets":"","ocean_shortcode_after_footer_widgets":"","ocean_shortcode_before_footer_bottom":"","ocean_shortcode_after_footer_bottom":"","ocean_display_top_bar":"default","ocean_display_header":"default","ocean_header_style":"","ocean_center_header_left_menu":"0","ocean_custom_header_template":"0","ocean_custom_logo":0,"ocean_custom_retina_logo":0,"ocean_custom_logo_max_width":0,"ocean_custom_logo_tablet_max_width":0,"ocean_custom_logo_mobile_max_width":0,"ocean_custom_logo_max_height":0,"ocean_custom_logo_tablet_max_height":0,"ocean_custom_logo_mobile_max_height":0,"ocean_header_custom_menu":"0","ocean_menu_typo_font_family":"0","ocean_menu_typo_font_subset":"","ocean_menu_typo_font_size":0,"ocean_menu_typo_font_size_tablet":0,"ocean_menu_typo_font_size_mobile":0,"ocean_menu_typo_font_size_unit":"px","ocean_menu_typo_font_weight":"","ocean_menu_typo_font_weight_tablet":"","ocean_menu_typo_font_weight_mobile":"","ocean_menu_typo_transform":"","ocean_menu_typo_transform_tablet":"","ocean_menu_typo_transform_mobile":"","ocean_menu_typo_line_height":0,"ocean_menu_typo_line_height_tablet":0,"ocean_menu_typo_line_height_mobile":0,"ocean_menu_typo_line_height_unit":"","ocean_menu_typo_spacing":0,"ocean_menu_typo_spacing_tablet":0,"ocean_menu_typo_spacing_mobile":0,"ocean_menu_typo_spacing_unit":"","ocean_menu_link_color":"","ocean_menu_link_color_hover":"","ocean_menu_link_color_active":"","ocean_menu_link_background":"","ocean_menu_link_hover_background":"","ocean_menu_link_active_background":"","ocean_menu_social_links_bg":"","ocean_menu_social_hover_links_bg":"","ocean_menu_social_links_color":"","ocean_menu_social_hover_links_color":"","ocean_disable_title":"default","ocean_disable_heading":"default","ocean_post_title":"","ocean_post_subheading":"","ocean_post_title_style":"","ocean_post_title_background_color":"","ocean_post_title_background":0,"ocean_post_title_bg_image_position":"","ocean_post_title_bg_image_attachment":"","ocean_post_title_bg_image_repeat":"","ocean_post_title_bg_image_size":"","ocean_post_title_height":0,"ocean_post_title_bg_overlay":0.5,"ocean_post_title_bg_overlay_color":"","ocean_disable_breadcrumbs":"default","ocean_breadcrumbs_color":"","ocean_breadcrumbs_separator_color":"","ocean_breadcrumbs_links_color":"","ocean_breadcrumbs_links_hover_color":"","ocean_display_footer_widgets":"default","ocean_display_footer_bottom":"default","ocean_custom_footer_template":"0","footnotes":""},"class_list":["post-248","page","type-page","status-publish","hentry","entry"],"yoast_head":"<!-- This site is optimized with the Yoast SEO plugin v27.3 - https:\/\/yoast.com\/product\/yoast-seo-wordpress\/ -->\n<title>Wickeln - Perfekte Folienkonen<\/title>\n<meta name=\"robots\" content=\"index, follow, max-snippet:-1, max-image-preview:large, max-video-preview:-1\" \/>\n<link rel=\"canonical\" href=\"https:\/\/folienkonen.de\/en\/herstellung\/wickeln\/\" \/>\n<meta property=\"og:locale\" content=\"en_US\" \/>\n<meta property=\"og:type\" content=\"article\" \/>\n<meta property=\"og:title\" content=\"Wickeln - Perfekte Folienkonen\" \/>\n<meta property=\"og:description\" content=\"Der wichtigste Schritt beim Wickeln eines Folienkonen ist die erste Lage. Die erste Lage wird mit der KLEBEFL\u00c4CHE NACH AUSSEN\u00a0aufgebracht. Nur auf diese Weise l\u00e4sst sich zum Schluss der fertige Konus ohne Besch\u00e4digungen von der Wickelhilfe l\u00f6sen. Bei diesem Arbeitsschritt geht richtig vor schnell. Die erste Lage Folie bestimmt wie genau der Folienkonus hergestellt werden [&hellip;]\" \/>\n<meta property=\"og:url\" content=\"https:\/\/folienkonen.de\/en\/herstellung\/wickeln\/\" \/>\n<meta property=\"og:site_name\" content=\"Perfekte Folienkonen\" \/>\n<meta property=\"article:modified_time\" content=\"2022-02-28T16:22:12+00:00\" \/>\n<meta property=\"og:image\" content=\"https:\/\/folienkonen.de\/wp-content\/uploads\/elementor\/thumbs\/erste-Lage-wickeln-pkxt6ptoltuzrc6qzv6yfdqp14yh1nb54lmsv20fy0.jpg\" \/>\n<meta name=\"twitter:card\" content=\"summary_large_image\" \/>\n<meta name=\"twitter:label1\" content=\"Est. reading time\" \/>\n\t<meta name=\"twitter:data1\" content=\"3 minutes\" \/>\n<script type=\"application\/ld+json\" class=\"yoast-schema-graph\">{\"@context\":\"https:\\\/\\\/schema.org\",\"@graph\":[{\"@type\":\"WebPage\",\"@id\":\"https:\\\/\\\/folienkonen.de\\\/herstellung\\\/wickeln\\\/\",\"url\":\"https:\\\/\\\/folienkonen.de\\\/herstellung\\\/wickeln\\\/\",\"name\":\"Wickeln - Perfekte Folienkonen\",\"isPartOf\":{\"@id\":\"https:\\\/\\\/folienkonen.de\\\/#website\"},\"primaryImageOfPage\":{\"@id\":\"https:\\\/\\\/folienkonen.de\\\/herstellung\\\/wickeln\\\/#primaryimage\"},\"image\":{\"@id\":\"https:\\\/\\\/folienkonen.de\\\/herstellung\\\/wickeln\\\/#primaryimage\"},\"thumbnailUrl\":\"https:\\\/\\\/folienkonen.de\\\/wp-content\\\/uploads\\\/elementor\\\/thumbs\\\/erste-Lage-wickeln-pkxt6ptoltuzrc6qzv6yfdqp14yh1nb54lmsv20fy0.jpg\",\"datePublished\":\"2022-02-16T18:22:22+00:00\",\"dateModified\":\"2022-02-28T16:22:12+00:00\",\"breadcrumb\":{\"@id\":\"https:\\\/\\\/folienkonen.de\\\/herstellung\\\/wickeln\\\/#breadcrumb\"},\"inLanguage\":\"en-US\",\"potentialAction\":[{\"@type\":\"ReadAction\",\"target\":[\"https:\\\/\\\/folienkonen.de\\\/herstellung\\\/wickeln\\\/\"]}]},{\"@type\":\"ImageObject\",\"inLanguage\":\"en-US\",\"@id\":\"https:\\\/\\\/folienkonen.de\\\/herstellung\\\/wickeln\\\/#primaryimage\",\"url\":\"https:\\\/\\\/folienkonen.de\\\/wp-content\\\/uploads\\\/elementor\\\/thumbs\\\/erste-Lage-wickeln-pkxt6ptoltuzrc6qzv6yfdqp14yh1nb54lmsv20fy0.jpg\",\"contentUrl\":\"https:\\\/\\\/folienkonen.de\\\/wp-content\\\/uploads\\\/elementor\\\/thumbs\\\/erste-Lage-wickeln-pkxt6ptoltuzrc6qzv6yfdqp14yh1nb54lmsv20fy0.jpg\"},{\"@type\":\"BreadcrumbList\",\"@id\":\"https:\\\/\\\/folienkonen.de\\\/herstellung\\\/wickeln\\\/#breadcrumb\",\"itemListElement\":[{\"@type\":\"ListItem\",\"position\":1,\"name\":\"Startseite\",\"item\":\"https:\\\/\\\/folienkonen.de\\\/\"},{\"@type\":\"ListItem\",\"position\":2,\"name\":\"Herstellung\",\"item\":\"https:\\\/\\\/folienkonen.de\\\/herstellung\\\/\"},{\"@type\":\"ListItem\",\"position\":3,\"name\":\"Wickeln\"}]},{\"@type\":\"WebSite\",\"@id\":\"https:\\\/\\\/folienkonen.de\\\/#website\",\"url\":\"https:\\\/\\\/folienkonen.de\\\/\",\"name\":\"Perfekte Folienkonen\",\"description\":\"Tipps und Tricks perfekte Folienkonen selbst herzustellen\",\"publisher\":{\"@id\":\"https:\\\/\\\/folienkonen.de\\\/#\\\/schema\\\/person\\\/97527885b54b1ed983d3a7035ab371f5\"},\"potentialAction\":[{\"@type\":\"SearchAction\",\"target\":{\"@type\":\"EntryPoint\",\"urlTemplate\":\"https:\\\/\\\/folienkonen.de\\\/?s={search_term_string}\"},\"query-input\":{\"@type\":\"PropertyValueSpecification\",\"valueRequired\":true,\"valueName\":\"search_term_string\"}}],\"inLanguage\":\"en-US\"},{\"@type\":[\"Person\",\"Organization\"],\"@id\":\"https:\\\/\\\/folienkonen.de\\\/#\\\/schema\\\/person\\\/97527885b54b1ed983d3a7035ab371f5\",\"name\":\"Bernd\",\"image\":{\"@type\":\"ImageObject\",\"inLanguage\":\"en-US\",\"@id\":\"https:\\\/\\\/folienkonen.de\\\/wp-content\\\/uploads\\\/2022\\\/02\\\/bernd.jpeg\",\"url\":\"https:\\\/\\\/folienkonen.de\\\/wp-content\\\/uploads\\\/2022\\\/02\\\/bernd.jpeg\",\"contentUrl\":\"https:\\\/\\\/folienkonen.de\\\/wp-content\\\/uploads\\\/2022\\\/02\\\/bernd.jpeg\",\"width\":500,\"height\":500,\"caption\":\"Bernd\"},\"logo\":{\"@id\":\"https:\\\/\\\/folienkonen.de\\\/wp-content\\\/uploads\\\/2022\\\/02\\\/bernd.jpeg\"},\"sameAs\":[\"https:\\\/\\\/folienkonen.de\"]}]}<\/script>\n<!-- \/ Yoast SEO plugin. -->","yoast_head_json":{"title":"Wickeln - Perfekte Folienkonen","robots":{"index":"index","follow":"follow","max-snippet":"max-snippet:-1","max-image-preview":"max-image-preview:large","max-video-preview":"max-video-preview:-1"},"canonical":"https:\/\/folienkonen.de\/en\/herstellung\/wickeln\/","og_locale":"en_US","og_type":"article","og_title":"Wickeln - Perfekte Folienkonen","og_description":"Der wichtigste Schritt beim Wickeln eines Folienkonen ist die erste Lage. Die erste Lage wird mit der KLEBEFL\u00c4CHE NACH AUSSEN\u00a0aufgebracht. Nur auf diese Weise l\u00e4sst sich zum Schluss der fertige Konus ohne Besch\u00e4digungen von der Wickelhilfe l\u00f6sen. Bei diesem Arbeitsschritt geht richtig vor schnell. Die erste Lage Folie bestimmt wie genau der Folienkonus hergestellt werden [&hellip;]","og_url":"https:\/\/folienkonen.de\/en\/herstellung\/wickeln\/","og_site_name":"Perfekte Folienkonen","article_modified_time":"2022-02-28T16:22:12+00:00","og_image":[{"url":"https:\/\/folienkonen.de\/wp-content\/uploads\/elementor\/thumbs\/erste-Lage-wickeln-pkxt6ptoltuzrc6qzv6yfdqp14yh1nb54lmsv20fy0.jpg","type":"","width":"","height":""}],"twitter_card":"summary_large_image","twitter_misc":{"Est. reading time":"3 minutes"},"schema":{"@context":"https:\/\/schema.org","@graph":[{"@type":"WebPage","@id":"https:\/\/folienkonen.de\/herstellung\/wickeln\/","url":"https:\/\/folienkonen.de\/herstellung\/wickeln\/","name":"Wickeln - Perfekte Folienkonen","isPartOf":{"@id":"https:\/\/folienkonen.de\/#website"},"primaryImageOfPage":{"@id":"https:\/\/folienkonen.de\/herstellung\/wickeln\/#primaryimage"},"image":{"@id":"https:\/\/folienkonen.de\/herstellung\/wickeln\/#primaryimage"},"thumbnailUrl":"https:\/\/folienkonen.de\/wp-content\/uploads\/elementor\/thumbs\/erste-Lage-wickeln-pkxt6ptoltuzrc6qzv6yfdqp14yh1nb54lmsv20fy0.jpg","datePublished":"2022-02-16T18:22:22+00:00","dateModified":"2022-02-28T16:22:12+00:00","breadcrumb":{"@id":"https:\/\/folienkonen.de\/herstellung\/wickeln\/#breadcrumb"},"inLanguage":"en-US","potentialAction":[{"@type":"ReadAction","target":["https:\/\/folienkonen.de\/herstellung\/wickeln\/"]}]},{"@type":"ImageObject","inLanguage":"en-US","@id":"https:\/\/folienkonen.de\/herstellung\/wickeln\/#primaryimage","url":"https:\/\/folienkonen.de\/wp-content\/uploads\/elementor\/thumbs\/erste-Lage-wickeln-pkxt6ptoltuzrc6qzv6yfdqp14yh1nb54lmsv20fy0.jpg","contentUrl":"https:\/\/folienkonen.de\/wp-content\/uploads\/elementor\/thumbs\/erste-Lage-wickeln-pkxt6ptoltuzrc6qzv6yfdqp14yh1nb54lmsv20fy0.jpg"},{"@type":"BreadcrumbList","@id":"https:\/\/folienkonen.de\/herstellung\/wickeln\/#breadcrumb","itemListElement":[{"@type":"ListItem","position":1,"name":"Startseite","item":"https:\/\/folienkonen.de\/"},{"@type":"ListItem","position":2,"name":"Herstellung","item":"https:\/\/folienkonen.de\/herstellung\/"},{"@type":"ListItem","position":3,"name":"Wickeln"}]},{"@type":"WebSite","@id":"https:\/\/folienkonen.de\/#website","url":"https:\/\/folienkonen.de\/","name":"Perfect foil cones","description":"Tips and tricks for making perfect foil cones yourself","publisher":{"@id":"https:\/\/folienkonen.de\/#\/schema\/person\/97527885b54b1ed983d3a7035ab371f5"},"potentialAction":[{"@type":"SearchAction","target":{"@type":"EntryPoint","urlTemplate":"https:\/\/folienkonen.de\/?s={search_term_string}"},"query-input":{"@type":"PropertyValueSpecification","valueRequired":true,"valueName":"search_term_string"}}],"inLanguage":"en-US"},{"@type":["Person","Organization"],"@id":"https:\/\/folienkonen.de\/#\/schema\/person\/97527885b54b1ed983d3a7035ab371f5","name":"Bernd","image":{"@type":"ImageObject","inLanguage":"en-US","@id":"https:\/\/folienkonen.de\/wp-content\/uploads\/2022\/02\/bernd.jpeg","url":"https:\/\/folienkonen.de\/wp-content\/uploads\/2022\/02\/bernd.jpeg","contentUrl":"https:\/\/folienkonen.de\/wp-content\/uploads\/2022\/02\/bernd.jpeg","width":500,"height":500,"caption":"Bernd"},"logo":{"@id":"https:\/\/folienkonen.de\/wp-content\/uploads\/2022\/02\/bernd.jpeg"},"sameAs":["https:\/\/folienkonen.de"]}]}},"_links":{"self":[{"href":"https:\/\/folienkonen.de\/en\/wp-json\/wp\/v2\/pages\/248","targetHints":{"allow":["GET"]}}],"collection":[{"href":"https:\/\/folienkonen.de\/en\/wp-json\/wp\/v2\/pages"}],"about":[{"href":"https:\/\/folienkonen.de\/en\/wp-json\/wp\/v2\/types\/page"}],"author":[{"embeddable":true,"href":"https:\/\/folienkonen.de\/en\/wp-json\/wp\/v2\/users\/1"}],"replies":[{"embeddable":true,"href":"https:\/\/folienkonen.de\/en\/wp-json\/wp\/v2\/comments?post=248"}],"version-history":[{"count":49,"href":"https:\/\/folienkonen.de\/en\/wp-json\/wp\/v2\/pages\/248\/revisions"}],"predecessor-version":[{"id":1290,"href":"https:\/\/folienkonen.de\/en\/wp-json\/wp\/v2\/pages\/248\/revisions\/1290"}],"up":[{"embeddable":true,"href":"https:\/\/folienkonen.de\/en\/wp-json\/wp\/v2\/pages\/162"}],"wp:attachment":[{"href":"https:\/\/folienkonen.de\/en\/wp-json\/wp\/v2\/media?parent=248"}],"curies":[{"name":"wp","href":"https:\/\/api.w.org\/{rel}","templated":true}]}}