{"id":302,"date":"2022-02-16T18:36:55","date_gmt":"2022-02-16T18:36:55","guid":{"rendered":"https:\/\/perfektefolienkonen.live-website.com\/?page_id=302"},"modified":"2022-02-25T14:00:15","modified_gmt":"2022-02-25T14:00:15","slug":"welche-schaefte-nimmt-man-am-besten","status":"publish","type":"page","link":"https:\/\/folienkonen.de\/en\/montage\/welche-schaefte-nimmt-man-am-besten\/","title":{"rendered":"Which shafts are best to use?"},"content":{"rendered":"<div data-elementor-type=\"wp-page\" data-elementor-id=\"302\" class=\"elementor elementor-302\">\n\t\t\t\t\t\t<section class=\"elementor-section elementor-top-section elementor-element elementor-element-e2caf39 elementor-section-boxed elementor-section-height-default elementor-section-height-default\" data-id=\"e2caf39\" data-element_type=\"section\" data-e-type=\"section\">\n\t\t\t\t\t\t<div class=\"elementor-container elementor-column-gap-default\">\n\t\t\t\t\t<div class=\"elementor-column elementor-col-100 elementor-top-column elementor-element elementor-element-22cae55\" data-id=\"22cae55\" data-element_type=\"column\" data-e-type=\"column\">\n\t\t\t<div class=\"elementor-widget-wrap elementor-element-populated\">\n\t\t\t\t\t\t<div class=\"elementor-element elementor-element-52ac532 elementor-widget elementor-widget-text-editor\" data-id=\"52ac532\" data-element_type=\"widget\" data-e-type=\"widget\" data-widget_type=\"text-editor.default\">\n\t\t\t\t<div class=\"elementor-widget-container\">\n\t\t\t\t\t\t\t\t\t<p>For me, the best shafts are made of carbon. It&#039;s durable and lightweight. The tips can be glued on well and the silicone hoses hold up well. The carbon shafts are what wear out the least for me. My carbon shafts have a diameter of 2.5 mm and are all exactly 15.5 cm long.<\/p>\t\t\t\t\t\t\t\t<\/div>\n\t\t\t\t<\/div>\n\t\t\t\t\t<\/div>\n\t\t<\/div>\n\t\t\t\t\t<\/div>\n\t\t<\/section>\n\t\t\t\t<section class=\"elementor-section elementor-top-section elementor-element elementor-element-2967d2a elementor-section-boxed elementor-section-height-default elementor-section-height-default\" data-id=\"2967d2a\" data-element_type=\"section\" data-e-type=\"section\">\n\t\t\t\t\t\t<div class=\"elementor-container elementor-column-gap-default\">\n\t\t\t\t\t<div class=\"elementor-column elementor-col-50 elementor-top-column elementor-element elementor-element-189d9f6\" data-id=\"189d9f6\" data-element_type=\"column\" data-e-type=\"column\">\n\t\t\t<div class=\"elementor-widget-wrap elementor-element-populated\">\n\t\t\t\t\t\t<div class=\"elementor-element elementor-element-0176176 elementor-widget elementor-widget-image\" data-id=\"0176176\" data-element_type=\"widget\" data-e-type=\"widget\" data-widget_type=\"image.default\">\n\t\t\t\t<div class=\"elementor-widget-container\">\n\t\t\t\t\t\t\t\t\t\t\t\t<figure class=\"wp-caption\">\n\t\t\t\t\t\t\t\t\t\t\t<a href=\"https:\/\/folienkonen.de\/wp-content\/uploads\/2022\/02\/Werkzeug-zum-Ablaengen.jpg\" data-elementor-open-lightbox=\"yes\" data-elementor-lightbox-title=\"Werkzeug zum Abl\u00e4ngen\" data-e-action-hash=\"#elementor-action%3Aaction%3Dlightbox%26settings%3DeyJpZCI6MTAwNSwidXJsIjoiaHR0cHM6XC9cL2ZvbGllbmtvbmVuLmRlXC93cC1jb250ZW50XC91cGxvYWRzXC8yMDIyXC8wMlwvV2Vya3pldWctenVtLUFibGFlbmdlbi5qcGcifQ%3D%3D\">\n\t\t\t\t\t\t\t<img fetchpriority=\"high\" decoding=\"async\" width=\"677\" height=\"292\" src=\"https:\/\/folienkonen.de\/wp-content\/uploads\/2022\/02\/Werkzeug-zum-Ablaengen.jpg\" class=\"attachment-medium_large size-medium_large wp-image-1005\" alt=\"\" srcset=\"https:\/\/folienkonen.de\/wp-content\/uploads\/2022\/02\/Werkzeug-zum-Ablaengen.jpg 677w, https:\/\/folienkonen.de\/wp-content\/uploads\/2022\/02\/Werkzeug-zum-Ablaengen-300x129.jpg 300w, https:\/\/folienkonen.de\/wp-content\/uploads\/2022\/02\/Werkzeug-zum-Ablaengen-18x8.jpg 18w\" sizes=\"(max-width: 677px) 100vw, 677px\" \/>\t\t\t\t\t\t\t\t<\/a>\n\t\t\t\t\t\t\t\t\t\t\t<figcaption class=\"widget-image-caption wp-caption-text\">Tool for repeatable cutting of carbon shafts<\/figcaption>\n\t\t\t\t\t\t\t\t\t\t<\/figure>\n\t\t\t\t\t\t\t\t\t<\/div>\n\t\t\t\t<\/div>\n\t\t\t\t\t<\/div>\n\t\t<\/div>\n\t\t\t\t<div class=\"elementor-column elementor-col-50 elementor-top-column elementor-element elementor-element-7da3383\" data-id=\"7da3383\" data-element_type=\"column\" data-e-type=\"column\">\n\t\t\t<div class=\"elementor-widget-wrap elementor-element-populated\">\n\t\t\t\t\t\t<div class=\"elementor-element elementor-element-8e9b334 elementor-widget elementor-widget-image\" data-id=\"8e9b334\" data-element_type=\"widget\" data-e-type=\"widget\" data-widget_type=\"image.default\">\n\t\t\t\t<div class=\"elementor-widget-container\">\n\t\t\t\t\t\t\t\t\t\t\t\t<figure class=\"wp-caption\">\n\t\t\t\t\t\t\t\t\t\t\t<a href=\"https:\/\/folienkonen.de\/wp-content\/uploads\/2022\/02\/Ablaengen-der-Carbonschaefte.jpg\" data-elementor-open-lightbox=\"yes\" data-elementor-lightbox-title=\"Abl\u00e4ngen der Carbonsch\u00e4fte\" data-e-action-hash=\"#elementor-action%3Aaction%3Dlightbox%26settings%3DeyJpZCI6MTAwNiwidXJsIjoiaHR0cHM6XC9cL2ZvbGllbmtvbmVuLmRlXC93cC1jb250ZW50XC91cGxvYWRzXC8yMDIyXC8wMlwvQWJsYWVuZ2VuLWRlci1DYXJib25zY2hhZWZ0ZS5qcGcifQ%3D%3D\">\n\t\t\t\t\t\t\t<img decoding=\"async\" src=\"https:\/\/folienkonen.de\/wp-content\/uploads\/elementor\/thumbs\/Ablaengen-der-Carbonschaefte-pkza1l9hedh6dx9fwjnud1tx71erfunm7vfbf0bdk0.jpg\" title=\"Cutting the carbon shafts to length\" alt=\"Abl\u00e4ngen der Carbonsch\u00e4fte\" loading=\"lazy\" \/>\t\t\t\t\t\t\t\t<\/a>\n\t\t\t\t\t\t\t\t\t\t\t<figcaption class=\"widget-image-caption wp-caption-text\">Cut to length with the cutter knife<\/figcaption>\n\t\t\t\t\t\t\t\t\t\t<\/figure>\n\t\t\t\t\t\t\t\t\t<\/div>\n\t\t\t\t<\/div>\n\t\t\t\t\t<\/div>\n\t\t<\/div>\n\t\t\t\t\t<\/div>\n\t\t<\/section>\n\t\t\t\t<section class=\"elementor-section elementor-top-section elementor-element elementor-element-69d93a8 elementor-section-boxed elementor-section-height-default elementor-section-height-default\" data-id=\"69d93a8\" data-element_type=\"section\" data-e-type=\"section\">\n\t\t\t\t\t\t<div class=\"elementor-container elementor-column-gap-default\">\n\t\t\t\t\t<div class=\"elementor-column elementor-col-100 elementor-top-column elementor-element elementor-element-f87d929\" data-id=\"f87d929\" data-element_type=\"column\" data-e-type=\"column\">\n\t\t\t<div class=\"elementor-widget-wrap elementor-element-populated\">\n\t\t\t\t\t\t<div class=\"elementor-element elementor-element-813f562 elementor-widget elementor-widget-text-editor\" data-id=\"813f562\" data-element_type=\"widget\" data-e-type=\"widget\" data-widget_type=\"text-editor.default\">\n\t\t\t\t<div class=\"elementor-widget-container\">\n\t\t\t\t\t\t\t\t\t<p>&nbsp;In order to always find the same size without much effort, I cut off a brass tube. The brass tube is 16 cm long. I glued a piece of a nail 0.5 cm long into the lower end. This closes part of the tube in this way. Carbon rods are always delivered by the meter. If I now insert a carbon rod into this tube, I can use a cutter knife to cut off the future shaft exactly at the edge of the tube. This is easy and absolutely repeatable.<\/p>\t\t\t\t\t\t\t\t<\/div>\n\t\t\t\t<\/div>\n\t\t\t\t\t<\/div>\n\t\t<\/div>\n\t\t\t\t\t<\/div>\n\t\t<\/section>\n\t\t\t\t<section class=\"elementor-section elementor-top-section elementor-element elementor-element-4964af2 elementor-section-boxed elementor-section-height-default elementor-section-height-default\" data-id=\"4964af2\" data-element_type=\"section\" data-e-type=\"section\">\n\t\t\t\t\t\t<div class=\"elementor-container elementor-column-gap-default\">\n\t\t\t\t\t<div class=\"elementor-column elementor-col-100 elementor-top-column elementor-element elementor-element-cbccbd4\" data-id=\"cbccbd4\" data-element_type=\"column\" data-e-type=\"column\">\n\t\t\t<div class=\"elementor-widget-wrap elementor-element-populated\">\n\t\t\t\t\t\t<div class=\"elementor-element elementor-element-5bf791a elementor-widget elementor-widget-image\" data-id=\"5bf791a\" data-element_type=\"widget\" data-e-type=\"widget\" data-widget_type=\"image.default\">\n\t\t\t\t<div class=\"elementor-widget-container\">\n\t\t\t\t\t\t\t\t\t\t\t\t<figure class=\"wp-caption\">\n\t\t\t\t\t\t\t\t\t\t\t<a href=\"https:\/\/folienkonen.de\/wp-content\/uploads\/2022\/02\/einige-Carbonschaefte.jpg\" data-elementor-open-lightbox=\"yes\" data-elementor-lightbox-title=\"einige Carbonsch\u00e4fte\" data-e-action-hash=\"#elementor-action%3Aaction%3Dlightbox%26settings%3DeyJpZCI6MTAwNywidXJsIjoiaHR0cHM6XC9cL2ZvbGllbmtvbmVuLmRlXC93cC1jb250ZW50XC91cGxvYWRzXC8yMDIyXC8wMlwvZWluaWdlLUNhcmJvbnNjaGFlZnRlLmpwZyJ9\">\n\t\t\t\t\t\t\t<img decoding=\"async\" width=\"768\" height=\"374\" src=\"https:\/\/folienkonen.de\/wp-content\/uploads\/2022\/02\/einige-Carbonschaefte-768x374.jpg\" class=\"attachment-medium_large size-medium_large wp-image-1007\" alt=\"\" srcset=\"https:\/\/folienkonen.de\/wp-content\/uploads\/2022\/02\/einige-Carbonschaefte-768x374.jpg 768w, https:\/\/folienkonen.de\/wp-content\/uploads\/2022\/02\/einige-Carbonschaefte-300x146.jpg 300w, https:\/\/folienkonen.de\/wp-content\/uploads\/2022\/02\/einige-Carbonschaefte-18x9.jpg 18w, https:\/\/folienkonen.de\/wp-content\/uploads\/2022\/02\/einige-Carbonschaefte.jpg 770w\" sizes=\"(max-width: 768px) 100vw, 768px\" \/>\t\t\t\t\t\t\t\t<\/a>\n\t\t\t\t\t\t\t\t\t\t\t<figcaption class=\"widget-image-caption wp-caption-text\">Some shafts<\/figcaption>\n\t\t\t\t\t\t\t\t\t\t<\/figure>\n\t\t\t\t\t\t\t\t\t<\/div>\n\t\t\t\t<\/div>\n\t\t\t\t\t<\/div>\n\t\t<\/div>\n\t\t\t\t\t<\/div>\n\t\t<\/section>\n\t\t\t\t<\/div>","protected":false},"excerpt":{"rendered":"<p>Die f\u00fcr mich besten Sch\u00e4fte bestehen aus Carbon. Das ist widerstandsf\u00e4hig und leicht. Die Spitzen lassen sich gut ankleben und die Silikonschl\u00e4uche halten hervorragend. Die Carbonsch\u00e4fte sind das, was bei mir am wenigsten verschlei\u00dft. Meine Carbonsch\u00e4fte haben einen Durchmesser von 2,5 mm und sind alle exakt 15,5 cm lang. Werkzeug zum wiederholgenauen Abl\u00e4ngen der Carbonsch\u00e4fte [&hellip;]<\/p>\n","protected":false},"author":1,"featured_media":0,"parent":170,"menu_order":1,"comment_status":"closed","ping_status":"closed","template":"","meta":{"ocean_post_layout":"","ocean_both_sidebars_style":"","ocean_both_sidebars_content_width":0,"ocean_both_sidebars_sidebars_width":0,"ocean_sidebar":"0","ocean_second_sidebar":"0","ocean_disable_margins":"enable","ocean_add_body_class":"","ocean_shortcode_before_top_bar":"","ocean_shortcode_after_top_bar":"","ocean_shortcode_before_header":"","ocean_shortcode_after_header":"","ocean_has_shortcode":"","ocean_shortcode_after_title":"","ocean_shortcode_before_footer_widgets":"","ocean_shortcode_after_footer_widgets":"","ocean_shortcode_before_footer_bottom":"","ocean_shortcode_after_footer_bottom":"","ocean_display_top_bar":"default","ocean_display_header":"default","ocean_header_style":"","ocean_center_header_left_menu":"0","ocean_custom_header_template":"0","ocean_custom_logo":0,"ocean_custom_retina_logo":0,"ocean_custom_logo_max_width":0,"ocean_custom_logo_tablet_max_width":0,"ocean_custom_logo_mobile_max_width":0,"ocean_custom_logo_max_height":0,"ocean_custom_logo_tablet_max_height":0,"ocean_custom_logo_mobile_max_height":0,"ocean_header_custom_menu":"0","ocean_menu_typo_font_family":"0","ocean_menu_typo_font_subset":"","ocean_menu_typo_font_size":0,"ocean_menu_typo_font_size_tablet":0,"ocean_menu_typo_font_size_mobile":0,"ocean_menu_typo_font_size_unit":"px","ocean_menu_typo_font_weight":"","ocean_menu_typo_font_weight_tablet":"","ocean_menu_typo_font_weight_mobile":"","ocean_menu_typo_transform":"","ocean_menu_typo_transform_tablet":"","ocean_menu_typo_transform_mobile":"","ocean_menu_typo_line_height":0,"ocean_menu_typo_line_height_tablet":0,"ocean_menu_typo_line_height_mobile":0,"ocean_menu_typo_line_height_unit":"","ocean_menu_typo_spacing":0,"ocean_menu_typo_spacing_tablet":0,"ocean_menu_typo_spacing_mobile":0,"ocean_menu_typo_spacing_unit":"","ocean_menu_link_color":"","ocean_menu_link_color_hover":"","ocean_menu_link_color_active":"","ocean_menu_link_background":"","ocean_menu_link_hover_background":"","ocean_menu_link_active_background":"","ocean_menu_social_links_bg":"","ocean_menu_social_hover_links_bg":"","ocean_menu_social_links_color":"","ocean_menu_social_hover_links_color":"","ocean_disable_title":"default","ocean_disable_heading":"default","ocean_post_title":"","ocean_post_subheading":"","ocean_post_title_style":"","ocean_post_title_background_color":"","ocean_post_title_background":0,"ocean_post_title_bg_image_position":"","ocean_post_title_bg_image_attachment":"","ocean_post_title_bg_image_repeat":"","ocean_post_title_bg_image_size":"","ocean_post_title_height":0,"ocean_post_title_bg_overlay":0.5,"ocean_post_title_bg_overlay_color":"","ocean_disable_breadcrumbs":"default","ocean_breadcrumbs_color":"","ocean_breadcrumbs_separator_color":"","ocean_breadcrumbs_links_color":"","ocean_breadcrumbs_links_hover_color":"","ocean_display_footer_widgets":"default","ocean_display_footer_bottom":"default","ocean_custom_footer_template":"0","footnotes":""},"class_list":["post-302","page","type-page","status-publish","hentry","entry"],"yoast_head":"<!-- This site is optimized with the Yoast SEO plugin v27.3 - https:\/\/yoast.com\/product\/yoast-seo-wordpress\/ -->\n<title>Welche Sch\u00e4fte nimmt man am besten? - Perfekte Folienkonen<\/title>\n<meta name=\"robots\" content=\"index, follow, max-snippet:-1, max-image-preview:large, max-video-preview:-1\" \/>\n<link rel=\"canonical\" href=\"https:\/\/folienkonen.de\/en\/montage\/welche-schaefte-nimmt-man-am-besten\/\" \/>\n<meta property=\"og:locale\" content=\"en_US\" \/>\n<meta property=\"og:type\" content=\"article\" \/>\n<meta property=\"og:title\" content=\"Welche Sch\u00e4fte nimmt man am besten? - Perfekte Folienkonen\" \/>\n<meta property=\"og:description\" content=\"Die f\u00fcr mich besten Sch\u00e4fte bestehen aus Carbon. Das ist widerstandsf\u00e4hig und leicht. Die Spitzen lassen sich gut ankleben und die Silikonschl\u00e4uche halten hervorragend. Die Carbonsch\u00e4fte sind das, was bei mir am wenigsten verschlei\u00dft. Meine Carbonsch\u00e4fte haben einen Durchmesser von 2,5 mm und sind alle exakt 15,5 cm lang. Werkzeug zum wiederholgenauen Abl\u00e4ngen der Carbonsch\u00e4fte [&hellip;]\" \/>\n<meta property=\"og:url\" content=\"https:\/\/folienkonen.de\/en\/montage\/welche-schaefte-nimmt-man-am-besten\/\" \/>\n<meta property=\"og:site_name\" content=\"Perfekte Folienkonen\" \/>\n<meta property=\"article:modified_time\" content=\"2022-02-25T14:00:15+00:00\" \/>\n<meta property=\"og:image\" content=\"https:\/\/folienkonen.de\/wp-content\/uploads\/2022\/02\/Werkzeug-zum-Ablaengen.jpg\" \/>\n<meta name=\"twitter:card\" content=\"summary_large_image\" \/>\n<meta name=\"twitter:label1\" content=\"Est. reading time\" \/>\n\t<meta name=\"twitter:data1\" content=\"2 minutes\" \/>\n<script type=\"application\/ld+json\" class=\"yoast-schema-graph\">{\"@context\":\"https:\\\/\\\/schema.org\",\"@graph\":[{\"@type\":\"WebPage\",\"@id\":\"https:\\\/\\\/folienkonen.de\\\/montage\\\/welche-schaefte-nimmt-man-am-besten\\\/\",\"url\":\"https:\\\/\\\/folienkonen.de\\\/montage\\\/welche-schaefte-nimmt-man-am-besten\\\/\",\"name\":\"Welche Sch\u00e4fte nimmt man am besten? - Perfekte Folienkonen\",\"isPartOf\":{\"@id\":\"https:\\\/\\\/folienkonen.de\\\/#website\"},\"primaryImageOfPage\":{\"@id\":\"https:\\\/\\\/folienkonen.de\\\/montage\\\/welche-schaefte-nimmt-man-am-besten\\\/#primaryimage\"},\"image\":{\"@id\":\"https:\\\/\\\/folienkonen.de\\\/montage\\\/welche-schaefte-nimmt-man-am-besten\\\/#primaryimage\"},\"thumbnailUrl\":\"https:\\\/\\\/folienkonen.de\\\/wp-content\\\/uploads\\\/2022\\\/02\\\/Werkzeug-zum-Ablaengen.jpg\",\"datePublished\":\"2022-02-16T18:36:55+00:00\",\"dateModified\":\"2022-02-25T14:00:15+00:00\",\"breadcrumb\":{\"@id\":\"https:\\\/\\\/folienkonen.de\\\/montage\\\/welche-schaefte-nimmt-man-am-besten\\\/#breadcrumb\"},\"inLanguage\":\"en-US\",\"potentialAction\":[{\"@type\":\"ReadAction\",\"target\":[\"https:\\\/\\\/folienkonen.de\\\/montage\\\/welche-schaefte-nimmt-man-am-besten\\\/\"]}]},{\"@type\":\"ImageObject\",\"inLanguage\":\"en-US\",\"@id\":\"https:\\\/\\\/folienkonen.de\\\/montage\\\/welche-schaefte-nimmt-man-am-besten\\\/#primaryimage\",\"url\":\"https:\\\/\\\/folienkonen.de\\\/wp-content\\\/uploads\\\/2022\\\/02\\\/Werkzeug-zum-Ablaengen.jpg\",\"contentUrl\":\"https:\\\/\\\/folienkonen.de\\\/wp-content\\\/uploads\\\/2022\\\/02\\\/Werkzeug-zum-Ablaengen.jpg\"},{\"@type\":\"BreadcrumbList\",\"@id\":\"https:\\\/\\\/folienkonen.de\\\/montage\\\/welche-schaefte-nimmt-man-am-besten\\\/#breadcrumb\",\"itemListElement\":[{\"@type\":\"ListItem\",\"position\":1,\"name\":\"Startseite\",\"item\":\"https:\\\/\\\/folienkonen.de\\\/\"},{\"@type\":\"ListItem\",\"position\":2,\"name\":\"Montage\",\"item\":\"https:\\\/\\\/folienkonen.de\\\/montage\\\/\"},{\"@type\":\"ListItem\",\"position\":3,\"name\":\"Welche Sch\u00e4fte nimmt man am besten?\"}]},{\"@type\":\"WebSite\",\"@id\":\"https:\\\/\\\/folienkonen.de\\\/#website\",\"url\":\"https:\\\/\\\/folienkonen.de\\\/\",\"name\":\"Perfekte Folienkonen\",\"description\":\"Tipps und Tricks perfekte Folienkonen selbst herzustellen\",\"publisher\":{\"@id\":\"https:\\\/\\\/folienkonen.de\\\/#\\\/schema\\\/person\\\/97527885b54b1ed983d3a7035ab371f5\"},\"potentialAction\":[{\"@type\":\"SearchAction\",\"target\":{\"@type\":\"EntryPoint\",\"urlTemplate\":\"https:\\\/\\\/folienkonen.de\\\/?s={search_term_string}\"},\"query-input\":{\"@type\":\"PropertyValueSpecification\",\"valueRequired\":true,\"valueName\":\"search_term_string\"}}],\"inLanguage\":\"en-US\"},{\"@type\":[\"Person\",\"Organization\"],\"@id\":\"https:\\\/\\\/folienkonen.de\\\/#\\\/schema\\\/person\\\/97527885b54b1ed983d3a7035ab371f5\",\"name\":\"Bernd\",\"image\":{\"@type\":\"ImageObject\",\"inLanguage\":\"en-US\",\"@id\":\"https:\\\/\\\/folienkonen.de\\\/wp-content\\\/uploads\\\/2022\\\/02\\\/bernd.jpeg\",\"url\":\"https:\\\/\\\/folienkonen.de\\\/wp-content\\\/uploads\\\/2022\\\/02\\\/bernd.jpeg\",\"contentUrl\":\"https:\\\/\\\/folienkonen.de\\\/wp-content\\\/uploads\\\/2022\\\/02\\\/bernd.jpeg\",\"width\":500,\"height\":500,\"caption\":\"Bernd\"},\"logo\":{\"@id\":\"https:\\\/\\\/folienkonen.de\\\/wp-content\\\/uploads\\\/2022\\\/02\\\/bernd.jpeg\"},\"sameAs\":[\"https:\\\/\\\/folienkonen.de\"]}]}<\/script>\n<!-- \/ Yoast SEO plugin. -->","yoast_head_json":{"title":"Welche Sch\u00e4fte nimmt man am besten? - Perfekte Folienkonen","robots":{"index":"index","follow":"follow","max-snippet":"max-snippet:-1","max-image-preview":"max-image-preview:large","max-video-preview":"max-video-preview:-1"},"canonical":"https:\/\/folienkonen.de\/en\/montage\/welche-schaefte-nimmt-man-am-besten\/","og_locale":"en_US","og_type":"article","og_title":"Welche Sch\u00e4fte nimmt man am besten? - Perfekte Folienkonen","og_description":"Die f\u00fcr mich besten Sch\u00e4fte bestehen aus Carbon. Das ist widerstandsf\u00e4hig und leicht. Die Spitzen lassen sich gut ankleben und die Silikonschl\u00e4uche halten hervorragend. Die Carbonsch\u00e4fte sind das, was bei mir am wenigsten verschlei\u00dft. Meine Carbonsch\u00e4fte haben einen Durchmesser von 2,5 mm und sind alle exakt 15,5 cm lang. Werkzeug zum wiederholgenauen Abl\u00e4ngen der Carbonsch\u00e4fte [&hellip;]","og_url":"https:\/\/folienkonen.de\/en\/montage\/welche-schaefte-nimmt-man-am-besten\/","og_site_name":"Perfekte Folienkonen","article_modified_time":"2022-02-25T14:00:15+00:00","og_image":[{"url":"https:\/\/folienkonen.de\/wp-content\/uploads\/2022\/02\/Werkzeug-zum-Ablaengen.jpg","type":"","width":"","height":""}],"twitter_card":"summary_large_image","twitter_misc":{"Est. reading time":"2 minutes"},"schema":{"@context":"https:\/\/schema.org","@graph":[{"@type":"WebPage","@id":"https:\/\/folienkonen.de\/montage\/welche-schaefte-nimmt-man-am-besten\/","url":"https:\/\/folienkonen.de\/montage\/welche-schaefte-nimmt-man-am-besten\/","name":"Welche Sch\u00e4fte nimmt man am besten? - Perfekte Folienkonen","isPartOf":{"@id":"https:\/\/folienkonen.de\/#website"},"primaryImageOfPage":{"@id":"https:\/\/folienkonen.de\/montage\/welche-schaefte-nimmt-man-am-besten\/#primaryimage"},"image":{"@id":"https:\/\/folienkonen.de\/montage\/welche-schaefte-nimmt-man-am-besten\/#primaryimage"},"thumbnailUrl":"https:\/\/folienkonen.de\/wp-content\/uploads\/2022\/02\/Werkzeug-zum-Ablaengen.jpg","datePublished":"2022-02-16T18:36:55+00:00","dateModified":"2022-02-25T14:00:15+00:00","breadcrumb":{"@id":"https:\/\/folienkonen.de\/montage\/welche-schaefte-nimmt-man-am-besten\/#breadcrumb"},"inLanguage":"en-US","potentialAction":[{"@type":"ReadAction","target":["https:\/\/folienkonen.de\/montage\/welche-schaefte-nimmt-man-am-besten\/"]}]},{"@type":"ImageObject","inLanguage":"en-US","@id":"https:\/\/folienkonen.de\/montage\/welche-schaefte-nimmt-man-am-besten\/#primaryimage","url":"https:\/\/folienkonen.de\/wp-content\/uploads\/2022\/02\/Werkzeug-zum-Ablaengen.jpg","contentUrl":"https:\/\/folienkonen.de\/wp-content\/uploads\/2022\/02\/Werkzeug-zum-Ablaengen.jpg"},{"@type":"BreadcrumbList","@id":"https:\/\/folienkonen.de\/montage\/welche-schaefte-nimmt-man-am-besten\/#breadcrumb","itemListElement":[{"@type":"ListItem","position":1,"name":"Startseite","item":"https:\/\/folienkonen.de\/"},{"@type":"ListItem","position":2,"name":"Montage","item":"https:\/\/folienkonen.de\/montage\/"},{"@type":"ListItem","position":3,"name":"Welche Sch\u00e4fte nimmt man am besten?"}]},{"@type":"WebSite","@id":"https:\/\/folienkonen.de\/#website","url":"https:\/\/folienkonen.de\/","name":"Perfect foil cones","description":"Tips and tricks for making perfect foil cones yourself","publisher":{"@id":"https:\/\/folienkonen.de\/#\/schema\/person\/97527885b54b1ed983d3a7035ab371f5"},"potentialAction":[{"@type":"SearchAction","target":{"@type":"EntryPoint","urlTemplate":"https:\/\/folienkonen.de\/?s={search_term_string}"},"query-input":{"@type":"PropertyValueSpecification","valueRequired":true,"valueName":"search_term_string"}}],"inLanguage":"en-US"},{"@type":["Person","Organization"],"@id":"https:\/\/folienkonen.de\/#\/schema\/person\/97527885b54b1ed983d3a7035ab371f5","name":"Bernd","image":{"@type":"ImageObject","inLanguage":"en-US","@id":"https:\/\/folienkonen.de\/wp-content\/uploads\/2022\/02\/bernd.jpeg","url":"https:\/\/folienkonen.de\/wp-content\/uploads\/2022\/02\/bernd.jpeg","contentUrl":"https:\/\/folienkonen.de\/wp-content\/uploads\/2022\/02\/bernd.jpeg","width":500,"height":500,"caption":"Bernd"},"logo":{"@id":"https:\/\/folienkonen.de\/wp-content\/uploads\/2022\/02\/bernd.jpeg"},"sameAs":["https:\/\/folienkonen.de"]}]}},"_links":{"self":[{"href":"https:\/\/folienkonen.de\/en\/wp-json\/wp\/v2\/pages\/302","targetHints":{"allow":["GET"]}}],"collection":[{"href":"https:\/\/folienkonen.de\/en\/wp-json\/wp\/v2\/pages"}],"about":[{"href":"https:\/\/folienkonen.de\/en\/wp-json\/wp\/v2\/types\/page"}],"author":[{"embeddable":true,"href":"https:\/\/folienkonen.de\/en\/wp-json\/wp\/v2\/users\/1"}],"replies":[{"embeddable":true,"href":"https:\/\/folienkonen.de\/en\/wp-json\/wp\/v2\/comments?post=302"}],"version-history":[{"count":22,"href":"https:\/\/folienkonen.de\/en\/wp-json\/wp\/v2\/pages\/302\/revisions"}],"predecessor-version":[{"id":1208,"href":"https:\/\/folienkonen.de\/en\/wp-json\/wp\/v2\/pages\/302\/revisions\/1208"}],"up":[{"embeddable":true,"href":"https:\/\/folienkonen.de\/en\/wp-json\/wp\/v2\/pages\/170"}],"wp:attachment":[{"href":"https:\/\/folienkonen.de\/en\/wp-json\/wp\/v2\/media?parent=302"}],"curies":[{"name":"wp","href":"https:\/\/api.w.org\/{rel}","templated":true}]}}