{"id":319,"date":"2022-02-16T18:48:28","date_gmt":"2022-02-16T18:48:28","guid":{"rendered":"https:\/\/perfektefolienkonen.live-website.com\/?page_id=319"},"modified":"2022-02-28T16:44:44","modified_gmt":"2022-02-28T16:44:44","slug":"woran-erkenne-ich-dass-der-folienkonen-gelungen-ist","status":"publish","type":"page","link":"https:\/\/folienkonen.de\/en\/optimierungen\/woran-erkenne-ich-dass-der-folienkonen-gelungen-ist\/","title":{"rendered":"How do I know that the foil cone was successful?"},"content":{"rendered":"<div data-elementor-type=\"wp-page\" data-elementor-id=\"319\" class=\"elementor elementor-319\">\n\t\t\t\t\t\t<section class=\"elementor-section elementor-top-section elementor-element elementor-element-10fee57 elementor-section-boxed elementor-section-height-default elementor-section-height-default\" data-id=\"10fee57\" data-element_type=\"section\" data-e-type=\"section\">\n\t\t\t\t\t\t<div class=\"elementor-container elementor-column-gap-default\">\n\t\t\t\t\t<div class=\"elementor-column elementor-col-100 elementor-top-column elementor-element elementor-element-254df1a\" data-id=\"254df1a\" data-element_type=\"column\" data-e-type=\"column\">\n\t\t\t<div class=\"elementor-widget-wrap elementor-element-populated\">\n\t\t\t\t\t\t<div class=\"elementor-element elementor-element-d42efbc elementor-widget elementor-widget-text-editor\" data-id=\"d42efbc\" data-element_type=\"widget\" data-e-type=\"widget\" data-widget_type=\"text-editor.default\">\n\t\t\t\t<div class=\"elementor-widget-container\">\n\t\t\t\t\t\t\t\t\t<p>A successful foil cone is easy to recognize. It is even and round in shape. It has no air pockets in the different layers. It is well colored so that you can see it well at longer distances. In addition, it is not cut too short or too far at the top. Too tight means the shaft doesn&#039;t slide through easily. In this way, the foil cone cannot be well centered when the lower silicone hose is pushed up to fix it. If the foil cone is cut too far, the hole will be too big to give it enough support when it is fixed.<br>After the foil cone has been fixed, the finished arrow should be rotated in the hand. The film cone should not be unbalanced. Any imbalance has a negative impact on the flight characteristics.<\/p>\t\t\t\t\t\t\t\t<\/div>\n\t\t\t\t<\/div>\n\t\t\t\t<div class=\"elementor-element elementor-element-b383a80 elementor-widget elementor-widget-wptd_video_popup\" data-id=\"b383a80\" data-element_type=\"widget\" data-e-type=\"widget\" data-widget_type=\"wptd_video_popup.default\">\n\t\t\t\t\r\n\t\t<div class=\"elementor-widget-container wptd-video-popup-wrapper\">\r\n\t\t\r\n\t\t\t\t\t\t<span class=\"wptd-video-popup-inline-css\" data-css=\"&quot;.wptd-video-popup-b383a80 .mfp-iframe-holder .mfp-content { max-width: 900px; }&quot;\"><\/span>\r\n\t\t\t\t\t\t<div class=\"wptd-video-popup-button-wrapper\">\r\n\t\t\t\t\t<a class=\"elementor-button wptd-video-popup-button elementor-size-sm wptd-video-popup-trigger\" href=\"https:\/\/folienkonen.de\/wp-content\/uploads\/2022\/02\/keine-unwucht.mp4\">\r\n\t\t\t\t\t\t\t\t<span class=\"wptd-video-popup-button-content-wrapper\">\r\n\t\t\t\t\t\t<span class=\"wptd-video-popup-button-icon wptd-video-popup-align-icon-left\">\r\n\t\t\t\t<i aria-hidden=\"true\" class=\"fas fa-video\"><\/i>\t\t\t<\/span>\r\n\t\t\t\t\t\t<span class=\"wptd-video-popup-button-text\">Video<\/span>\r\n\t\t<\/span>\r\n\t\t\t\t\t\t\t<\/a>\r\n\t\t\t\t<\/div>\r\n\t\t\t\t\t\t\t\r\n\t\t<\/div>\r\n\t\t\t\t<\/div>\n\t\t\t\t\t<\/div>\n\t\t<\/div>\n\t\t\t\t\t<\/div>\n\t\t<\/section>\n\t\t\t\t<section class=\"elementor-section elementor-top-section elementor-element elementor-element-c04abb6 elementor-section-boxed elementor-section-height-default elementor-section-height-default\" data-id=\"c04abb6\" data-element_type=\"section\" data-e-type=\"section\">\n\t\t\t\t\t\t<div class=\"elementor-container elementor-column-gap-default\">\n\t\t\t\t\t<div class=\"elementor-column elementor-col-50 elementor-top-column elementor-element elementor-element-2962e5e\" data-id=\"2962e5e\" data-element_type=\"column\" data-e-type=\"column\">\n\t\t\t<div class=\"elementor-widget-wrap elementor-element-populated\">\n\t\t\t\t\t\t<div class=\"elementor-element elementor-element-9edd2c1 elementor-widget elementor-widget-image\" data-id=\"9edd2c1\" data-element_type=\"widget\" data-e-type=\"widget\" data-widget_type=\"image.default\">\n\t\t\t\t<div class=\"elementor-widget-container\">\n\t\t\t\t\t\t\t\t\t\t\t\t<figure class=\"wp-caption\">\n\t\t\t\t\t\t\t\t\t\t\t<a href=\"https:\/\/folienkonen.de\/wp-content\/uploads\/2022\/02\/gleichmaessige-Form.jpg\" data-elementor-open-lightbox=\"yes\" data-elementor-lightbox-title=\"gleichm\u00e4\u00dfige Form\" data-e-action-hash=\"#elementor-action%3Aaction%3Dlightbox%26settings%3DeyJpZCI6MTE0NywidXJsIjoiaHR0cHM6XC9cL2ZvbGllbmtvbmVuLmRlXC93cC1jb250ZW50XC91cGxvYWRzXC8yMDIyXC8wMlwvZ2xlaWNobWFlc3NpZ2UtRm9ybS5qcGcifQ%3D%3D\">\n\t\t\t\t\t\t\t<img decoding=\"async\" src=\"https:\/\/folienkonen.de\/wp-content\/uploads\/elementor\/thumbs\/gleichmaessige-Form-pl1821lvzv292t22vdgrko4xckxukym1m1dtmhi114.jpg\" title=\"uniform shape\" alt=\"gleichm\u00e4\u00dfige Form\" loading=\"lazy\" \/>\t\t\t\t\t\t\t\t<\/a>\n\t\t\t\t\t\t\t\t\t\t\t<figcaption class=\"widget-image-caption wp-caption-text\">Uniform shape<\/figcaption>\n\t\t\t\t\t\t\t\t\t\t<\/figure>\n\t\t\t\t\t\t\t\t\t<\/div>\n\t\t\t\t<\/div>\n\t\t\t\t\t<\/div>\n\t\t<\/div>\n\t\t\t\t<div class=\"elementor-column elementor-col-50 elementor-top-column elementor-element elementor-element-3a9e05a\" data-id=\"3a9e05a\" data-element_type=\"column\" data-e-type=\"column\">\n\t\t\t<div class=\"elementor-widget-wrap elementor-element-populated\">\n\t\t\t\t\t\t<div class=\"elementor-element elementor-element-dbc61a0 elementor-widget elementor-widget-image\" data-id=\"dbc61a0\" data-element_type=\"widget\" data-e-type=\"widget\" data-widget_type=\"image.default\">\n\t\t\t\t<div class=\"elementor-widget-container\">\n\t\t\t\t\t\t\t\t\t\t\t\t<figure class=\"wp-caption\">\n\t\t\t\t\t\t\t\t\t\t\t<a href=\"https:\/\/folienkonen.de\/wp-content\/uploads\/2022\/02\/keine-Lufteinschluesse.jpg\" data-elementor-open-lightbox=\"yes\" data-elementor-lightbox-title=\"keine Lufteinschl\u00fcsse\" data-e-action-hash=\"#elementor-action%3Aaction%3Dlightbox%26settings%3DeyJpZCI6MTE1NCwidXJsIjoiaHR0cHM6XC9cL2ZvbGllbmtvbmVuLmRlXC93cC1jb250ZW50XC91cGxvYWRzXC8yMDIyXC8wMlwva2VpbmUtTHVmdGVpbnNjaGx1ZXNzZS5qcGcifQ%3D%3D\">\n\t\t\t\t\t\t\t<img decoding=\"async\" src=\"https:\/\/folienkonen.de\/wp-content\/uploads\/elementor\/thumbs\/keine-Lufteinschluesse-pl18ckeui3gt1nruff7ezijoqv2rqzdve4ai0zwddk.jpg\" title=\"no air pockets\" alt=\"keine Lufteinschl\u00fcsse\" loading=\"lazy\" \/>\t\t\t\t\t\t\t\t<\/a>\n\t\t\t\t\t\t\t\t\t\t\t<figcaption class=\"widget-image-caption wp-caption-text\">no air pockets<\/figcaption>\n\t\t\t\t\t\t\t\t\t\t<\/figure>\n\t\t\t\t\t\t\t\t\t<\/div>\n\t\t\t\t<\/div>\n\t\t\t\t\t<\/div>\n\t\t<\/div>\n\t\t\t\t\t<\/div>\n\t\t<\/section>\n\t\t\t\t<section class=\"elementor-section elementor-top-section elementor-element elementor-element-9508e23 elementor-section-boxed elementor-section-height-default elementor-section-height-default\" data-id=\"9508e23\" data-element_type=\"section\" data-e-type=\"section\">\n\t\t\t\t\t\t<div class=\"elementor-container elementor-column-gap-default\">\n\t\t\t\t\t<div class=\"elementor-column elementor-col-50 elementor-top-column elementor-element elementor-element-b3a9df5\" data-id=\"b3a9df5\" data-element_type=\"column\" data-e-type=\"column\">\n\t\t\t<div class=\"elementor-widget-wrap elementor-element-populated\">\n\t\t\t\t\t\t<div class=\"elementor-element elementor-element-b4d3912 elementor-widget elementor-widget-image\" data-id=\"b4d3912\" data-element_type=\"widget\" data-e-type=\"widget\" data-widget_type=\"image.default\">\n\t\t\t\t<div class=\"elementor-widget-container\">\n\t\t\t\t\t\t\t\t\t\t\t\t<figure class=\"wp-caption\">\n\t\t\t\t\t\t\t\t\t\t\t<a href=\"https:\/\/folienkonen.de\/wp-content\/uploads\/2022\/02\/voll-durchgefaerbt.jpg\" data-elementor-open-lightbox=\"yes\" data-elementor-lightbox-title=\"voll durchgef\u00e4rbt\" data-e-action-hash=\"#elementor-action%3Aaction%3Dlightbox%26settings%3DeyJpZCI6MTE1OSwidXJsIjoiaHR0cHM6XC9cL2ZvbGllbmtvbmVuLmRlXC93cC1jb250ZW50XC91cGxvYWRzXC8yMDIyXC8wMlwvdm9sbC1kdXJjaGdlZmFlcmJ0LmpwZyJ9\">\n\t\t\t\t\t\t\t<img decoding=\"async\" src=\"https:\/\/folienkonen.de\/wp-content\/uploads\/elementor\/thumbs\/voll-durchgefaerbt-pl18iq8razwh5mtmg33dbykgxspe7juiwm93aargl4.jpg\" title=\"fully colored\" alt=\"voll durchgef\u00e4rbt\" loading=\"lazy\" \/>\t\t\t\t\t\t\t\t<\/a>\n\t\t\t\t\t\t\t\t\t\t\t<figcaption class=\"widget-image-caption wp-caption-text\">Fully dyed<\/figcaption>\n\t\t\t\t\t\t\t\t\t\t<\/figure>\n\t\t\t\t\t\t\t\t\t<\/div>\n\t\t\t\t<\/div>\n\t\t\t\t\t<\/div>\n\t\t<\/div>\n\t\t\t\t<div class=\"elementor-column elementor-col-50 elementor-top-column elementor-element elementor-element-7b36c6f\" data-id=\"7b36c6f\" data-element_type=\"column\" data-e-type=\"column\">\n\t\t\t<div class=\"elementor-widget-wrap elementor-element-populated\">\n\t\t\t\t\t\t<div class=\"elementor-element elementor-element-ab2490c elementor-widget elementor-widget-image\" data-id=\"ab2490c\" data-element_type=\"widget\" data-e-type=\"widget\" data-widget_type=\"image.default\">\n\t\t\t\t<div class=\"elementor-widget-container\">\n\t\t\t\t\t\t\t\t\t\t\t\t<figure class=\"wp-caption\">\n\t\t\t\t\t\t\t\t\t\t\t<a href=\"https:\/\/folienkonen.de\/wp-content\/uploads\/2022\/02\/keine-Unwucht.jpg\" data-elementor-open-lightbox=\"yes\" data-elementor-lightbox-title=\"keine Unwucht\" data-e-action-hash=\"#elementor-action%3Aaction%3Dlightbox%26settings%3DeyJpZCI6MTE1OCwidXJsIjoiaHR0cHM6XC9cL2ZvbGllbmtvbmVuLmRlXC93cC1jb250ZW50XC91cGxvYWRzXC8yMDIyXC8wMlwva2VpbmUtVW53dWNodC5qcGcifQ%3D%3D\">\n\t\t\t\t\t\t\t<img decoding=\"async\" src=\"https:\/\/folienkonen.de\/wp-content\/uploads\/elementor\/thumbs\/keine-Unwucht-pl18i0v46gxqg5uhka4fymz0we6hfq1rt4mzbtt394.jpg\" title=\"no imbalance\" alt=\"keine Unwucht\" loading=\"lazy\" \/>\t\t\t\t\t\t\t\t<\/a>\n\t\t\t\t\t\t\t\t\t\t\t<figcaption class=\"widget-image-caption wp-caption-text\">no imbalance<\/figcaption>\n\t\t\t\t\t\t\t\t\t\t<\/figure>\n\t\t\t\t\t\t\t\t\t<\/div>\n\t\t\t\t<\/div>\n\t\t\t\t\t<\/div>\n\t\t<\/div>\n\t\t\t\t\t<\/div>\n\t\t<\/section>\n\t\t\t\t<\/div>","protected":false},"excerpt":{"rendered":"<p>Ein gelungener Folienkonus ist leicht zu erkennen. Er ist von der Form gleichm\u00e4\u00dfig und rund. Er hat keine Lufteinschl\u00fcsse in den unterschiedlichen Lagen. Er ist gut durchgef\u00e4rbt, damit man ihn auf weitere Distanzen gut erkennen kann. Zudem ist er an der Spitze weder zu knapp oder zu weit abgeschnitten. Zu knapp bedeutet, dass der Schaft [&hellip;]<\/p>\n","protected":false},"author":1,"featured_media":0,"parent":171,"menu_order":2,"comment_status":"closed","ping_status":"closed","template":"","meta":{"ocean_post_layout":"","ocean_both_sidebars_style":"","ocean_both_sidebars_content_width":0,"ocean_both_sidebars_sidebars_width":0,"ocean_sidebar":"0","ocean_second_sidebar":"0","ocean_disable_margins":"enable","ocean_add_body_class":"","ocean_shortcode_before_top_bar":"","ocean_shortcode_after_top_bar":"","ocean_shortcode_before_header":"","ocean_shortcode_after_header":"","ocean_has_shortcode":"","ocean_shortcode_after_title":"","ocean_shortcode_before_footer_widgets":"","ocean_shortcode_after_footer_widgets":"","ocean_shortcode_before_footer_bottom":"","ocean_shortcode_after_footer_bottom":"","ocean_display_top_bar":"default","ocean_display_header":"default","ocean_header_style":"","ocean_center_header_left_menu":"0","ocean_custom_header_template":"0","ocean_custom_logo":0,"ocean_custom_retina_logo":0,"ocean_custom_logo_max_width":0,"ocean_custom_logo_tablet_max_width":0,"ocean_custom_logo_mobile_max_width":0,"ocean_custom_logo_max_height":0,"ocean_custom_logo_tablet_max_height":0,"ocean_custom_logo_mobile_max_height":0,"ocean_header_custom_menu":"0","ocean_menu_typo_font_family":"0","ocean_menu_typo_font_subset":"","ocean_menu_typo_font_size":0,"ocean_menu_typo_font_size_tablet":0,"ocean_menu_typo_font_size_mobile":0,"ocean_menu_typo_font_size_unit":"px","ocean_menu_typo_font_weight":"","ocean_menu_typo_font_weight_tablet":"","ocean_menu_typo_font_weight_mobile":"","ocean_menu_typo_transform":"","ocean_menu_typo_transform_tablet":"","ocean_menu_typo_transform_mobile":"","ocean_menu_typo_line_height":0,"ocean_menu_typo_line_height_tablet":0,"ocean_menu_typo_line_height_mobile":0,"ocean_menu_typo_line_height_unit":"","ocean_menu_typo_spacing":0,"ocean_menu_typo_spacing_tablet":0,"ocean_menu_typo_spacing_mobile":0,"ocean_menu_typo_spacing_unit":"","ocean_menu_link_color":"","ocean_menu_link_color_hover":"","ocean_menu_link_color_active":"","ocean_menu_link_background":"","ocean_menu_link_hover_background":"","ocean_menu_link_active_background":"","ocean_menu_social_links_bg":"","ocean_menu_social_hover_links_bg":"","ocean_menu_social_links_color":"","ocean_menu_social_hover_links_color":"","ocean_disable_title":"default","ocean_disable_heading":"default","ocean_post_title":"","ocean_post_subheading":"","ocean_post_title_style":"","ocean_post_title_background_color":"","ocean_post_title_background":0,"ocean_post_title_bg_image_position":"","ocean_post_title_bg_image_attachment":"","ocean_post_title_bg_image_repeat":"","ocean_post_title_bg_image_size":"","ocean_post_title_height":0,"ocean_post_title_bg_overlay":0.5,"ocean_post_title_bg_overlay_color":"","ocean_disable_breadcrumbs":"default","ocean_breadcrumbs_color":"","ocean_breadcrumbs_separator_color":"","ocean_breadcrumbs_links_color":"","ocean_breadcrumbs_links_hover_color":"","ocean_display_footer_widgets":"default","ocean_display_footer_bottom":"default","ocean_custom_footer_template":"0","footnotes":""},"class_list":["post-319","page","type-page","status-publish","hentry","entry"],"yoast_head":"<!-- This site is optimized with the Yoast SEO plugin v27.3 - https:\/\/yoast.com\/product\/yoast-seo-wordpress\/ -->\n<title>Woran erkenne ich, dass der Folienkonus gelungen ist? - Perfekte Folienkonen<\/title>\n<meta name=\"robots\" content=\"index, follow, max-snippet:-1, max-image-preview:large, max-video-preview:-1\" \/>\n<link rel=\"canonical\" href=\"https:\/\/folienkonen.de\/en\/optimierungen\/woran-erkenne-ich-dass-der-folienkonen-gelungen-ist\/\" \/>\n<meta property=\"og:locale\" content=\"en_US\" \/>\n<meta property=\"og:type\" content=\"article\" \/>\n<meta property=\"og:title\" content=\"Woran erkenne ich, dass der Folienkonus gelungen ist? - Perfekte Folienkonen\" \/>\n<meta property=\"og:description\" content=\"Ein gelungener Folienkonus ist leicht zu erkennen. Er ist von der Form gleichm\u00e4\u00dfig und rund. Er hat keine Lufteinschl\u00fcsse in den unterschiedlichen Lagen. Er ist gut durchgef\u00e4rbt, damit man ihn auf weitere Distanzen gut erkennen kann. Zudem ist er an der Spitze weder zu knapp oder zu weit abgeschnitten. Zu knapp bedeutet, dass der Schaft [&hellip;]\" \/>\n<meta property=\"og:url\" content=\"https:\/\/folienkonen.de\/en\/optimierungen\/woran-erkenne-ich-dass-der-folienkonen-gelungen-ist\/\" \/>\n<meta property=\"og:site_name\" content=\"Perfekte Folienkonen\" \/>\n<meta property=\"article:modified_time\" content=\"2022-02-28T16:44:44+00:00\" \/>\n<meta property=\"og:image\" content=\"https:\/\/folienkonen.de\/wp-content\/uploads\/elementor\/thumbs\/gleichmaessige-Form-pl1821lvzv292t22vdgrko4xckxukym1m1dtmhi114.jpg\" \/>\n<meta name=\"twitter:card\" content=\"summary_large_image\" \/>\n<meta name=\"twitter:label1\" content=\"Est. reading time\" \/>\n\t<meta name=\"twitter:data1\" content=\"2 minutes\" \/>\n<script type=\"application\/ld+json\" class=\"yoast-schema-graph\">{\"@context\":\"https:\\\/\\\/schema.org\",\"@graph\":[{\"@type\":\"WebPage\",\"@id\":\"https:\\\/\\\/folienkonen.de\\\/optimierungen\\\/woran-erkenne-ich-dass-der-folienkonen-gelungen-ist\\\/\",\"url\":\"https:\\\/\\\/folienkonen.de\\\/optimierungen\\\/woran-erkenne-ich-dass-der-folienkonen-gelungen-ist\\\/\",\"name\":\"Woran erkenne ich, dass der Folienkonus gelungen ist? - Perfekte Folienkonen\",\"isPartOf\":{\"@id\":\"https:\\\/\\\/folienkonen.de\\\/#website\"},\"primaryImageOfPage\":{\"@id\":\"https:\\\/\\\/folienkonen.de\\\/optimierungen\\\/woran-erkenne-ich-dass-der-folienkonen-gelungen-ist\\\/#primaryimage\"},\"image\":{\"@id\":\"https:\\\/\\\/folienkonen.de\\\/optimierungen\\\/woran-erkenne-ich-dass-der-folienkonen-gelungen-ist\\\/#primaryimage\"},\"thumbnailUrl\":\"https:\\\/\\\/folienkonen.de\\\/wp-content\\\/uploads\\\/elementor\\\/thumbs\\\/gleichmaessige-Form-pl1821lvzv292t22vdgrko4xckxukym1m1dtmhi114.jpg\",\"datePublished\":\"2022-02-16T18:48:28+00:00\",\"dateModified\":\"2022-02-28T16:44:44+00:00\",\"breadcrumb\":{\"@id\":\"https:\\\/\\\/folienkonen.de\\\/optimierungen\\\/woran-erkenne-ich-dass-der-folienkonen-gelungen-ist\\\/#breadcrumb\"},\"inLanguage\":\"en-US\",\"potentialAction\":[{\"@type\":\"ReadAction\",\"target\":[\"https:\\\/\\\/folienkonen.de\\\/optimierungen\\\/woran-erkenne-ich-dass-der-folienkonen-gelungen-ist\\\/\"]}]},{\"@type\":\"ImageObject\",\"inLanguage\":\"en-US\",\"@id\":\"https:\\\/\\\/folienkonen.de\\\/optimierungen\\\/woran-erkenne-ich-dass-der-folienkonen-gelungen-ist\\\/#primaryimage\",\"url\":\"https:\\\/\\\/folienkonen.de\\\/wp-content\\\/uploads\\\/elementor\\\/thumbs\\\/gleichmaessige-Form-pl1821lvzv292t22vdgrko4xckxukym1m1dtmhi114.jpg\",\"contentUrl\":\"https:\\\/\\\/folienkonen.de\\\/wp-content\\\/uploads\\\/elementor\\\/thumbs\\\/gleichmaessige-Form-pl1821lvzv292t22vdgrko4xckxukym1m1dtmhi114.jpg\"},{\"@type\":\"BreadcrumbList\",\"@id\":\"https:\\\/\\\/folienkonen.de\\\/optimierungen\\\/woran-erkenne-ich-dass-der-folienkonen-gelungen-ist\\\/#breadcrumb\",\"itemListElement\":[{\"@type\":\"ListItem\",\"position\":1,\"name\":\"Startseite\",\"item\":\"https:\\\/\\\/folienkonen.de\\\/\"},{\"@type\":\"ListItem\",\"position\":2,\"name\":\"Optimierungen\",\"item\":\"https:\\\/\\\/folienkonen.de\\\/optimierungen\\\/\"},{\"@type\":\"ListItem\",\"position\":3,\"name\":\"Woran erkenne ich, dass der Folienkonus gelungen ist?\"}]},{\"@type\":\"WebSite\",\"@id\":\"https:\\\/\\\/folienkonen.de\\\/#website\",\"url\":\"https:\\\/\\\/folienkonen.de\\\/\",\"name\":\"Perfekte Folienkonen\",\"description\":\"Tipps und Tricks perfekte Folienkonen selbst herzustellen\",\"publisher\":{\"@id\":\"https:\\\/\\\/folienkonen.de\\\/#\\\/schema\\\/person\\\/97527885b54b1ed983d3a7035ab371f5\"},\"potentialAction\":[{\"@type\":\"SearchAction\",\"target\":{\"@type\":\"EntryPoint\",\"urlTemplate\":\"https:\\\/\\\/folienkonen.de\\\/?s={search_term_string}\"},\"query-input\":{\"@type\":\"PropertyValueSpecification\",\"valueRequired\":true,\"valueName\":\"search_term_string\"}}],\"inLanguage\":\"en-US\"},{\"@type\":[\"Person\",\"Organization\"],\"@id\":\"https:\\\/\\\/folienkonen.de\\\/#\\\/schema\\\/person\\\/97527885b54b1ed983d3a7035ab371f5\",\"name\":\"Bernd\",\"image\":{\"@type\":\"ImageObject\",\"inLanguage\":\"en-US\",\"@id\":\"https:\\\/\\\/folienkonen.de\\\/wp-content\\\/uploads\\\/2022\\\/02\\\/bernd.jpeg\",\"url\":\"https:\\\/\\\/folienkonen.de\\\/wp-content\\\/uploads\\\/2022\\\/02\\\/bernd.jpeg\",\"contentUrl\":\"https:\\\/\\\/folienkonen.de\\\/wp-content\\\/uploads\\\/2022\\\/02\\\/bernd.jpeg\",\"width\":500,\"height\":500,\"caption\":\"Bernd\"},\"logo\":{\"@id\":\"https:\\\/\\\/folienkonen.de\\\/wp-content\\\/uploads\\\/2022\\\/02\\\/bernd.jpeg\"},\"sameAs\":[\"https:\\\/\\\/folienkonen.de\"]}]}<\/script>\n<!-- \/ Yoast SEO plugin. -->","yoast_head_json":{"title":"Woran erkenne ich, dass der Folienkonus gelungen ist? - Perfekte Folienkonen","robots":{"index":"index","follow":"follow","max-snippet":"max-snippet:-1","max-image-preview":"max-image-preview:large","max-video-preview":"max-video-preview:-1"},"canonical":"https:\/\/folienkonen.de\/en\/optimierungen\/woran-erkenne-ich-dass-der-folienkonen-gelungen-ist\/","og_locale":"en_US","og_type":"article","og_title":"Woran erkenne ich, dass der Folienkonus gelungen ist? - Perfekte Folienkonen","og_description":"Ein gelungener Folienkonus ist leicht zu erkennen. Er ist von der Form gleichm\u00e4\u00dfig und rund. Er hat keine Lufteinschl\u00fcsse in den unterschiedlichen Lagen. Er ist gut durchgef\u00e4rbt, damit man ihn auf weitere Distanzen gut erkennen kann. Zudem ist er an der Spitze weder zu knapp oder zu weit abgeschnitten. Zu knapp bedeutet, dass der Schaft [&hellip;]","og_url":"https:\/\/folienkonen.de\/en\/optimierungen\/woran-erkenne-ich-dass-der-folienkonen-gelungen-ist\/","og_site_name":"Perfekte Folienkonen","article_modified_time":"2022-02-28T16:44:44+00:00","og_image":[{"url":"https:\/\/folienkonen.de\/wp-content\/uploads\/elementor\/thumbs\/gleichmaessige-Form-pl1821lvzv292t22vdgrko4xckxukym1m1dtmhi114.jpg","type":"","width":"","height":""}],"twitter_card":"summary_large_image","twitter_misc":{"Est. reading time":"2 minutes"},"schema":{"@context":"https:\/\/schema.org","@graph":[{"@type":"WebPage","@id":"https:\/\/folienkonen.de\/optimierungen\/woran-erkenne-ich-dass-der-folienkonen-gelungen-ist\/","url":"https:\/\/folienkonen.de\/optimierungen\/woran-erkenne-ich-dass-der-folienkonen-gelungen-ist\/","name":"Woran erkenne ich, dass der Folienkonus gelungen ist? - Perfekte Folienkonen","isPartOf":{"@id":"https:\/\/folienkonen.de\/#website"},"primaryImageOfPage":{"@id":"https:\/\/folienkonen.de\/optimierungen\/woran-erkenne-ich-dass-der-folienkonen-gelungen-ist\/#primaryimage"},"image":{"@id":"https:\/\/folienkonen.de\/optimierungen\/woran-erkenne-ich-dass-der-folienkonen-gelungen-ist\/#primaryimage"},"thumbnailUrl":"https:\/\/folienkonen.de\/wp-content\/uploads\/elementor\/thumbs\/gleichmaessige-Form-pl1821lvzv292t22vdgrko4xckxukym1m1dtmhi114.jpg","datePublished":"2022-02-16T18:48:28+00:00","dateModified":"2022-02-28T16:44:44+00:00","breadcrumb":{"@id":"https:\/\/folienkonen.de\/optimierungen\/woran-erkenne-ich-dass-der-folienkonen-gelungen-ist\/#breadcrumb"},"inLanguage":"en-US","potentialAction":[{"@type":"ReadAction","target":["https:\/\/folienkonen.de\/optimierungen\/woran-erkenne-ich-dass-der-folienkonen-gelungen-ist\/"]}]},{"@type":"ImageObject","inLanguage":"en-US","@id":"https:\/\/folienkonen.de\/optimierungen\/woran-erkenne-ich-dass-der-folienkonen-gelungen-ist\/#primaryimage","url":"https:\/\/folienkonen.de\/wp-content\/uploads\/elementor\/thumbs\/gleichmaessige-Form-pl1821lvzv292t22vdgrko4xckxukym1m1dtmhi114.jpg","contentUrl":"https:\/\/folienkonen.de\/wp-content\/uploads\/elementor\/thumbs\/gleichmaessige-Form-pl1821lvzv292t22vdgrko4xckxukym1m1dtmhi114.jpg"},{"@type":"BreadcrumbList","@id":"https:\/\/folienkonen.de\/optimierungen\/woran-erkenne-ich-dass-der-folienkonen-gelungen-ist\/#breadcrumb","itemListElement":[{"@type":"ListItem","position":1,"name":"Startseite","item":"https:\/\/folienkonen.de\/"},{"@type":"ListItem","position":2,"name":"Optimierungen","item":"https:\/\/folienkonen.de\/optimierungen\/"},{"@type":"ListItem","position":3,"name":"Woran erkenne ich, dass der Folienkonus gelungen ist?"}]},{"@type":"WebSite","@id":"https:\/\/folienkonen.de\/#website","url":"https:\/\/folienkonen.de\/","name":"Perfect foil cones","description":"Tips and tricks for making perfect foil cones yourself","publisher":{"@id":"https:\/\/folienkonen.de\/#\/schema\/person\/97527885b54b1ed983d3a7035ab371f5"},"potentialAction":[{"@type":"SearchAction","target":{"@type":"EntryPoint","urlTemplate":"https:\/\/folienkonen.de\/?s={search_term_string}"},"query-input":{"@type":"PropertyValueSpecification","valueRequired":true,"valueName":"search_term_string"}}],"inLanguage":"en-US"},{"@type":["Person","Organization"],"@id":"https:\/\/folienkonen.de\/#\/schema\/person\/97527885b54b1ed983d3a7035ab371f5","name":"Bernd","image":{"@type":"ImageObject","inLanguage":"en-US","@id":"https:\/\/folienkonen.de\/wp-content\/uploads\/2022\/02\/bernd.jpeg","url":"https:\/\/folienkonen.de\/wp-content\/uploads\/2022\/02\/bernd.jpeg","contentUrl":"https:\/\/folienkonen.de\/wp-content\/uploads\/2022\/02\/bernd.jpeg","width":500,"height":500,"caption":"Bernd"},"logo":{"@id":"https:\/\/folienkonen.de\/wp-content\/uploads\/2022\/02\/bernd.jpeg"},"sameAs":["https:\/\/folienkonen.de"]}]}},"_links":{"self":[{"href":"https:\/\/folienkonen.de\/en\/wp-json\/wp\/v2\/pages\/319","targetHints":{"allow":["GET"]}}],"collection":[{"href":"https:\/\/folienkonen.de\/en\/wp-json\/wp\/v2\/pages"}],"about":[{"href":"https:\/\/folienkonen.de\/en\/wp-json\/wp\/v2\/types\/page"}],"author":[{"embeddable":true,"href":"https:\/\/folienkonen.de\/en\/wp-json\/wp\/v2\/users\/1"}],"replies":[{"embeddable":true,"href":"https:\/\/folienkonen.de\/en\/wp-json\/wp\/v2\/comments?post=319"}],"version-history":[{"count":26,"href":"https:\/\/folienkonen.de\/en\/wp-json\/wp\/v2\/pages\/319\/revisions"}],"predecessor-version":[{"id":1322,"href":"https:\/\/folienkonen.de\/en\/wp-json\/wp\/v2\/pages\/319\/revisions\/1322"}],"up":[{"embeddable":true,"href":"https:\/\/folienkonen.de\/en\/wp-json\/wp\/v2\/pages\/171"}],"wp:attachment":[{"href":"https:\/\/folienkonen.de\/en\/wp-json\/wp\/v2\/media?parent=319"}],"curies":[{"name":"wp","href":"https:\/\/api.w.org\/{rel}","templated":true}]}}