{"id":324,"date":"2022-02-16T18:49:23","date_gmt":"2022-02-16T18:49:23","guid":{"rendered":"https:\/\/perfektefolienkonen.live-website.com\/?page_id=324"},"modified":"2022-03-29T17:00:04","modified_gmt":"2022-03-29T17:00:04","slug":"wie-kann-ich-die-flugeigenschaften-verbessern","status":"publish","type":"page","link":"https:\/\/folienkonen.de\/en\/optimierungen\/wie-kann-ich-die-flugeigenschaften-verbessern\/","title":{"rendered":"How can I improve the flight characteristics?"},"content":{"rendered":"<div data-elementor-type=\"wp-page\" data-elementor-id=\"324\" class=\"elementor elementor-324\">\n\t\t\t\t\t\t<section class=\"elementor-section elementor-top-section elementor-element elementor-element-f60d441 elementor-section-boxed elementor-section-height-default elementor-section-height-default\" data-id=\"f60d441\" data-element_type=\"section\" data-e-type=\"section\">\n\t\t\t\t\t\t<div class=\"elementor-container elementor-column-gap-default\">\n\t\t\t\t\t<div class=\"elementor-column elementor-col-100 elementor-top-column elementor-element elementor-element-2325463\" data-id=\"2325463\" data-element_type=\"column\" data-e-type=\"column\">\n\t\t\t<div class=\"elementor-widget-wrap elementor-element-populated\">\n\t\t\t\t\t\t<div class=\"elementor-element elementor-element-23603be elementor-widget elementor-widget-text-editor\" data-id=\"23603be\" data-element_type=\"widget\" data-e-type=\"widget\" data-widget_type=\"text-editor.default\">\n\t\t\t\t<div class=\"elementor-widget-container\">\n\t\t\t\t\t\t\t\t\t<p>It can always happen that an arrow shows an unusual flight behavior. A typical behavior is when the arrow makes unnaturally large changes in direction. Another indication is when the arrow rotates in flight and does not fly evenly. Any type of irregularity should be investigated.<\/p><p>Basically, I was able to determine three reasons for deviating flight behavior.<\/p>\t\t\t\t\t\t\t\t<\/div>\n\t\t\t\t<\/div>\n\t\t\t\t\t<\/div>\n\t\t<\/div>\n\t\t\t\t\t<\/div>\n\t\t<\/section>\n\t\t\t\t<section class=\"elementor-section elementor-top-section elementor-element elementor-element-eee7004 elementor-section-boxed elementor-section-height-default elementor-section-height-default\" data-id=\"eee7004\" data-element_type=\"section\" data-e-type=\"section\">\n\t\t\t\t\t\t<div class=\"elementor-container elementor-column-gap-default\">\n\t\t\t\t\t<div class=\"elementor-column elementor-col-33 elementor-top-column elementor-element elementor-element-3e50f6b\" data-id=\"3e50f6b\" data-element_type=\"column\" data-e-type=\"column\">\n\t\t\t<div class=\"elementor-widget-wrap elementor-element-populated\">\n\t\t\t\t\t\t<div class=\"elementor-element elementor-element-d420bb5 elementor-widget elementor-widget-image\" data-id=\"d420bb5\" data-element_type=\"widget\" data-e-type=\"widget\" data-widget_type=\"image.default\">\n\t\t\t\t<div class=\"elementor-widget-container\">\n\t\t\t\t\t\t\t\t\t\t\t\t<figure class=\"wp-caption\">\n\t\t\t\t\t\t\t\t\t\t\t<a href=\"https:\/\/folienkonen.de\/wp-content\/uploads\/2022\/02\/Unwucht-1.jpg\" data-elementor-open-lightbox=\"yes\" data-elementor-lightbox-title=\"Unwucht\" data-e-action-hash=\"#elementor-action%3Aaction%3Dlightbox%26settings%3DeyJpZCI6MTA0OCwidXJsIjoiaHR0cHM6XC9cL2ZvbGllbmtvbmVuLmRlXC93cC1jb250ZW50XC91cGxvYWRzXC8yMDIyXC8wMlwvVW53dWNodC0xLmpwZyJ9\">\n\t\t\t\t\t\t\t<img decoding=\"async\" src=\"https:\/\/folienkonen.de\/wp-content\/uploads\/elementor\/thumbs\/Unwucht-1-pkzi28jau5vwlwvs25v6tcxow38hcthofm77hsmgu0.jpg\" title=\"imbalance\" alt=\"Unwucht\" loading=\"lazy\" \/>\t\t\t\t\t\t\t\t<\/a>\n\t\t\t\t\t\t\t\t\t\t\t<figcaption class=\"widget-image-caption wp-caption-text\">Foil cone imbalance<\/figcaption>\n\t\t\t\t\t\t\t\t\t\t<\/figure>\n\t\t\t\t\t\t\t\t\t<\/div>\n\t\t\t\t<\/div>\n\t\t\t\t<div class=\"elementor-element elementor-element-63a8230 elementor-widget elementor-widget-text-editor\" data-id=\"63a8230\" data-element_type=\"widget\" data-e-type=\"widget\" data-widget_type=\"text-editor.default\">\n\t\t\t\t<div class=\"elementor-widget-container\">\n\t\t\t\t\t\t\t\t\t<p>This can be remedied by pulling the foil cone upwards at the point where the imbalance exists.<\/p>\t\t\t\t\t\t\t\t<\/div>\n\t\t\t\t<\/div>\n\t\t\t\t\t<\/div>\n\t\t<\/div>\n\t\t\t\t<div class=\"elementor-column elementor-col-33 elementor-top-column elementor-element elementor-element-8d658ab\" data-id=\"8d658ab\" data-element_type=\"column\" data-e-type=\"column\">\n\t\t\t<div class=\"elementor-widget-wrap elementor-element-populated\">\n\t\t\t\t\t\t<div class=\"elementor-element elementor-element-7551453 elementor-widget elementor-widget-image\" data-id=\"7551453\" data-element_type=\"widget\" data-e-type=\"widget\" data-widget_type=\"image.default\">\n\t\t\t\t<div class=\"elementor-widget-container\">\n\t\t\t\t\t\t\t\t\t\t\t\t<figure class=\"wp-caption\">\n\t\t\t\t\t\t\t\t\t\t\t<a href=\"https:\/\/folienkonen.de\/wp-content\/uploads\/2022\/02\/Fixierung-lose_2.jpg\" data-elementor-open-lightbox=\"yes\" data-elementor-lightbox-title=\"Fixierung lose_2\" data-e-action-hash=\"#elementor-action%3Aaction%3Dlightbox%26settings%3DeyJpZCI6MTA1MCwidXJsIjoiaHR0cHM6XC9cL2ZvbGllbmtvbmVuLmRlXC93cC1jb250ZW50XC91cGxvYWRzXC8yMDIyXC8wMlwvRml4aWVydW5nLWxvc2VfMi5qcGcifQ%3D%3D\">\n\t\t\t\t\t\t\t<img decoding=\"async\" src=\"https:\/\/folienkonen.de\/wp-content\/uploads\/elementor\/thumbs\/Fixierung-lose_2-pkzify0ki6nfx6yz0l6boeeordo6lwwrbgp4g2as3c.jpg\" title=\"Fixation loose_2\" alt=\"Fixierung lose_2\" loading=\"lazy\" \/>\t\t\t\t\t\t\t\t<\/a>\n\t\t\t\t\t\t\t\t\t\t\t<figcaption class=\"widget-image-caption wp-caption-text\">The fixation is loose<\/figcaption>\n\t\t\t\t\t\t\t\t\t\t<\/figure>\n\t\t\t\t\t\t\t\t\t<\/div>\n\t\t\t\t<\/div>\n\t\t\t\t<div class=\"elementor-element elementor-element-6808bb7 elementor-widget elementor-widget-text-editor\" data-id=\"6808bb7\" data-element_type=\"widget\" data-e-type=\"widget\" data-widget_type=\"text-editor.default\">\n\t\t\t\t<div class=\"elementor-widget-container\">\n\t\t\t\t\t\t\t\t\t<p>Over time it can happen that the fixation of the foil cone loosens. This is e.g. This is always the case, for example, when the arrow penetrates the target up to the silicone tube. In this way, the fixation is pushed up bit by bit. At some point, the upper fixation has partially migrated over the shaft and the foil cone is no longer tight. This is easy to control. Always take a look at the darts from above. If the black dot of the carbon shows up clearly and distinctly on the shaft within the foil cones, the fixation is sufficient. If it is no longer visible or only partially visible, the fixation should be renewed.<\/p>\t\t\t\t\t\t\t\t<\/div>\n\t\t\t\t<\/div>\n\t\t\t\t\t<\/div>\n\t\t<\/div>\n\t\t\t\t<div class=\"elementor-column elementor-col-33 elementor-top-column elementor-element elementor-element-d27726c\" data-id=\"d27726c\" data-element_type=\"column\" data-e-type=\"column\">\n\t\t\t<div class=\"elementor-widget-wrap elementor-element-populated\">\n\t\t\t\t\t\t<div class=\"elementor-element elementor-element-4e55921 elementor-widget elementor-widget-image\" data-id=\"4e55921\" data-element_type=\"widget\" data-e-type=\"widget\" data-widget_type=\"image.default\">\n\t\t\t\t<div class=\"elementor-widget-container\">\n\t\t\t\t\t\t\t\t\t\t\t\t<figure class=\"wp-caption\">\n\t\t\t\t\t\t\t\t\t\t\t<a href=\"https:\/\/folienkonen.de\/wp-content\/uploads\/2022\/02\/Beschaedigung.jpg\" data-elementor-open-lightbox=\"yes\" data-elementor-lightbox-title=\"Besch\u00e4digung\" data-e-action-hash=\"#elementor-action%3Aaction%3Dlightbox%26settings%3DeyJpZCI6MTA1MSwidXJsIjoiaHR0cHM6XC9cL2ZvbGllbmtvbmVuLmRlXC93cC1jb250ZW50XC91cGxvYWRzXC8yMDIyXC8wMlwvQmVzY2hhZWRpZ3VuZy5qcGcifQ%3D%3D\">\n\t\t\t\t\t\t\t<img decoding=\"async\" src=\"https:\/\/folienkonen.de\/wp-content\/uploads\/elementor\/thumbs\/Beschaedigung-pkzifyyep0oq8sxlv3ky8w65crjjtm0hnlclxc9dx4.jpg\" title=\"damage\" alt=\"Besch\u00e4digung\" loading=\"lazy\" \/>\t\t\t\t\t\t\t\t<\/a>\n\t\t\t\t\t\t\t\t\t\t\t<figcaption class=\"widget-image-caption wp-caption-text\">damage<\/figcaption>\n\t\t\t\t\t\t\t\t\t\t<\/figure>\n\t\t\t\t\t\t\t\t\t<\/div>\n\t\t\t\t<\/div>\n\t\t\t\t<div class=\"elementor-element elementor-element-c5f1896 elementor-widget elementor-widget-text-editor\" data-id=\"c5f1896\" data-element_type=\"widget\" data-e-type=\"widget\" data-widget_type=\"text-editor.default\">\n\t\t\t\t<div class=\"elementor-widget-container\">\n\t\t\t\t\t\t\t\t\t<p>There are different types of damage that negatively affect the flight characteristics of the arrow. Are the silicone hoses z. B. damaged by hits, it is possible that the film cone gets an imbalance that can no longer be eliminated by plucking. In this case, the silicone hoses should be replaced. The foil cone itself can be damaged. Either by hitting other darts or by wear and tear. Wear and tear is inevitable over time through use. This can be seen in frayed edges or discoloration of the foil cone. In both cases, the foil cone should be replaced immediately.<\/p>\t\t\t\t\t\t\t\t<\/div>\n\t\t\t\t<\/div>\n\t\t\t\t\t<\/div>\n\t\t<\/div>\n\t\t\t\t\t<\/div>\n\t\t<\/section>\n\t\t\t\t<section class=\"elementor-section elementor-top-section elementor-element elementor-element-9346fd2 elementor-section-boxed elementor-section-height-default elementor-section-height-default\" data-id=\"9346fd2\" data-element_type=\"section\" data-e-type=\"section\">\n\t\t\t\t\t\t<div class=\"elementor-container elementor-column-gap-default\">\n\t\t\t\t\t<div class=\"elementor-column elementor-col-100 elementor-top-column elementor-element elementor-element-8173bfa\" data-id=\"8173bfa\" data-element_type=\"column\" data-e-type=\"column\">\n\t\t\t<div class=\"elementor-widget-wrap elementor-element-populated\">\n\t\t\t\t\t\t<div class=\"elementor-element elementor-element-eb644d9 elementor-widget elementor-widget-text-editor\" data-id=\"eb644d9\" data-element_type=\"widget\" data-e-type=\"widget\" data-widget_type=\"text-editor.default\">\n\t\t\t\t<div class=\"elementor-widget-container\">\n\t\t\t\t\t\t\t\t\t<p>After a foil cone has been readjusted or repaired, this arrow should be tried out directly and individually. This is the only way to determine without a doubt whether the work was worth it. If in doubt, further adjustments can be made immediately after the first shot. I don&#039;t think it&#039;s very helpful to simply mix it in with the other arrows without checking it.<\/p>\t\t\t\t\t\t\t\t<\/div>\n\t\t\t\t<\/div>\n\t\t\t\t\t<\/div>\n\t\t<\/div>\n\t\t\t\t\t<\/div>\n\t\t<\/section>\n\t\t\t\t<\/div>","protected":false},"excerpt":{"rendered":"<p>Es kann immer einmal passieren, dass ein Pfeil ein ungew\u00f6hnliches Flugverhalten zeigt. Eine typische Verhaltensweise ist, wenn der Pfeil unnat\u00fcrlich gro\u00dfe Richtungs\u00e4nderungen macht. Ein weiteres Indiz ist, wenn der Pfeil im Flug rotiert und nicht gleichm\u00e4\u00dfig fliegt. Jede Art von Unregelm\u00e4\u00dfigkeit sollte untersucht werden. Grunds\u00e4tzlich habe ich drei Gr\u00fcnde f\u00fcr abweichendes Flugverhalten feststellen k\u00f6nnen. Unwucht [&hellip;]<\/p>\n","protected":false},"author":1,"featured_media":0,"parent":171,"menu_order":1,"comment_status":"closed","ping_status":"closed","template":"","meta":{"ocean_post_layout":"","ocean_both_sidebars_style":"","ocean_both_sidebars_content_width":0,"ocean_both_sidebars_sidebars_width":0,"ocean_sidebar":"0","ocean_second_sidebar":"0","ocean_disable_margins":"enable","ocean_add_body_class":"","ocean_shortcode_before_top_bar":"","ocean_shortcode_after_top_bar":"","ocean_shortcode_before_header":"","ocean_shortcode_after_header":"","ocean_has_shortcode":"","ocean_shortcode_after_title":"","ocean_shortcode_before_footer_widgets":"","ocean_shortcode_after_footer_widgets":"","ocean_shortcode_before_footer_bottom":"","ocean_shortcode_after_footer_bottom":"","ocean_display_top_bar":"default","ocean_display_header":"default","ocean_header_style":"","ocean_center_header_left_menu":"0","ocean_custom_header_template":"0","ocean_custom_logo":0,"ocean_custom_retina_logo":0,"ocean_custom_logo_max_width":0,"ocean_custom_logo_tablet_max_width":0,"ocean_custom_logo_mobile_max_width":0,"ocean_custom_logo_max_height":0,"ocean_custom_logo_tablet_max_height":0,"ocean_custom_logo_mobile_max_height":0,"ocean_header_custom_menu":"0","ocean_menu_typo_font_family":"0","ocean_menu_typo_font_subset":"","ocean_menu_typo_font_size":0,"ocean_menu_typo_font_size_tablet":0,"ocean_menu_typo_font_size_mobile":0,"ocean_menu_typo_font_size_unit":"px","ocean_menu_typo_font_weight":"","ocean_menu_typo_font_weight_tablet":"","ocean_menu_typo_font_weight_mobile":"","ocean_menu_typo_transform":"","ocean_menu_typo_transform_tablet":"","ocean_menu_typo_transform_mobile":"","ocean_menu_typo_line_height":0,"ocean_menu_typo_line_height_tablet":0,"ocean_menu_typo_line_height_mobile":0,"ocean_menu_typo_line_height_unit":"","ocean_menu_typo_spacing":0,"ocean_menu_typo_spacing_tablet":0,"ocean_menu_typo_spacing_mobile":0,"ocean_menu_typo_spacing_unit":"","ocean_menu_link_color":"","ocean_menu_link_color_hover":"","ocean_menu_link_color_active":"","ocean_menu_link_background":"","ocean_menu_link_hover_background":"","ocean_menu_link_active_background":"","ocean_menu_social_links_bg":"","ocean_menu_social_hover_links_bg":"","ocean_menu_social_links_color":"","ocean_menu_social_hover_links_color":"","ocean_disable_title":"default","ocean_disable_heading":"default","ocean_post_title":"","ocean_post_subheading":"","ocean_post_title_style":"","ocean_post_title_background_color":"","ocean_post_title_background":0,"ocean_post_title_bg_image_position":"","ocean_post_title_bg_image_attachment":"","ocean_post_title_bg_image_repeat":"","ocean_post_title_bg_image_size":"","ocean_post_title_height":0,"ocean_post_title_bg_overlay":0.5,"ocean_post_title_bg_overlay_color":"","ocean_disable_breadcrumbs":"default","ocean_breadcrumbs_color":"","ocean_breadcrumbs_separator_color":"","ocean_breadcrumbs_links_color":"","ocean_breadcrumbs_links_hover_color":"","ocean_display_footer_widgets":"default","ocean_display_footer_bottom":"default","ocean_custom_footer_template":"0","footnotes":""},"class_list":["post-324","page","type-page","status-publish","hentry","entry"],"yoast_head":"<!-- This site is optimized with the Yoast SEO plugin v27.3 - https:\/\/yoast.com\/product\/yoast-seo-wordpress\/ -->\n<title>Wie kann ich die Flugeigenschaften verbessern? - Perfekte Folienkonen<\/title>\n<meta name=\"robots\" content=\"index, follow, max-snippet:-1, max-image-preview:large, max-video-preview:-1\" \/>\n<link rel=\"canonical\" href=\"https:\/\/folienkonen.de\/en\/optimierungen\/wie-kann-ich-die-flugeigenschaften-verbessern\/\" \/>\n<meta property=\"og:locale\" content=\"en_US\" \/>\n<meta property=\"og:type\" content=\"article\" \/>\n<meta property=\"og:title\" content=\"Wie kann ich die Flugeigenschaften verbessern? - Perfekte Folienkonen\" \/>\n<meta property=\"og:description\" content=\"Es kann immer einmal passieren, dass ein Pfeil ein ungew\u00f6hnliches Flugverhalten zeigt. Eine typische Verhaltensweise ist, wenn der Pfeil unnat\u00fcrlich gro\u00dfe Richtungs\u00e4nderungen macht. Ein weiteres Indiz ist, wenn der Pfeil im Flug rotiert und nicht gleichm\u00e4\u00dfig fliegt. Jede Art von Unregelm\u00e4\u00dfigkeit sollte untersucht werden. Grunds\u00e4tzlich habe ich drei Gr\u00fcnde f\u00fcr abweichendes Flugverhalten feststellen k\u00f6nnen. Unwucht [&hellip;]\" \/>\n<meta property=\"og:url\" content=\"https:\/\/folienkonen.de\/en\/optimierungen\/wie-kann-ich-die-flugeigenschaften-verbessern\/\" \/>\n<meta property=\"og:site_name\" content=\"Perfekte Folienkonen\" \/>\n<meta property=\"article:modified_time\" content=\"2022-03-29T17:00:04+00:00\" \/>\n<meta property=\"og:image\" content=\"https:\/\/folienkonen.de\/wp-content\/uploads\/elementor\/thumbs\/Unwucht-1-pkzi28jau5vwlwvs25v6tcxow38hcthofm77hsmgu0.jpg\" \/>\n<meta name=\"twitter:card\" content=\"summary_large_image\" \/>\n<meta name=\"twitter:label1\" content=\"Est. reading time\" \/>\n\t<meta name=\"twitter:data1\" content=\"3 minutes\" \/>\n<script type=\"application\/ld+json\" class=\"yoast-schema-graph\">{\"@context\":\"https:\\\/\\\/schema.org\",\"@graph\":[{\"@type\":\"WebPage\",\"@id\":\"https:\\\/\\\/folienkonen.de\\\/optimierungen\\\/wie-kann-ich-die-flugeigenschaften-verbessern\\\/\",\"url\":\"https:\\\/\\\/folienkonen.de\\\/optimierungen\\\/wie-kann-ich-die-flugeigenschaften-verbessern\\\/\",\"name\":\"Wie kann ich die Flugeigenschaften verbessern? - Perfekte Folienkonen\",\"isPartOf\":{\"@id\":\"https:\\\/\\\/folienkonen.de\\\/#website\"},\"primaryImageOfPage\":{\"@id\":\"https:\\\/\\\/folienkonen.de\\\/optimierungen\\\/wie-kann-ich-die-flugeigenschaften-verbessern\\\/#primaryimage\"},\"image\":{\"@id\":\"https:\\\/\\\/folienkonen.de\\\/optimierungen\\\/wie-kann-ich-die-flugeigenschaften-verbessern\\\/#primaryimage\"},\"thumbnailUrl\":\"https:\\\/\\\/folienkonen.de\\\/wp-content\\\/uploads\\\/elementor\\\/thumbs\\\/Unwucht-1-pkzi28jau5vwlwvs25v6tcxow38hcthofm77hsmgu0.jpg\",\"datePublished\":\"2022-02-16T18:49:23+00:00\",\"dateModified\":\"2022-03-29T17:00:04+00:00\",\"breadcrumb\":{\"@id\":\"https:\\\/\\\/folienkonen.de\\\/optimierungen\\\/wie-kann-ich-die-flugeigenschaften-verbessern\\\/#breadcrumb\"},\"inLanguage\":\"en-US\",\"potentialAction\":[{\"@type\":\"ReadAction\",\"target\":[\"https:\\\/\\\/folienkonen.de\\\/optimierungen\\\/wie-kann-ich-die-flugeigenschaften-verbessern\\\/\"]}]},{\"@type\":\"ImageObject\",\"inLanguage\":\"en-US\",\"@id\":\"https:\\\/\\\/folienkonen.de\\\/optimierungen\\\/wie-kann-ich-die-flugeigenschaften-verbessern\\\/#primaryimage\",\"url\":\"https:\\\/\\\/folienkonen.de\\\/wp-content\\\/uploads\\\/elementor\\\/thumbs\\\/Unwucht-1-pkzi28jau5vwlwvs25v6tcxow38hcthofm77hsmgu0.jpg\",\"contentUrl\":\"https:\\\/\\\/folienkonen.de\\\/wp-content\\\/uploads\\\/elementor\\\/thumbs\\\/Unwucht-1-pkzi28jau5vwlwvs25v6tcxow38hcthofm77hsmgu0.jpg\"},{\"@type\":\"BreadcrumbList\",\"@id\":\"https:\\\/\\\/folienkonen.de\\\/optimierungen\\\/wie-kann-ich-die-flugeigenschaften-verbessern\\\/#breadcrumb\",\"itemListElement\":[{\"@type\":\"ListItem\",\"position\":1,\"name\":\"Startseite\",\"item\":\"https:\\\/\\\/folienkonen.de\\\/\"},{\"@type\":\"ListItem\",\"position\":2,\"name\":\"Optimierungen\",\"item\":\"https:\\\/\\\/folienkonen.de\\\/optimierungen\\\/\"},{\"@type\":\"ListItem\",\"position\":3,\"name\":\"Wie kann ich die Flugeigenschaften verbessern?\"}]},{\"@type\":\"WebSite\",\"@id\":\"https:\\\/\\\/folienkonen.de\\\/#website\",\"url\":\"https:\\\/\\\/folienkonen.de\\\/\",\"name\":\"Perfekte Folienkonen\",\"description\":\"Tipps und Tricks perfekte Folienkonen selbst herzustellen\",\"publisher\":{\"@id\":\"https:\\\/\\\/folienkonen.de\\\/#\\\/schema\\\/person\\\/97527885b54b1ed983d3a7035ab371f5\"},\"potentialAction\":[{\"@type\":\"SearchAction\",\"target\":{\"@type\":\"EntryPoint\",\"urlTemplate\":\"https:\\\/\\\/folienkonen.de\\\/?s={search_term_string}\"},\"query-input\":{\"@type\":\"PropertyValueSpecification\",\"valueRequired\":true,\"valueName\":\"search_term_string\"}}],\"inLanguage\":\"en-US\"},{\"@type\":[\"Person\",\"Organization\"],\"@id\":\"https:\\\/\\\/folienkonen.de\\\/#\\\/schema\\\/person\\\/97527885b54b1ed983d3a7035ab371f5\",\"name\":\"Bernd\",\"image\":{\"@type\":\"ImageObject\",\"inLanguage\":\"en-US\",\"@id\":\"https:\\\/\\\/folienkonen.de\\\/wp-content\\\/uploads\\\/2022\\\/02\\\/bernd.jpeg\",\"url\":\"https:\\\/\\\/folienkonen.de\\\/wp-content\\\/uploads\\\/2022\\\/02\\\/bernd.jpeg\",\"contentUrl\":\"https:\\\/\\\/folienkonen.de\\\/wp-content\\\/uploads\\\/2022\\\/02\\\/bernd.jpeg\",\"width\":500,\"height\":500,\"caption\":\"Bernd\"},\"logo\":{\"@id\":\"https:\\\/\\\/folienkonen.de\\\/wp-content\\\/uploads\\\/2022\\\/02\\\/bernd.jpeg\"},\"sameAs\":[\"https:\\\/\\\/folienkonen.de\"]}]}<\/script>\n<!-- \/ Yoast SEO plugin. -->","yoast_head_json":{"title":"Wie kann ich die Flugeigenschaften verbessern? - Perfekte Folienkonen","robots":{"index":"index","follow":"follow","max-snippet":"max-snippet:-1","max-image-preview":"max-image-preview:large","max-video-preview":"max-video-preview:-1"},"canonical":"https:\/\/folienkonen.de\/en\/optimierungen\/wie-kann-ich-die-flugeigenschaften-verbessern\/","og_locale":"en_US","og_type":"article","og_title":"Wie kann ich die Flugeigenschaften verbessern? - Perfekte Folienkonen","og_description":"Es kann immer einmal passieren, dass ein Pfeil ein ungew\u00f6hnliches Flugverhalten zeigt. Eine typische Verhaltensweise ist, wenn der Pfeil unnat\u00fcrlich gro\u00dfe Richtungs\u00e4nderungen macht. Ein weiteres Indiz ist, wenn der Pfeil im Flug rotiert und nicht gleichm\u00e4\u00dfig fliegt. Jede Art von Unregelm\u00e4\u00dfigkeit sollte untersucht werden. Grunds\u00e4tzlich habe ich drei Gr\u00fcnde f\u00fcr abweichendes Flugverhalten feststellen k\u00f6nnen. Unwucht [&hellip;]","og_url":"https:\/\/folienkonen.de\/en\/optimierungen\/wie-kann-ich-die-flugeigenschaften-verbessern\/","og_site_name":"Perfekte Folienkonen","article_modified_time":"2022-03-29T17:00:04+00:00","og_image":[{"url":"https:\/\/folienkonen.de\/wp-content\/uploads\/elementor\/thumbs\/Unwucht-1-pkzi28jau5vwlwvs25v6tcxow38hcthofm77hsmgu0.jpg","type":"","width":"","height":""}],"twitter_card":"summary_large_image","twitter_misc":{"Est. reading time":"3 minutes"},"schema":{"@context":"https:\/\/schema.org","@graph":[{"@type":"WebPage","@id":"https:\/\/folienkonen.de\/optimierungen\/wie-kann-ich-die-flugeigenschaften-verbessern\/","url":"https:\/\/folienkonen.de\/optimierungen\/wie-kann-ich-die-flugeigenschaften-verbessern\/","name":"Wie kann ich die Flugeigenschaften verbessern? - Perfekte Folienkonen","isPartOf":{"@id":"https:\/\/folienkonen.de\/#website"},"primaryImageOfPage":{"@id":"https:\/\/folienkonen.de\/optimierungen\/wie-kann-ich-die-flugeigenschaften-verbessern\/#primaryimage"},"image":{"@id":"https:\/\/folienkonen.de\/optimierungen\/wie-kann-ich-die-flugeigenschaften-verbessern\/#primaryimage"},"thumbnailUrl":"https:\/\/folienkonen.de\/wp-content\/uploads\/elementor\/thumbs\/Unwucht-1-pkzi28jau5vwlwvs25v6tcxow38hcthofm77hsmgu0.jpg","datePublished":"2022-02-16T18:49:23+00:00","dateModified":"2022-03-29T17:00:04+00:00","breadcrumb":{"@id":"https:\/\/folienkonen.de\/optimierungen\/wie-kann-ich-die-flugeigenschaften-verbessern\/#breadcrumb"},"inLanguage":"en-US","potentialAction":[{"@type":"ReadAction","target":["https:\/\/folienkonen.de\/optimierungen\/wie-kann-ich-die-flugeigenschaften-verbessern\/"]}]},{"@type":"ImageObject","inLanguage":"en-US","@id":"https:\/\/folienkonen.de\/optimierungen\/wie-kann-ich-die-flugeigenschaften-verbessern\/#primaryimage","url":"https:\/\/folienkonen.de\/wp-content\/uploads\/elementor\/thumbs\/Unwucht-1-pkzi28jau5vwlwvs25v6tcxow38hcthofm77hsmgu0.jpg","contentUrl":"https:\/\/folienkonen.de\/wp-content\/uploads\/elementor\/thumbs\/Unwucht-1-pkzi28jau5vwlwvs25v6tcxow38hcthofm77hsmgu0.jpg"},{"@type":"BreadcrumbList","@id":"https:\/\/folienkonen.de\/optimierungen\/wie-kann-ich-die-flugeigenschaften-verbessern\/#breadcrumb","itemListElement":[{"@type":"ListItem","position":1,"name":"Startseite","item":"https:\/\/folienkonen.de\/"},{"@type":"ListItem","position":2,"name":"Optimierungen","item":"https:\/\/folienkonen.de\/optimierungen\/"},{"@type":"ListItem","position":3,"name":"Wie kann ich die Flugeigenschaften verbessern?"}]},{"@type":"WebSite","@id":"https:\/\/folienkonen.de\/#website","url":"https:\/\/folienkonen.de\/","name":"Perfect foil cones","description":"Tips and tricks for making perfect foil cones yourself","publisher":{"@id":"https:\/\/folienkonen.de\/#\/schema\/person\/97527885b54b1ed983d3a7035ab371f5"},"potentialAction":[{"@type":"SearchAction","target":{"@type":"EntryPoint","urlTemplate":"https:\/\/folienkonen.de\/?s={search_term_string}"},"query-input":{"@type":"PropertyValueSpecification","valueRequired":true,"valueName":"search_term_string"}}],"inLanguage":"en-US"},{"@type":["Person","Organization"],"@id":"https:\/\/folienkonen.de\/#\/schema\/person\/97527885b54b1ed983d3a7035ab371f5","name":"Bernd","image":{"@type":"ImageObject","inLanguage":"en-US","@id":"https:\/\/folienkonen.de\/wp-content\/uploads\/2022\/02\/bernd.jpeg","url":"https:\/\/folienkonen.de\/wp-content\/uploads\/2022\/02\/bernd.jpeg","contentUrl":"https:\/\/folienkonen.de\/wp-content\/uploads\/2022\/02\/bernd.jpeg","width":500,"height":500,"caption":"Bernd"},"logo":{"@id":"https:\/\/folienkonen.de\/wp-content\/uploads\/2022\/02\/bernd.jpeg"},"sameAs":["https:\/\/folienkonen.de"]}]}},"_links":{"self":[{"href":"https:\/\/folienkonen.de\/en\/wp-json\/wp\/v2\/pages\/324","targetHints":{"allow":["GET"]}}],"collection":[{"href":"https:\/\/folienkonen.de\/en\/wp-json\/wp\/v2\/pages"}],"about":[{"href":"https:\/\/folienkonen.de\/en\/wp-json\/wp\/v2\/types\/page"}],"author":[{"embeddable":true,"href":"https:\/\/folienkonen.de\/en\/wp-json\/wp\/v2\/users\/1"}],"replies":[{"embeddable":true,"href":"https:\/\/folienkonen.de\/en\/wp-json\/wp\/v2\/comments?post=324"}],"version-history":[{"count":34,"href":"https:\/\/folienkonen.de\/en\/wp-json\/wp\/v2\/pages\/324\/revisions"}],"predecessor-version":[{"id":1340,"href":"https:\/\/folienkonen.de\/en\/wp-json\/wp\/v2\/pages\/324\/revisions\/1340"}],"up":[{"embeddable":true,"href":"https:\/\/folienkonen.de\/en\/wp-json\/wp\/v2\/pages\/171"}],"wp:attachment":[{"href":"https:\/\/folienkonen.de\/en\/wp-json\/wp\/v2\/media?parent=324"}],"curies":[{"name":"wp","href":"https:\/\/api.w.org\/{rel}","templated":true}]}}