{"id":333,"date":"2022-02-16T18:52:30","date_gmt":"2022-02-16T18:52:30","guid":{"rendered":"https:\/\/perfektefolienkonen.live-website.com\/?page_id=333"},"modified":"2022-04-21T09:19:35","modified_gmt":"2022-04-21T09:19:35","slug":"materialliste","status":"publish","type":"page","link":"https:\/\/folienkonen.de\/en\/service\/materialliste\/","title":{"rendered":"material list"},"content":{"rendered":"<div data-elementor-type=\"wp-page\" data-elementor-id=\"333\" class=\"elementor elementor-333\">\n\t\t\t\t\t\t<section class=\"elementor-section elementor-top-section elementor-element elementor-element-26e347d elementor-section-boxed elementor-section-height-default elementor-section-height-default\" data-id=\"26e347d\" data-element_type=\"section\" data-e-type=\"section\">\n\t\t\t\t\t\t<div class=\"elementor-container elementor-column-gap-default\">\n\t\t\t\t\t<div class=\"elementor-column elementor-col-100 elementor-top-column elementor-element elementor-element-ddd4bf0\" data-id=\"ddd4bf0\" data-element_type=\"column\" data-e-type=\"column\">\n\t\t\t<div class=\"elementor-widget-wrap elementor-element-populated\">\n\t\t\t\t\t\t<div class=\"elementor-element elementor-element-fead79a elementor-widget elementor-widget-heading\" data-id=\"fead79a\" data-element_type=\"widget\" data-e-type=\"widget\" data-widget_type=\"heading.default\">\n\t\t\t\t<div class=\"elementor-widget-container\">\n\t\t\t\t\t<h2 class=\"elementor-heading-title elementor-size-default\">cutting mat<\/h2>\t\t\t\t<\/div>\n\t\t\t\t<\/div>\n\t\t\t\t<div class=\"elementor-element elementor-element-7c94390 elementor-widget elementor-widget-text-editor\" data-id=\"7c94390\" data-element_type=\"widget\" data-e-type=\"widget\" data-widget_type=\"text-editor.default\">\n\t\t\t\t<div class=\"elementor-widget-container\">\n\t\t\t\t\t\t\t\t\t<p>As a cutting pad I use an Altera cutting mat, cutting pad A3 (30x45cm), self-healing Altera PRO, green\/black on both sides with a grid.<\/p>\n<p><u>Source of supply:<\/u> <a href=\"https:\/\/www.tz-bedarf.de\/schneidematte-30x45-cm-a3.html\">tz-bedarf.de<\/a><\/p>\t\t\t\t\t\t\t\t<\/div>\n\t\t\t\t<\/div>\n\t\t\t\t\t<\/div>\n\t\t<\/div>\n\t\t\t\t\t<\/div>\n\t\t<\/section>\n\t\t\t\t<section class=\"elementor-section elementor-top-section elementor-element elementor-element-ea5b7b2 elementor-section-boxed elementor-section-height-default elementor-section-height-default\" data-id=\"ea5b7b2\" data-element_type=\"section\" data-e-type=\"section\">\n\t\t\t\t\t\t<div class=\"elementor-container elementor-column-gap-default\">\n\t\t\t\t\t<div class=\"elementor-column elementor-col-100 elementor-top-column elementor-element elementor-element-a2f0284\" data-id=\"a2f0284\" data-element_type=\"column\" data-e-type=\"column\">\n\t\t\t<div class=\"elementor-widget-wrap elementor-element-populated\">\n\t\t\t\t\t\t<div class=\"elementor-element elementor-element-5214e03 elementor-widget elementor-widget-heading\" data-id=\"5214e03\" data-element_type=\"widget\" data-e-type=\"widget\" data-widget_type=\"heading.default\">\n\t\t\t\t<div class=\"elementor-widget-container\">\n\t\t\t\t\t<h2 class=\"elementor-heading-title elementor-size-default\">foil<\/h2>\t\t\t\t<\/div>\n\t\t\t\t<\/div>\n\t\t\t\t<div class=\"elementor-element elementor-element-9a914ea elementor-widget elementor-widget-text-editor\" data-id=\"9a914ea\" data-element_type=\"widget\" data-e-type=\"widget\" data-widget_type=\"text-editor.default\">\n\t\t\t\t<div class=\"elementor-widget-container\">\n\t\t\t\t\t\t\t\t\t<p>Instead of foil, I use the particularly thin packing tape from Aldi S\u00fcd. Unfortunately, the packing tape is only a promotional item and, according to my research, can only be obtained from Aldi S\u00fcd at the time of the respective promotion. If anyone finds a similar packing tape or knows where Aldi S\u00fcd packing tape can be obtained elsewhere. <a href=\"https:\/\/folienkonen.de\/en\/kontakt\/\">Please info me.<\/a>\u00a0\u00a0<\/p>\t\t\t\t\t\t\t\t<\/div>\n\t\t\t\t<\/div>\n\t\t\t\t\t<\/div>\n\t\t<\/div>\n\t\t\t\t\t<\/div>\n\t\t<\/section>\n\t\t\t\t<section class=\"elementor-section elementor-top-section elementor-element elementor-element-399e01e elementor-section-boxed elementor-section-height-default elementor-section-height-default\" data-id=\"399e01e\" data-element_type=\"section\" data-e-type=\"section\">\n\t\t\t\t\t\t<div class=\"elementor-container elementor-column-gap-default\">\n\t\t\t\t\t<div class=\"elementor-column elementor-col-100 elementor-top-column elementor-element elementor-element-7e0ad7a\" data-id=\"7e0ad7a\" data-element_type=\"column\" data-e-type=\"column\">\n\t\t\t<div class=\"elementor-widget-wrap elementor-element-populated\">\n\t\t\t\t\t\t<div class=\"elementor-element elementor-element-3fc3a4f elementor-widget elementor-widget-heading\" data-id=\"3fc3a4f\" data-element_type=\"widget\" data-e-type=\"widget\" data-widget_type=\"heading.default\">\n\t\t\t\t<div class=\"elementor-widget-container\">\n\t\t\t\t\t<h2 class=\"elementor-heading-title elementor-size-default\">cutter knife<\/h2>\t\t\t\t<\/div>\n\t\t\t\t<\/div>\n\t\t\t\t<div class=\"elementor-element elementor-element-a7858bc elementor-widget elementor-widget-text-editor\" data-id=\"a7858bc\" data-element_type=\"widget\" data-e-type=\"widget\" data-widget_type=\"text-editor.default\">\n\t\t\t\t<div class=\"elementor-widget-container\">\n\t\t\t\t\t\t\t\t\t<p>I use a special cutter to cut off the silicone hoses. It is an Olfa 2124430049 AK-1 Messer Art Knife (with 25 blades). The slanted shape of the blade is perfect for cutting hoses straight.<\/p><p><u>Source of supply:<\/u> <a href=\"https:\/\/www.kreativplotter.de\/werkzeuge-hilfsmittel\/bastelmesser-olfa-ak-1\/a-10669\">creative plotter<\/a><\/p>\t\t\t\t\t\t\t\t<\/div>\n\t\t\t\t<\/div>\n\t\t\t\t\t<\/div>\n\t\t<\/div>\n\t\t\t\t\t<\/div>\n\t\t<\/section>\n\t\t\t\t<section class=\"elementor-section elementor-top-section elementor-element elementor-element-37cde62 elementor-section-boxed elementor-section-height-default elementor-section-height-default\" data-id=\"37cde62\" data-element_type=\"section\" data-e-type=\"section\">\n\t\t\t\t\t\t<div class=\"elementor-container elementor-column-gap-default\">\n\t\t\t\t\t<div class=\"elementor-column elementor-col-100 elementor-top-column elementor-element elementor-element-4edcc04\" data-id=\"4edcc04\" data-element_type=\"column\" data-e-type=\"column\">\n\t\t\t<div class=\"elementor-widget-wrap elementor-element-populated\">\n\t\t\t\t\t\t<div class=\"elementor-element elementor-element-3d52628 elementor-widget elementor-widget-heading\" data-id=\"3d52628\" data-element_type=\"widget\" data-e-type=\"widget\" data-widget_type=\"heading.default\">\n\t\t\t\t<div class=\"elementor-widget-container\">\n\t\t\t\t\t<h2 class=\"elementor-heading-title elementor-size-default\">scissors<\/h2>\t\t\t\t<\/div>\n\t\t\t\t<\/div>\n\t\t\t\t<div class=\"elementor-element elementor-element-60ff8e2 elementor-widget elementor-widget-text-editor\" data-id=\"60ff8e2\" data-element_type=\"widget\" data-e-type=\"widget\" data-widget_type=\"text-editor.default\">\n\t\t\t\t<div class=\"elementor-widget-container\">\n\t\t\t\t\t\t\t\t\t<p>In principle, any good household scissors can be used. You really just have to cut well. I use the REMOS household scissors, universal scissors, pointed-round, straight cutting edge, 12 cm, stainless steel<\/p><p><u>Source of supply:<\/u> <a href=\"https:\/\/www.amazon.de\/dp\/B004NO15LM\/ref=pe_3044161_189395811_TE_SCE_3p_dp_1\">Amazon<\/a><\/p>\t\t\t\t\t\t\t\t<\/div>\n\t\t\t\t<\/div>\n\t\t\t\t\t<\/div>\n\t\t<\/div>\n\t\t\t\t\t<\/div>\n\t\t<\/section>\n\t\t\t\t<section class=\"elementor-section elementor-top-section elementor-element elementor-element-a126fdd elementor-section-boxed elementor-section-height-default elementor-section-height-default\" data-id=\"a126fdd\" data-element_type=\"section\" data-e-type=\"section\">\n\t\t\t\t\t\t<div class=\"elementor-container elementor-column-gap-default\">\n\t\t\t\t\t<div class=\"elementor-column elementor-col-100 elementor-top-column elementor-element elementor-element-5cea6e2\" data-id=\"5cea6e2\" data-element_type=\"column\" data-e-type=\"column\">\n\t\t\t<div class=\"elementor-widget-wrap elementor-element-populated\">\n\t\t\t\t\t\t<div class=\"elementor-element elementor-element-3fd4478 elementor-widget elementor-widget-heading\" data-id=\"3fd4478\" data-element_type=\"widget\" data-e-type=\"widget\" data-widget_type=\"heading.default\">\n\t\t\t\t<div class=\"elementor-widget-container\">\n\t\t\t\t\t<h2 class=\"elementor-heading-title elementor-size-default\">pencils<\/h2>\t\t\t\t<\/div>\n\t\t\t\t<\/div>\n\t\t\t\t<div class=\"elementor-element elementor-element-7999143 elementor-widget elementor-widget-text-editor\" data-id=\"7999143\" data-element_type=\"widget\" data-e-type=\"widget\" data-widget_type=\"text-editor.default\">\n\t\t\t\t<div class=\"elementor-widget-container\">\n\t\t\t\t\t\t\t\t\t<p>I primarily use Edding Type 3000 permanent markers. They can be bought anywhere. For this reason I spare myself the reference to a reference source.<\/p>\t\t\t\t\t\t\t\t<\/div>\n\t\t\t\t<\/div>\n\t\t\t\t\t<\/div>\n\t\t<\/div>\n\t\t\t\t\t<\/div>\n\t\t<\/section>\n\t\t\t\t<section class=\"elementor-section elementor-top-section elementor-element elementor-element-d3ec43d elementor-section-boxed elementor-section-height-default elementor-section-height-default\" data-id=\"d3ec43d\" data-element_type=\"section\" data-e-type=\"section\">\n\t\t\t\t\t\t<div class=\"elementor-container elementor-column-gap-default\">\n\t\t\t\t\t<div class=\"elementor-column elementor-col-100 elementor-top-column elementor-element elementor-element-dcd0655\" data-id=\"dcd0655\" data-element_type=\"column\" data-e-type=\"column\">\n\t\t\t<div class=\"elementor-widget-wrap elementor-element-populated\">\n\t\t\t\t\t\t<div class=\"elementor-element elementor-element-d6edebb elementor-widget elementor-widget-heading\" data-id=\"d6edebb\" data-element_type=\"widget\" data-e-type=\"widget\" data-widget_type=\"heading.default\">\n\t\t\t\t<div class=\"elementor-widget-container\">\n\t\t\t\t\t<h2 class=\"elementor-heading-title elementor-size-default\">silicone tubing<\/h2>\t\t\t\t<\/div>\n\t\t\t\t<\/div>\n\t\t\t\t<div class=\"elementor-element elementor-element-5c1b0aa elementor-widget elementor-widget-text-editor\" data-id=\"5c1b0aa\" data-element_type=\"widget\" data-e-type=\"widget\" data-widget_type=\"text-editor.default\">\n\t\t\t\t<div class=\"elementor-widget-container\">\n\t\t\t\t\t\t\t\t\t<p>The following silicone hoses are required:<\/p><p>For the <strong>upper fixation<\/strong> a hose sleeve is required.<br \/>Silicone hose sold by the meter 1.5 mm x 2.5 mm<\/p><p>On the hose sleeve comes the <strong>stopper<\/strong>. <br \/>Silicone hose sold by the meter 2 mm x 5 mm<\/p><p>The foil cone itself is attached to the lower end with a <strong>fixation piece<\/strong> fastened.<br \/>Silicone hose sold by the meter 2 mm x 4 mm<\/p><p><u>Source of supply:<\/u> <a href=\"https:\/\/www.schlauch24.de\">www.hose24.de<\/a><\/p>\t\t\t\t\t\t\t\t<\/div>\n\t\t\t\t<\/div>\n\t\t\t\t\t<\/div>\n\t\t<\/div>\n\t\t\t\t\t<\/div>\n\t\t<\/section>\n\t\t\t\t<\/div>","protected":false},"excerpt":{"rendered":"<p>Schneidunterlage Als Schneidunterlage nutze ich eine Altera Schneidematte, Schneidunterlage A3 (30x45cm), selbstheilend Altera PRO, Gr\u00fcn\/Schwarz beidseitig mit Raster. Bezugsquelle: tz-bedarf.de Folie Ich benutze statt Folie das besonders d\u00fcnne Packband von Aldi S\u00fcd. Leider ist das Packband nur Aktionsware und kann nach meinen Recherchen auch nur bei Aldi S\u00fcd zum jeweiligen Aktionszeitpunkt bezogen werden. Falls jemand [&hellip;]<\/p>\n","protected":false},"author":1,"featured_media":0,"parent":691,"menu_order":0,"comment_status":"closed","ping_status":"closed","template":"","meta":{"ocean_post_layout":"","ocean_both_sidebars_style":"","ocean_both_sidebars_content_width":0,"ocean_both_sidebars_sidebars_width":0,"ocean_sidebar":"0","ocean_second_sidebar":"0","ocean_disable_margins":"enable","ocean_add_body_class":"","ocean_shortcode_before_top_bar":"","ocean_shortcode_after_top_bar":"","ocean_shortcode_before_header":"","ocean_shortcode_after_header":"","ocean_has_shortcode":"","ocean_shortcode_after_title":"","ocean_shortcode_before_footer_widgets":"","ocean_shortcode_after_footer_widgets":"","ocean_shortcode_before_footer_bottom":"","ocean_shortcode_after_footer_bottom":"","ocean_display_top_bar":"default","ocean_display_header":"default","ocean_header_style":"","ocean_center_header_left_menu":"0","ocean_custom_header_template":"0","ocean_custom_logo":0,"ocean_custom_retina_logo":0,"ocean_custom_logo_max_width":0,"ocean_custom_logo_tablet_max_width":0,"ocean_custom_logo_mobile_max_width":0,"ocean_custom_logo_max_height":0,"ocean_custom_logo_tablet_max_height":0,"ocean_custom_logo_mobile_max_height":0,"ocean_header_custom_menu":"0","ocean_menu_typo_font_family":"0","ocean_menu_typo_font_subset":"","ocean_menu_typo_font_size":0,"ocean_menu_typo_font_size_tablet":0,"ocean_menu_typo_font_size_mobile":0,"ocean_menu_typo_font_size_unit":"px","ocean_menu_typo_font_weight":"","ocean_menu_typo_font_weight_tablet":"","ocean_menu_typo_font_weight_mobile":"","ocean_menu_typo_transform":"","ocean_menu_typo_transform_tablet":"","ocean_menu_typo_transform_mobile":"","ocean_menu_typo_line_height":0,"ocean_menu_typo_line_height_tablet":0,"ocean_menu_typo_line_height_mobile":0,"ocean_menu_typo_line_height_unit":"","ocean_menu_typo_spacing":0,"ocean_menu_typo_spacing_tablet":0,"ocean_menu_typo_spacing_mobile":0,"ocean_menu_typo_spacing_unit":"","ocean_menu_link_color":"","ocean_menu_link_color_hover":"","ocean_menu_link_color_active":"","ocean_menu_link_background":"","ocean_menu_link_hover_background":"","ocean_menu_link_active_background":"","ocean_menu_social_links_bg":"","ocean_menu_social_hover_links_bg":"","ocean_menu_social_links_color":"","ocean_menu_social_hover_links_color":"","ocean_disable_title":"default","ocean_disable_heading":"default","ocean_post_title":"","ocean_post_subheading":"","ocean_post_title_style":"","ocean_post_title_background_color":"","ocean_post_title_background":0,"ocean_post_title_bg_image_position":"","ocean_post_title_bg_image_attachment":"","ocean_post_title_bg_image_repeat":"","ocean_post_title_bg_image_size":"","ocean_post_title_height":0,"ocean_post_title_bg_overlay":0.5,"ocean_post_title_bg_overlay_color":"","ocean_disable_breadcrumbs":"default","ocean_breadcrumbs_color":"","ocean_breadcrumbs_separator_color":"","ocean_breadcrumbs_links_color":"","ocean_breadcrumbs_links_hover_color":"","ocean_display_footer_widgets":"default","ocean_display_footer_bottom":"default","ocean_custom_footer_template":"0","footnotes":""},"class_list":["post-333","page","type-page","status-publish","hentry","entry"],"yoast_head":"<!-- This site is optimized with the Yoast SEO plugin v27.3 - https:\/\/yoast.com\/product\/yoast-seo-wordpress\/ -->\n<title>Materialliste - Perfekte Folienkonen<\/title>\n<meta name=\"robots\" content=\"index, follow, max-snippet:-1, max-image-preview:large, max-video-preview:-1\" \/>\n<link rel=\"canonical\" href=\"https:\/\/folienkonen.de\/en\/service\/materialliste\/\" \/>\n<meta property=\"og:locale\" content=\"en_US\" \/>\n<meta property=\"og:type\" content=\"article\" \/>\n<meta property=\"og:title\" content=\"Materialliste - Perfekte Folienkonen\" \/>\n<meta property=\"og:description\" content=\"Schneidunterlage Als Schneidunterlage nutze ich eine Altera Schneidematte, Schneidunterlage A3 (30x45cm), selbstheilend Altera PRO, Gr\u00fcn\/Schwarz beidseitig mit Raster. Bezugsquelle: tz-bedarf.de Folie Ich benutze statt Folie das besonders d\u00fcnne Packband von Aldi S\u00fcd. Leider ist das Packband nur Aktionsware und kann nach meinen Recherchen auch nur bei Aldi S\u00fcd zum jeweiligen Aktionszeitpunkt bezogen werden. Falls jemand [&hellip;]\" \/>\n<meta property=\"og:url\" content=\"https:\/\/folienkonen.de\/en\/service\/materialliste\/\" \/>\n<meta property=\"og:site_name\" content=\"Perfekte Folienkonen\" \/>\n<meta property=\"article:modified_time\" content=\"2022-04-21T09:19:35+00:00\" \/>\n<meta name=\"twitter:card\" content=\"summary_large_image\" \/>\n<meta name=\"twitter:label1\" content=\"Est. reading time\" \/>\n\t<meta name=\"twitter:data1\" content=\"2 minutes\" \/>\n<script type=\"application\/ld+json\" class=\"yoast-schema-graph\">{\"@context\":\"https:\\\/\\\/schema.org\",\"@graph\":[{\"@type\":\"WebPage\",\"@id\":\"https:\\\/\\\/folienkonen.de\\\/service\\\/materialliste\\\/\",\"url\":\"https:\\\/\\\/folienkonen.de\\\/service\\\/materialliste\\\/\",\"name\":\"Materialliste - Perfekte Folienkonen\",\"isPartOf\":{\"@id\":\"https:\\\/\\\/folienkonen.de\\\/#website\"},\"datePublished\":\"2022-02-16T18:52:30+00:00\",\"dateModified\":\"2022-04-21T09:19:35+00:00\",\"breadcrumb\":{\"@id\":\"https:\\\/\\\/folienkonen.de\\\/service\\\/materialliste\\\/#breadcrumb\"},\"inLanguage\":\"en-US\",\"potentialAction\":[{\"@type\":\"ReadAction\",\"target\":[\"https:\\\/\\\/folienkonen.de\\\/service\\\/materialliste\\\/\"]}]},{\"@type\":\"BreadcrumbList\",\"@id\":\"https:\\\/\\\/folienkonen.de\\\/service\\\/materialliste\\\/#breadcrumb\",\"itemListElement\":[{\"@type\":\"ListItem\",\"position\":1,\"name\":\"Startseite\",\"item\":\"https:\\\/\\\/folienkonen.de\\\/\"},{\"@type\":\"ListItem\",\"position\":2,\"name\":\"Service\",\"item\":\"https:\\\/\\\/folienkonen.de\\\/service\\\/\"},{\"@type\":\"ListItem\",\"position\":3,\"name\":\"Materialliste\"}]},{\"@type\":\"WebSite\",\"@id\":\"https:\\\/\\\/folienkonen.de\\\/#website\",\"url\":\"https:\\\/\\\/folienkonen.de\\\/\",\"name\":\"Perfekte Folienkonen\",\"description\":\"Tipps und Tricks perfekte Folienkonen selbst herzustellen\",\"publisher\":{\"@id\":\"https:\\\/\\\/folienkonen.de\\\/#\\\/schema\\\/person\\\/97527885b54b1ed983d3a7035ab371f5\"},\"potentialAction\":[{\"@type\":\"SearchAction\",\"target\":{\"@type\":\"EntryPoint\",\"urlTemplate\":\"https:\\\/\\\/folienkonen.de\\\/?s={search_term_string}\"},\"query-input\":{\"@type\":\"PropertyValueSpecification\",\"valueRequired\":true,\"valueName\":\"search_term_string\"}}],\"inLanguage\":\"en-US\"},{\"@type\":[\"Person\",\"Organization\"],\"@id\":\"https:\\\/\\\/folienkonen.de\\\/#\\\/schema\\\/person\\\/97527885b54b1ed983d3a7035ab371f5\",\"name\":\"Bernd\",\"image\":{\"@type\":\"ImageObject\",\"inLanguage\":\"en-US\",\"@id\":\"https:\\\/\\\/folienkonen.de\\\/wp-content\\\/uploads\\\/2022\\\/02\\\/bernd.jpeg\",\"url\":\"https:\\\/\\\/folienkonen.de\\\/wp-content\\\/uploads\\\/2022\\\/02\\\/bernd.jpeg\",\"contentUrl\":\"https:\\\/\\\/folienkonen.de\\\/wp-content\\\/uploads\\\/2022\\\/02\\\/bernd.jpeg\",\"width\":500,\"height\":500,\"caption\":\"Bernd\"},\"logo\":{\"@id\":\"https:\\\/\\\/folienkonen.de\\\/wp-content\\\/uploads\\\/2022\\\/02\\\/bernd.jpeg\"},\"sameAs\":[\"https:\\\/\\\/folienkonen.de\"]}]}<\/script>\n<!-- \/ Yoast SEO plugin. -->","yoast_head_json":{"title":"Materialliste - Perfekte Folienkonen","robots":{"index":"index","follow":"follow","max-snippet":"max-snippet:-1","max-image-preview":"max-image-preview:large","max-video-preview":"max-video-preview:-1"},"canonical":"https:\/\/folienkonen.de\/en\/service\/materialliste\/","og_locale":"en_US","og_type":"article","og_title":"Materialliste - Perfekte Folienkonen","og_description":"Schneidunterlage Als Schneidunterlage nutze ich eine Altera Schneidematte, Schneidunterlage A3 (30x45cm), selbstheilend Altera PRO, Gr\u00fcn\/Schwarz beidseitig mit Raster. Bezugsquelle: tz-bedarf.de Folie Ich benutze statt Folie das besonders d\u00fcnne Packband von Aldi S\u00fcd. Leider ist das Packband nur Aktionsware und kann nach meinen Recherchen auch nur bei Aldi S\u00fcd zum jeweiligen Aktionszeitpunkt bezogen werden. Falls jemand [&hellip;]","og_url":"https:\/\/folienkonen.de\/en\/service\/materialliste\/","og_site_name":"Perfekte Folienkonen","article_modified_time":"2022-04-21T09:19:35+00:00","twitter_card":"summary_large_image","twitter_misc":{"Est. reading time":"2 minutes"},"schema":{"@context":"https:\/\/schema.org","@graph":[{"@type":"WebPage","@id":"https:\/\/folienkonen.de\/service\/materialliste\/","url":"https:\/\/folienkonen.de\/service\/materialliste\/","name":"Materialliste - Perfekte Folienkonen","isPartOf":{"@id":"https:\/\/folienkonen.de\/#website"},"datePublished":"2022-02-16T18:52:30+00:00","dateModified":"2022-04-21T09:19:35+00:00","breadcrumb":{"@id":"https:\/\/folienkonen.de\/service\/materialliste\/#breadcrumb"},"inLanguage":"en-US","potentialAction":[{"@type":"ReadAction","target":["https:\/\/folienkonen.de\/service\/materialliste\/"]}]},{"@type":"BreadcrumbList","@id":"https:\/\/folienkonen.de\/service\/materialliste\/#breadcrumb","itemListElement":[{"@type":"ListItem","position":1,"name":"Startseite","item":"https:\/\/folienkonen.de\/"},{"@type":"ListItem","position":2,"name":"Service","item":"https:\/\/folienkonen.de\/service\/"},{"@type":"ListItem","position":3,"name":"Materialliste"}]},{"@type":"WebSite","@id":"https:\/\/folienkonen.de\/#website","url":"https:\/\/folienkonen.de\/","name":"Perfect foil cones","description":"Tips and tricks for making perfect foil cones yourself","publisher":{"@id":"https:\/\/folienkonen.de\/#\/schema\/person\/97527885b54b1ed983d3a7035ab371f5"},"potentialAction":[{"@type":"SearchAction","target":{"@type":"EntryPoint","urlTemplate":"https:\/\/folienkonen.de\/?s={search_term_string}"},"query-input":{"@type":"PropertyValueSpecification","valueRequired":true,"valueName":"search_term_string"}}],"inLanguage":"en-US"},{"@type":["Person","Organization"],"@id":"https:\/\/folienkonen.de\/#\/schema\/person\/97527885b54b1ed983d3a7035ab371f5","name":"Bernd","image":{"@type":"ImageObject","inLanguage":"en-US","@id":"https:\/\/folienkonen.de\/wp-content\/uploads\/2022\/02\/bernd.jpeg","url":"https:\/\/folienkonen.de\/wp-content\/uploads\/2022\/02\/bernd.jpeg","contentUrl":"https:\/\/folienkonen.de\/wp-content\/uploads\/2022\/02\/bernd.jpeg","width":500,"height":500,"caption":"Bernd"},"logo":{"@id":"https:\/\/folienkonen.de\/wp-content\/uploads\/2022\/02\/bernd.jpeg"},"sameAs":["https:\/\/folienkonen.de"]}]}},"_links":{"self":[{"href":"https:\/\/folienkonen.de\/en\/wp-json\/wp\/v2\/pages\/333","targetHints":{"allow":["GET"]}}],"collection":[{"href":"https:\/\/folienkonen.de\/en\/wp-json\/wp\/v2\/pages"}],"about":[{"href":"https:\/\/folienkonen.de\/en\/wp-json\/wp\/v2\/types\/page"}],"author":[{"embeddable":true,"href":"https:\/\/folienkonen.de\/en\/wp-json\/wp\/v2\/users\/1"}],"replies":[{"embeddable":true,"href":"https:\/\/folienkonen.de\/en\/wp-json\/wp\/v2\/comments?post=333"}],"version-history":[{"count":31,"href":"https:\/\/folienkonen.de\/en\/wp-json\/wp\/v2\/pages\/333\/revisions"}],"predecessor-version":[{"id":1349,"href":"https:\/\/folienkonen.de\/en\/wp-json\/wp\/v2\/pages\/333\/revisions\/1349"}],"up":[{"embeddable":true,"href":"https:\/\/folienkonen.de\/en\/wp-json\/wp\/v2\/pages\/691"}],"wp:attachment":[{"href":"https:\/\/folienkonen.de\/en\/wp-json\/wp\/v2\/media?parent=333"}],"curies":[{"name":"wp","href":"https:\/\/api.w.org\/{rel}","templated":true}]}}