{"id":730,"date":"2022-02-21T10:26:29","date_gmt":"2022-02-21T10:26:29","guid":{"rendered":"https:\/\/folienkonen.de\/?page_id=730"},"modified":"2022-02-25T14:02:28","modified_gmt":"2022-02-25T14:02:28","slug":"wie-pruefe-ich-die-flugeigenschaften","status":"publish","type":"page","link":"https:\/\/folienkonen.de\/en\/optimierungen\/wie-pruefe-ich-die-flugeigenschaften\/","title":{"rendered":"How do I check the flight characteristics?"},"content":{"rendered":"<div data-elementor-type=\"wp-page\" data-elementor-id=\"730\" class=\"elementor elementor-730\">\n\t\t\t\t\t\t<section class=\"elementor-section elementor-top-section elementor-element elementor-element-0d215f9 elementor-section-boxed elementor-section-height-default elementor-section-height-default\" data-id=\"0d215f9\" data-element_type=\"section\" data-e-type=\"section\">\n\t\t\t\t\t\t<div class=\"elementor-container elementor-column-gap-default\">\n\t\t\t\t\t<div class=\"elementor-column elementor-col-100 elementor-top-column elementor-element elementor-element-fa279e7\" data-id=\"fa279e7\" data-element_type=\"column\" data-e-type=\"column\">\n\t\t\t<div class=\"elementor-widget-wrap elementor-element-populated\">\n\t\t\t\t\t\t<div class=\"elementor-element elementor-element-70a1c50 elementor-widget elementor-widget-text-editor\" data-id=\"70a1c50\" data-element_type=\"widget\" data-e-type=\"widget\" data-widget_type=\"text-editor.default\">\n\t\t\t\t<div class=\"elementor-widget-container\">\n\t\t\t\t\t\t\t\t\t<p>The flight characteristics of a foil cone can best be tested at greater distances. I personally shoot from 15 meters away. This is further than the usual competition distance. However, the flight characteristics can be better checked at this distance. Now, one objection, why go further away when the cone shows good flight behavior at 10 meters? If you ever move on a 3D parkour, it can be useful to have tested the foil cone for its flight characteristics over longer distances.<\/p>\n<p>For the test, I use a target that I developed myself for this purpose. she can <a href=\"https:\/\/folienkonen.de\/en\/download\/\">here<\/a> be downloaded for free.&nbsp;<\/p>\n<p>The colors of the targets are a bit paler than usual with targets. In this way, arrows that are colored transparent can also be easily recognized.<\/p>\n<p>Fine lines have been removed from the target. They should help to determine the target accuracy better.<\/p>\t\t\t\t\t\t\t\t<\/div>\n\t\t\t\t<\/div>\n\t\t\t\t\t<\/div>\n\t\t<\/div>\n\t\t\t\t\t<\/div>\n\t\t<\/section>\n\t\t\t\t<\/div>","protected":false},"excerpt":{"rendered":"<p>Die Flugeigenschaften eines Folienkonus lassen sich am besten auf gr\u00f6\u00dfere Distanzen pr\u00fcfen. Ich pers\u00f6nlich schie\u00dfe aus 15 Metern Entfernung. Das ist weiter als die \u00fcbliche Wettkampfentfernung. Allerdings lassen sich auf diese Entfernung die Flugeigenschaften besser \u00fcberpr\u00fcfen. Man man jetzt einwenden, warum weiter weg gehen, wenn der Konen auf 10 Meter Entfernung ein gutes Flugverhalten zeigt? [&hellip;]<\/p>\n","protected":false},"author":1,"featured_media":0,"parent":171,"menu_order":0,"comment_status":"closed","ping_status":"closed","template":"","meta":{"ocean_post_layout":"","ocean_both_sidebars_style":"","ocean_both_sidebars_content_width":0,"ocean_both_sidebars_sidebars_width":0,"ocean_sidebar":"0","ocean_second_sidebar":"0","ocean_disable_margins":"enable","ocean_add_body_class":"","ocean_shortcode_before_top_bar":"","ocean_shortcode_after_top_bar":"","ocean_shortcode_before_header":"","ocean_shortcode_after_header":"","ocean_has_shortcode":"","ocean_shortcode_after_title":"","ocean_shortcode_before_footer_widgets":"","ocean_shortcode_after_footer_widgets":"","ocean_shortcode_before_footer_bottom":"","ocean_shortcode_after_footer_bottom":"","ocean_display_top_bar":"default","ocean_display_header":"default","ocean_header_style":"","ocean_center_header_left_menu":"0","ocean_custom_header_template":"0","ocean_custom_logo":0,"ocean_custom_retina_logo":0,"ocean_custom_logo_max_width":0,"ocean_custom_logo_tablet_max_width":0,"ocean_custom_logo_mobile_max_width":0,"ocean_custom_logo_max_height":0,"ocean_custom_logo_tablet_max_height":0,"ocean_custom_logo_mobile_max_height":0,"ocean_header_custom_menu":"0","ocean_menu_typo_font_family":"0","ocean_menu_typo_font_subset":"","ocean_menu_typo_font_size":0,"ocean_menu_typo_font_size_tablet":0,"ocean_menu_typo_font_size_mobile":0,"ocean_menu_typo_font_size_unit":"px","ocean_menu_typo_font_weight":"","ocean_menu_typo_font_weight_tablet":"","ocean_menu_typo_font_weight_mobile":"","ocean_menu_typo_transform":"","ocean_menu_typo_transform_tablet":"","ocean_menu_typo_transform_mobile":"","ocean_menu_typo_line_height":0,"ocean_menu_typo_line_height_tablet":0,"ocean_menu_typo_line_height_mobile":0,"ocean_menu_typo_line_height_unit":"","ocean_menu_typo_spacing":0,"ocean_menu_typo_spacing_tablet":0,"ocean_menu_typo_spacing_mobile":0,"ocean_menu_typo_spacing_unit":"","ocean_menu_link_color":"","ocean_menu_link_color_hover":"","ocean_menu_link_color_active":"","ocean_menu_link_background":"","ocean_menu_link_hover_background":"","ocean_menu_link_active_background":"","ocean_menu_social_links_bg":"","ocean_menu_social_hover_links_bg":"","ocean_menu_social_links_color":"","ocean_menu_social_hover_links_color":"","ocean_disable_title":"default","ocean_disable_heading":"default","ocean_post_title":"","ocean_post_subheading":"","ocean_post_title_style":"","ocean_post_title_background_color":"","ocean_post_title_background":0,"ocean_post_title_bg_image_position":"","ocean_post_title_bg_image_attachment":"","ocean_post_title_bg_image_repeat":"","ocean_post_title_bg_image_size":"","ocean_post_title_height":0,"ocean_post_title_bg_overlay":0.5,"ocean_post_title_bg_overlay_color":"","ocean_disable_breadcrumbs":"default","ocean_breadcrumbs_color":"","ocean_breadcrumbs_separator_color":"","ocean_breadcrumbs_links_color":"","ocean_breadcrumbs_links_hover_color":"","ocean_display_footer_widgets":"default","ocean_display_footer_bottom":"default","ocean_custom_footer_template":"0","footnotes":""},"class_list":["post-730","page","type-page","status-publish","hentry","entry"],"yoast_head":"<!-- This site is optimized with the Yoast SEO plugin v27.3 - https:\/\/yoast.com\/product\/yoast-seo-wordpress\/ -->\n<title>Wie pr\u00fcfe ich die Flugeigenschaften? - Perfekte Folienkonen<\/title>\n<meta name=\"robots\" content=\"index, follow, max-snippet:-1, max-image-preview:large, max-video-preview:-1\" \/>\n<link rel=\"canonical\" href=\"https:\/\/folienkonen.de\/en\/optimierungen\/wie-pruefe-ich-die-flugeigenschaften\/\" \/>\n<meta property=\"og:locale\" content=\"en_US\" \/>\n<meta property=\"og:type\" content=\"article\" \/>\n<meta property=\"og:title\" content=\"Wie pr\u00fcfe ich die Flugeigenschaften? - Perfekte Folienkonen\" \/>\n<meta property=\"og:description\" content=\"Die Flugeigenschaften eines Folienkonus lassen sich am besten auf gr\u00f6\u00dfere Distanzen pr\u00fcfen. Ich pers\u00f6nlich schie\u00dfe aus 15 Metern Entfernung. Das ist weiter als die \u00fcbliche Wettkampfentfernung. Allerdings lassen sich auf diese Entfernung die Flugeigenschaften besser \u00fcberpr\u00fcfen. Man man jetzt einwenden, warum weiter weg gehen, wenn der Konen auf 10 Meter Entfernung ein gutes Flugverhalten zeigt? [&hellip;]\" \/>\n<meta property=\"og:url\" content=\"https:\/\/folienkonen.de\/en\/optimierungen\/wie-pruefe-ich-die-flugeigenschaften\/\" \/>\n<meta property=\"og:site_name\" content=\"Perfekte Folienkonen\" \/>\n<meta property=\"article:modified_time\" content=\"2022-02-25T14:02:28+00:00\" \/>\n<meta name=\"twitter:card\" content=\"summary_large_image\" \/>\n<meta name=\"twitter:label1\" content=\"Est. reading time\" \/>\n\t<meta name=\"twitter:data1\" content=\"1 minute\" \/>\n<script type=\"application\/ld+json\" class=\"yoast-schema-graph\">{\"@context\":\"https:\\\/\\\/schema.org\",\"@graph\":[{\"@type\":\"WebPage\",\"@id\":\"https:\\\/\\\/folienkonen.de\\\/optimierungen\\\/wie-pruefe-ich-die-flugeigenschaften\\\/\",\"url\":\"https:\\\/\\\/folienkonen.de\\\/optimierungen\\\/wie-pruefe-ich-die-flugeigenschaften\\\/\",\"name\":\"Wie pr\u00fcfe ich die Flugeigenschaften? - Perfekte Folienkonen\",\"isPartOf\":{\"@id\":\"https:\\\/\\\/folienkonen.de\\\/#website\"},\"datePublished\":\"2022-02-21T10:26:29+00:00\",\"dateModified\":\"2022-02-25T14:02:28+00:00\",\"breadcrumb\":{\"@id\":\"https:\\\/\\\/folienkonen.de\\\/optimierungen\\\/wie-pruefe-ich-die-flugeigenschaften\\\/#breadcrumb\"},\"inLanguage\":\"en-US\",\"potentialAction\":[{\"@type\":\"ReadAction\",\"target\":[\"https:\\\/\\\/folienkonen.de\\\/optimierungen\\\/wie-pruefe-ich-die-flugeigenschaften\\\/\"]}]},{\"@type\":\"BreadcrumbList\",\"@id\":\"https:\\\/\\\/folienkonen.de\\\/optimierungen\\\/wie-pruefe-ich-die-flugeigenschaften\\\/#breadcrumb\",\"itemListElement\":[{\"@type\":\"ListItem\",\"position\":1,\"name\":\"Startseite\",\"item\":\"https:\\\/\\\/folienkonen.de\\\/\"},{\"@type\":\"ListItem\",\"position\":2,\"name\":\"Optimierungen\",\"item\":\"https:\\\/\\\/folienkonen.de\\\/optimierungen\\\/\"},{\"@type\":\"ListItem\",\"position\":3,\"name\":\"Wie pr\u00fcfe ich die Flugeigenschaften?\"}]},{\"@type\":\"WebSite\",\"@id\":\"https:\\\/\\\/folienkonen.de\\\/#website\",\"url\":\"https:\\\/\\\/folienkonen.de\\\/\",\"name\":\"Perfekte Folienkonen\",\"description\":\"Tipps und Tricks perfekte Folienkonen selbst herzustellen\",\"publisher\":{\"@id\":\"https:\\\/\\\/folienkonen.de\\\/#\\\/schema\\\/person\\\/97527885b54b1ed983d3a7035ab371f5\"},\"potentialAction\":[{\"@type\":\"SearchAction\",\"target\":{\"@type\":\"EntryPoint\",\"urlTemplate\":\"https:\\\/\\\/folienkonen.de\\\/?s={search_term_string}\"},\"query-input\":{\"@type\":\"PropertyValueSpecification\",\"valueRequired\":true,\"valueName\":\"search_term_string\"}}],\"inLanguage\":\"en-US\"},{\"@type\":[\"Person\",\"Organization\"],\"@id\":\"https:\\\/\\\/folienkonen.de\\\/#\\\/schema\\\/person\\\/97527885b54b1ed983d3a7035ab371f5\",\"name\":\"Bernd\",\"image\":{\"@type\":\"ImageObject\",\"inLanguage\":\"en-US\",\"@id\":\"https:\\\/\\\/folienkonen.de\\\/wp-content\\\/uploads\\\/2022\\\/02\\\/bernd.jpeg\",\"url\":\"https:\\\/\\\/folienkonen.de\\\/wp-content\\\/uploads\\\/2022\\\/02\\\/bernd.jpeg\",\"contentUrl\":\"https:\\\/\\\/folienkonen.de\\\/wp-content\\\/uploads\\\/2022\\\/02\\\/bernd.jpeg\",\"width\":500,\"height\":500,\"caption\":\"Bernd\"},\"logo\":{\"@id\":\"https:\\\/\\\/folienkonen.de\\\/wp-content\\\/uploads\\\/2022\\\/02\\\/bernd.jpeg\"},\"sameAs\":[\"https:\\\/\\\/folienkonen.de\"]}]}<\/script>\n<!-- \/ Yoast SEO plugin. -->","yoast_head_json":{"title":"Wie pr\u00fcfe ich die Flugeigenschaften? - Perfekte Folienkonen","robots":{"index":"index","follow":"follow","max-snippet":"max-snippet:-1","max-image-preview":"max-image-preview:large","max-video-preview":"max-video-preview:-1"},"canonical":"https:\/\/folienkonen.de\/en\/optimierungen\/wie-pruefe-ich-die-flugeigenschaften\/","og_locale":"en_US","og_type":"article","og_title":"Wie pr\u00fcfe ich die Flugeigenschaften? - Perfekte Folienkonen","og_description":"Die Flugeigenschaften eines Folienkonus lassen sich am besten auf gr\u00f6\u00dfere Distanzen pr\u00fcfen. Ich pers\u00f6nlich schie\u00dfe aus 15 Metern Entfernung. Das ist weiter als die \u00fcbliche Wettkampfentfernung. Allerdings lassen sich auf diese Entfernung die Flugeigenschaften besser \u00fcberpr\u00fcfen. Man man jetzt einwenden, warum weiter weg gehen, wenn der Konen auf 10 Meter Entfernung ein gutes Flugverhalten zeigt? [&hellip;]","og_url":"https:\/\/folienkonen.de\/en\/optimierungen\/wie-pruefe-ich-die-flugeigenschaften\/","og_site_name":"Perfekte Folienkonen","article_modified_time":"2022-02-25T14:02:28+00:00","twitter_card":"summary_large_image","twitter_misc":{"Est. reading time":"1 minute"},"schema":{"@context":"https:\/\/schema.org","@graph":[{"@type":"WebPage","@id":"https:\/\/folienkonen.de\/optimierungen\/wie-pruefe-ich-die-flugeigenschaften\/","url":"https:\/\/folienkonen.de\/optimierungen\/wie-pruefe-ich-die-flugeigenschaften\/","name":"Wie pr\u00fcfe ich die Flugeigenschaften? - Perfekte Folienkonen","isPartOf":{"@id":"https:\/\/folienkonen.de\/#website"},"datePublished":"2022-02-21T10:26:29+00:00","dateModified":"2022-02-25T14:02:28+00:00","breadcrumb":{"@id":"https:\/\/folienkonen.de\/optimierungen\/wie-pruefe-ich-die-flugeigenschaften\/#breadcrumb"},"inLanguage":"en-US","potentialAction":[{"@type":"ReadAction","target":["https:\/\/folienkonen.de\/optimierungen\/wie-pruefe-ich-die-flugeigenschaften\/"]}]},{"@type":"BreadcrumbList","@id":"https:\/\/folienkonen.de\/optimierungen\/wie-pruefe-ich-die-flugeigenschaften\/#breadcrumb","itemListElement":[{"@type":"ListItem","position":1,"name":"Startseite","item":"https:\/\/folienkonen.de\/"},{"@type":"ListItem","position":2,"name":"Optimierungen","item":"https:\/\/folienkonen.de\/optimierungen\/"},{"@type":"ListItem","position":3,"name":"Wie pr\u00fcfe ich die Flugeigenschaften?"}]},{"@type":"WebSite","@id":"https:\/\/folienkonen.de\/#website","url":"https:\/\/folienkonen.de\/","name":"Perfect foil cones","description":"Tips and tricks for making perfect foil cones yourself","publisher":{"@id":"https:\/\/folienkonen.de\/#\/schema\/person\/97527885b54b1ed983d3a7035ab371f5"},"potentialAction":[{"@type":"SearchAction","target":{"@type":"EntryPoint","urlTemplate":"https:\/\/folienkonen.de\/?s={search_term_string}"},"query-input":{"@type":"PropertyValueSpecification","valueRequired":true,"valueName":"search_term_string"}}],"inLanguage":"en-US"},{"@type":["Person","Organization"],"@id":"https:\/\/folienkonen.de\/#\/schema\/person\/97527885b54b1ed983d3a7035ab371f5","name":"Bernd","image":{"@type":"ImageObject","inLanguage":"en-US","@id":"https:\/\/folienkonen.de\/wp-content\/uploads\/2022\/02\/bernd.jpeg","url":"https:\/\/folienkonen.de\/wp-content\/uploads\/2022\/02\/bernd.jpeg","contentUrl":"https:\/\/folienkonen.de\/wp-content\/uploads\/2022\/02\/bernd.jpeg","width":500,"height":500,"caption":"Bernd"},"logo":{"@id":"https:\/\/folienkonen.de\/wp-content\/uploads\/2022\/02\/bernd.jpeg"},"sameAs":["https:\/\/folienkonen.de"]}]}},"_links":{"self":[{"href":"https:\/\/folienkonen.de\/en\/wp-json\/wp\/v2\/pages\/730","targetHints":{"allow":["GET"]}}],"collection":[{"href":"https:\/\/folienkonen.de\/en\/wp-json\/wp\/v2\/pages"}],"about":[{"href":"https:\/\/folienkonen.de\/en\/wp-json\/wp\/v2\/types\/page"}],"author":[{"embeddable":true,"href":"https:\/\/folienkonen.de\/en\/wp-json\/wp\/v2\/users\/1"}],"replies":[{"embeddable":true,"href":"https:\/\/folienkonen.de\/en\/wp-json\/wp\/v2\/comments?post=730"}],"version-history":[{"count":11,"href":"https:\/\/folienkonen.de\/en\/wp-json\/wp\/v2\/pages\/730\/revisions"}],"predecessor-version":[{"id":1214,"href":"https:\/\/folienkonen.de\/en\/wp-json\/wp\/v2\/pages\/730\/revisions\/1214"}],"up":[{"embeddable":true,"href":"https:\/\/folienkonen.de\/en\/wp-json\/wp\/v2\/pages\/171"}],"wp:attachment":[{"href":"https:\/\/folienkonen.de\/en\/wp-json\/wp\/v2\/media?parent=730"}],"curies":[{"name":"wp","href":"https:\/\/api.w.org\/{rel}","templated":true}]}}