{"id":979,"date":"2022-02-24T08:39:58","date_gmt":"2022-02-24T08:39:58","guid":{"rendered":"https:\/\/folienkonen.de\/?page_id=979"},"modified":"2022-02-24T09:59:19","modified_gmt":"2022-02-24T09:59:19","slug":"fragen-und-antworten","status":"publish","type":"page","link":"https:\/\/folienkonen.de\/en\/service\/fragen-und-antworten\/","title":{"rendered":"questions and answers"},"content":{"rendered":"<div data-elementor-type=\"wp-page\" data-elementor-id=\"979\" class=\"elementor elementor-979\">\n\t\t\t\t\t\t<section class=\"elementor-section elementor-top-section elementor-element elementor-element-cce0017 elementor-section-boxed elementor-section-height-default elementor-section-height-default\" data-id=\"cce0017\" data-element_type=\"section\" data-e-type=\"section\">\n\t\t\t\t\t\t<div class=\"elementor-container elementor-column-gap-default\">\n\t\t\t\t\t<div class=\"elementor-column elementor-col-100 elementor-top-column elementor-element elementor-element-dfa4a5c\" data-id=\"dfa4a5c\" data-element_type=\"column\" data-e-type=\"column\">\n\t\t\t<div class=\"elementor-widget-wrap elementor-element-populated\">\n\t\t\t\t\t\t<div class=\"elementor-element elementor-element-7841a6c elementor-widget elementor-widget-text-editor\" data-id=\"7841a6c\" data-element_type=\"widget\" data-e-type=\"widget\" data-widget_type=\"text-editor.default\">\n\t\t\t\t<div class=\"elementor-widget-container\">\n\t\t\t\t\t\t\t\t\t<p>I keep getting questions about my website. Since some of these questions might also be of interest to others, I have listed them here. This list will be expanded at irregular intervals.<\/p>\t\t\t\t\t\t\t\t<\/div>\n\t\t\t\t<\/div>\n\t\t\t\t\t<\/div>\n\t\t<\/div>\n\t\t\t\t\t<\/div>\n\t\t<\/section>\n\t\t\t\t<section class=\"elementor-section elementor-top-section elementor-element elementor-element-a2addb2 elementor-section-boxed elementor-section-height-default elementor-section-height-default\" data-id=\"a2addb2\" data-element_type=\"section\" data-e-type=\"section\">\n\t\t\t\t\t\t<div class=\"elementor-container elementor-column-gap-default\">\n\t\t\t\t\t<div class=\"elementor-column elementor-col-100 elementor-top-column elementor-element elementor-element-fbfefef\" data-id=\"fbfefef\" data-element_type=\"column\" data-e-type=\"column\">\n\t\t\t<div class=\"elementor-widget-wrap elementor-element-populated\">\n\t\t\t\t\t\t<div class=\"elementor-element elementor-element-8a1f5ba elementor-widget-divider--view-line elementor-widget elementor-widget-divider\" data-id=\"8a1f5ba\" data-element_type=\"widget\" data-e-type=\"widget\" data-widget_type=\"divider.default\">\n\t\t\t\t<div class=\"elementor-widget-container\">\n\t\t\t\t\t\t\t<div class=\"elementor-divider\">\n\t\t\t<span class=\"elementor-divider-separator\">\n\t\t\t\t\t\t<\/span>\n\t\t<\/div>\n\t\t\t\t\t\t<\/div>\n\t\t\t\t<\/div>\n\t\t\t\t\t<\/div>\n\t\t<\/div>\n\t\t\t\t\t<\/div>\n\t\t<\/section>\n\t\t\t\t<section class=\"elementor-section elementor-top-section elementor-element elementor-element-e14bec2 elementor-section-boxed elementor-section-height-default elementor-section-height-default\" data-id=\"e14bec2\" data-element_type=\"section\" data-e-type=\"section\">\n\t\t\t\t\t\t<div class=\"elementor-container elementor-column-gap-default\">\n\t\t\t\t\t<div class=\"elementor-column elementor-col-50 elementor-top-column elementor-element elementor-element-5d40acc\" data-id=\"5d40acc\" data-element_type=\"column\" data-e-type=\"column\">\n\t\t\t<div class=\"elementor-widget-wrap elementor-element-populated\">\n\t\t\t\t\t\t<div class=\"elementor-element elementor-element-2dc06f0 elementor-widget elementor-widget-heading\" data-id=\"2dc06f0\" data-element_type=\"widget\" data-e-type=\"widget\" data-widget_type=\"heading.default\">\n\t\t\t\t<div class=\"elementor-widget-container\">\n\t\t\t\t\t<h2 class=\"elementor-heading-title elementor-size-default\">How far do these cones fly?<\/h2>\t\t\t\t<\/div>\n\t\t\t\t<\/div>\n\t\t\t\t\t<\/div>\n\t\t<\/div>\n\t\t\t\t<div class=\"elementor-column elementor-col-50 elementor-top-column elementor-element elementor-element-d02fe8d\" data-id=\"d02fe8d\" data-element_type=\"column\" data-e-type=\"column\">\n\t\t\t<div class=\"elementor-widget-wrap elementor-element-populated\">\n\t\t\t\t\t\t<div class=\"elementor-element elementor-element-2d71f57 elementor-widget elementor-widget-text-editor\" data-id=\"2d71f57\" data-element_type=\"widget\" data-e-type=\"widget\" data-widget_type=\"text-editor.default\">\n\t\t\t\t<div class=\"elementor-widget-container\">\n\t\t\t\t\t\t\t\t\t<p>I cannot make a conclusive statement here. I tested the foil cones at a distance of 30 meters myself. My usual distance is 15 meters. I don&#039;t have a ballistic curve up to that distance.\u00a0<\/p>\t\t\t\t\t\t\t\t<\/div>\n\t\t\t\t<\/div>\n\t\t\t\t\t<\/div>\n\t\t<\/div>\n\t\t\t\t\t<\/div>\n\t\t<\/section>\n\t\t\t\t<section class=\"elementor-section elementor-top-section elementor-element elementor-element-79fedc5 elementor-section-boxed elementor-section-height-default elementor-section-height-default\" data-id=\"79fedc5\" data-element_type=\"section\" data-e-type=\"section\">\n\t\t\t\t\t\t<div class=\"elementor-container elementor-column-gap-default\">\n\t\t\t\t\t<div class=\"elementor-column elementor-col-100 elementor-top-column elementor-element elementor-element-c52ba6c\" data-id=\"c52ba6c\" data-element_type=\"column\" data-e-type=\"column\">\n\t\t\t<div class=\"elementor-widget-wrap elementor-element-populated\">\n\t\t\t\t\t\t<div class=\"elementor-element elementor-element-5eab65c elementor-widget-divider--view-line elementor-widget elementor-widget-divider\" data-id=\"5eab65c\" data-element_type=\"widget\" data-e-type=\"widget\" data-widget_type=\"divider.default\">\n\t\t\t\t<div class=\"elementor-widget-container\">\n\t\t\t\t\t\t\t<div class=\"elementor-divider\">\n\t\t\t<span class=\"elementor-divider-separator\">\n\t\t\t\t\t\t<\/span>\n\t\t<\/div>\n\t\t\t\t\t\t<\/div>\n\t\t\t\t<\/div>\n\t\t\t\t\t<\/div>\n\t\t<\/div>\n\t\t\t\t\t<\/div>\n\t\t<\/section>\n\t\t\t\t<section class=\"elementor-section elementor-top-section elementor-element elementor-element-878becf elementor-section-boxed elementor-section-height-default elementor-section-height-default\" data-id=\"878becf\" data-element_type=\"section\" data-e-type=\"section\">\n\t\t\t\t\t\t<div class=\"elementor-container elementor-column-gap-default\">\n\t\t\t\t\t<div class=\"elementor-column elementor-col-50 elementor-top-column elementor-element elementor-element-aa1d666\" data-id=\"aa1d666\" data-element_type=\"column\" data-e-type=\"column\">\n\t\t\t<div class=\"elementor-widget-wrap elementor-element-populated\">\n\t\t\t\t\t\t<div class=\"elementor-element elementor-element-1807946 elementor-widget elementor-widget-heading\" data-id=\"1807946\" data-element_type=\"widget\" data-e-type=\"widget\" data-widget_type=\"heading.default\">\n\t\t\t\t<div class=\"elementor-widget-container\">\n\t\t\t\t\t<h2 class=\"elementor-heading-title elementor-size-default\">In which languages will the website be available?<\/h2>\t\t\t\t<\/div>\n\t\t\t\t<\/div>\n\t\t\t\t\t<\/div>\n\t\t<\/div>\n\t\t\t\t<div class=\"elementor-column elementor-col-50 elementor-top-column elementor-element elementor-element-e836fcb\" data-id=\"e836fcb\" data-element_type=\"column\" data-e-type=\"column\">\n\t\t\t<div class=\"elementor-widget-wrap elementor-element-populated\">\n\t\t\t\t\t\t<div class=\"elementor-element elementor-element-2a226fb elementor-widget elementor-widget-text-editor\" data-id=\"2a226fb\" data-element_type=\"widget\" data-e-type=\"widget\" data-widget_type=\"text-editor.default\">\n\t\t\t\t<div class=\"elementor-widget-container\">\n\t\t\t\t\t\t\t\t\t<p>The source language of this website is German. There is currently an automatic English translation available on request. If other languages are required, please <a href=\"https:\/\/folienkonen.de\/en\/kontakt\/\">info<\/a> to me.\u00a0\u00a0<\/p>\t\t\t\t\t\t\t\t<\/div>\n\t\t\t\t<\/div>\n\t\t\t\t\t<\/div>\n\t\t<\/div>\n\t\t\t\t\t<\/div>\n\t\t<\/section>\n\t\t\t\t<section class=\"elementor-section elementor-top-section elementor-element elementor-element-bba700a elementor-section-boxed elementor-section-height-default elementor-section-height-default\" data-id=\"bba700a\" data-element_type=\"section\" data-e-type=\"section\">\n\t\t\t\t\t\t<div class=\"elementor-container elementor-column-gap-default\">\n\t\t\t\t\t<div class=\"elementor-column elementor-col-100 elementor-top-column elementor-element elementor-element-5bcd146\" data-id=\"5bcd146\" data-element_type=\"column\" data-e-type=\"column\">\n\t\t\t<div class=\"elementor-widget-wrap elementor-element-populated\">\n\t\t\t\t\t\t<div class=\"elementor-element elementor-element-dae048c elementor-widget-divider--view-line elementor-widget elementor-widget-divider\" data-id=\"dae048c\" data-element_type=\"widget\" data-e-type=\"widget\" data-widget_type=\"divider.default\">\n\t\t\t\t<div class=\"elementor-widget-container\">\n\t\t\t\t\t\t\t<div class=\"elementor-divider\">\n\t\t\t<span class=\"elementor-divider-separator\">\n\t\t\t\t\t\t<\/span>\n\t\t<\/div>\n\t\t\t\t\t\t<\/div>\n\t\t\t\t<\/div>\n\t\t\t\t\t<\/div>\n\t\t<\/div>\n\t\t\t\t\t<\/div>\n\t\t<\/section>\n\t\t\t\t<section class=\"elementor-section elementor-top-section elementor-element elementor-element-69753fb elementor-section-boxed elementor-section-height-default elementor-section-height-default\" data-id=\"69753fb\" data-element_type=\"section\" data-e-type=\"section\">\n\t\t\t\t\t\t<div class=\"elementor-container elementor-column-gap-default\">\n\t\t\t\t\t<div class=\"elementor-column elementor-col-50 elementor-top-column elementor-element elementor-element-744b35e\" data-id=\"744b35e\" data-element_type=\"column\" data-e-type=\"column\">\n\t\t\t<div class=\"elementor-widget-wrap elementor-element-populated\">\n\t\t\t\t\t\t<div class=\"elementor-element elementor-element-2198dc7 elementor-widget elementor-widget-heading\" data-id=\"2198dc7\" data-element_type=\"widget\" data-e-type=\"widget\" data-widget_type=\"heading.default\">\n\t\t\t\t<div class=\"elementor-widget-container\">\n\t\t\t\t\t<h2 class=\"elementor-heading-title elementor-size-default\">Do you sell your foil cones?<\/h2>\t\t\t\t<\/div>\n\t\t\t\t<\/div>\n\t\t\t\t\t<\/div>\n\t\t<\/div>\n\t\t\t\t<div class=\"elementor-column elementor-col-50 elementor-top-column elementor-element elementor-element-239628e\" data-id=\"239628e\" data-element_type=\"column\" data-e-type=\"column\">\n\t\t\t<div class=\"elementor-widget-wrap elementor-element-populated\">\n\t\t\t\t\t\t<div class=\"elementor-element elementor-element-918f652 elementor-widget elementor-widget-text-editor\" data-id=\"918f652\" data-element_type=\"widget\" data-e-type=\"widget\" data-widget_type=\"text-editor.default\">\n\t\t\t\t<div class=\"elementor-widget-container\">\n\t\t\t\t\t\t\t\t\t<p>No. It&#039;s a hobby of mine and not a commercial activity. My website is only for the exchange of information.\u00a0\u00a0<\/p>\t\t\t\t\t\t\t\t<\/div>\n\t\t\t\t<\/div>\n\t\t\t\t\t<\/div>\n\t\t<\/div>\n\t\t\t\t\t<\/div>\n\t\t<\/section>\n\t\t\t\t<section class=\"elementor-section elementor-top-section elementor-element elementor-element-82594c4 elementor-section-boxed elementor-section-height-default elementor-section-height-default\" data-id=\"82594c4\" data-element_type=\"section\" data-e-type=\"section\">\n\t\t\t\t\t\t<div class=\"elementor-container elementor-column-gap-default\">\n\t\t\t\t\t<div class=\"elementor-column elementor-col-100 elementor-top-column elementor-element elementor-element-fa24c0f\" data-id=\"fa24c0f\" data-element_type=\"column\" data-e-type=\"column\">\n\t\t\t<div class=\"elementor-widget-wrap elementor-element-populated\">\n\t\t\t\t\t\t<div class=\"elementor-element elementor-element-fbb9970 elementor-widget-divider--view-line elementor-widget elementor-widget-divider\" data-id=\"fbb9970\" data-element_type=\"widget\" data-e-type=\"widget\" data-widget_type=\"divider.default\">\n\t\t\t\t<div class=\"elementor-widget-container\">\n\t\t\t\t\t\t\t<div class=\"elementor-divider\">\n\t\t\t<span class=\"elementor-divider-separator\">\n\t\t\t\t\t\t<\/span>\n\t\t<\/div>\n\t\t\t\t\t\t<\/div>\n\t\t\t\t<\/div>\n\t\t\t\t\t<\/div>\n\t\t<\/div>\n\t\t\t\t\t<\/div>\n\t\t<\/section>\n\t\t\t\t<section class=\"elementor-section elementor-top-section elementor-element elementor-element-ba85c90 elementor-section-boxed elementor-section-height-default elementor-section-height-default\" data-id=\"ba85c90\" data-element_type=\"section\" data-e-type=\"section\">\n\t\t\t\t\t\t<div class=\"elementor-container elementor-column-gap-default\">\n\t\t\t\t\t<div class=\"elementor-column elementor-col-50 elementor-top-column elementor-element elementor-element-6cbc71d\" data-id=\"6cbc71d\" data-element_type=\"column\" data-e-type=\"column\">\n\t\t\t<div class=\"elementor-widget-wrap elementor-element-populated\">\n\t\t\t\t\t\t<div class=\"elementor-element elementor-element-65aa3b6 elementor-widget elementor-widget-heading\" data-id=\"65aa3b6\" data-element_type=\"widget\" data-e-type=\"widget\" data-widget_type=\"heading.default\">\n\t\t\t\t<div class=\"elementor-widget-container\">\n\t\t\t\t\t<h2 class=\"elementor-heading-title elementor-size-default\">How do I make foil cones for other calibers?<\/h2>\t\t\t\t<\/div>\n\t\t\t\t<\/div>\n\t\t\t\t\t<\/div>\n\t\t<\/div>\n\t\t\t\t<div class=\"elementor-column elementor-col-50 elementor-top-column elementor-element elementor-element-6e9c88c\" data-id=\"6e9c88c\" data-element_type=\"column\" data-e-type=\"column\">\n\t\t\t<div class=\"elementor-widget-wrap elementor-element-populated\">\n\t\t\t\t\t\t<div class=\"elementor-element elementor-element-a458c35 elementor-widget elementor-widget-text-editor\" data-id=\"a458c35\" data-element_type=\"widget\" data-e-type=\"widget\" data-widget_type=\"text-editor.default\">\n\t\t\t\t<div class=\"elementor-widget-container\">\n\t\t\t\t\t\t\t\t\t<p><span style=\"background-color: rgba(0, 0, 0, 0);\">The first thing you should do is get a suitable winding aid for the different calibers. In my opinion, the curtain rod end piece I suggested is not suitable for smaller calibres. The smaller cone that can be produced with it would be far too short with a smaller caliber. In addition, the height of the cutter would have to be adjusted to the other caliber.<\/span><\/p>\t\t\t\t\t\t\t\t<\/div>\n\t\t\t\t<\/div>\n\t\t\t\t\t<\/div>\n\t\t<\/div>\n\t\t\t\t\t<\/div>\n\t\t<\/section>\n\t\t\t\t<section class=\"elementor-section elementor-top-section elementor-element elementor-element-c115864 elementor-section-boxed elementor-section-height-default elementor-section-height-default\" data-id=\"c115864\" data-element_type=\"section\" data-e-type=\"section\">\n\t\t\t\t\t\t<div class=\"elementor-container elementor-column-gap-default\">\n\t\t\t\t\t<div class=\"elementor-column elementor-col-100 elementor-top-column elementor-element elementor-element-1fbff07\" data-id=\"1fbff07\" data-element_type=\"column\" data-e-type=\"column\">\n\t\t\t<div class=\"elementor-widget-wrap elementor-element-populated\">\n\t\t\t\t\t\t<div class=\"elementor-element elementor-element-76d58f5 elementor-widget-divider--view-line elementor-widget elementor-widget-divider\" data-id=\"76d58f5\" data-element_type=\"widget\" data-e-type=\"widget\" data-widget_type=\"divider.default\">\n\t\t\t\t<div class=\"elementor-widget-container\">\n\t\t\t\t\t\t\t<div class=\"elementor-divider\">\n\t\t\t<span class=\"elementor-divider-separator\">\n\t\t\t\t\t\t<\/span>\n\t\t<\/div>\n\t\t\t\t\t\t<\/div>\n\t\t\t\t<\/div>\n\t\t\t\t\t<\/div>\n\t\t<\/div>\n\t\t\t\t\t<\/div>\n\t\t<\/section>\n\t\t\t\t<\/div>","protected":false},"excerpt":{"rendered":"<p>Ich bekomme zu meiner Webseite immer wieder Fragen gestellt. Da manche dieser Fragen auch andere interessieren k\u00f6nnten, habe ich sie hier aufgef\u00fchrt. Diese Auflistung wird in unregelm\u00e4\u00dfigen Abst\u00e4nden erweitert. Wie weit fliegen diese Konen? Eine abschlie\u00dfende Aussage kann ich hier nicht treffen. Ich selbst habe die Folienkonen auf 30 Metern Distanz getestet. Meine \u00fcbliche Distanz [&hellip;]<\/p>\n","protected":false},"author":1,"featured_media":0,"parent":691,"menu_order":2,"comment_status":"closed","ping_status":"closed","template":"","meta":{"ocean_post_layout":"","ocean_both_sidebars_style":"","ocean_both_sidebars_content_width":0,"ocean_both_sidebars_sidebars_width":0,"ocean_sidebar":"0","ocean_second_sidebar":"0","ocean_disable_margins":"enable","ocean_add_body_class":"","ocean_shortcode_before_top_bar":"","ocean_shortcode_after_top_bar":"","ocean_shortcode_before_header":"","ocean_shortcode_after_header":"","ocean_has_shortcode":"","ocean_shortcode_after_title":"","ocean_shortcode_before_footer_widgets":"","ocean_shortcode_after_footer_widgets":"","ocean_shortcode_before_footer_bottom":"","ocean_shortcode_after_footer_bottom":"","ocean_display_top_bar":"default","ocean_display_header":"default","ocean_header_style":"","ocean_center_header_left_menu":"0","ocean_custom_header_template":"0","ocean_custom_logo":0,"ocean_custom_retina_logo":0,"ocean_custom_logo_max_width":0,"ocean_custom_logo_tablet_max_width":0,"ocean_custom_logo_mobile_max_width":0,"ocean_custom_logo_max_height":0,"ocean_custom_logo_tablet_max_height":0,"ocean_custom_logo_mobile_max_height":0,"ocean_header_custom_menu":"0","ocean_menu_typo_font_family":"0","ocean_menu_typo_font_subset":"","ocean_menu_typo_font_size":0,"ocean_menu_typo_font_size_tablet":0,"ocean_menu_typo_font_size_mobile":0,"ocean_menu_typo_font_size_unit":"px","ocean_menu_typo_font_weight":"","ocean_menu_typo_font_weight_tablet":"","ocean_menu_typo_font_weight_mobile":"","ocean_menu_typo_transform":"","ocean_menu_typo_transform_tablet":"","ocean_menu_typo_transform_mobile":"","ocean_menu_typo_line_height":0,"ocean_menu_typo_line_height_tablet":0,"ocean_menu_typo_line_height_mobile":0,"ocean_menu_typo_line_height_unit":"","ocean_menu_typo_spacing":0,"ocean_menu_typo_spacing_tablet":0,"ocean_menu_typo_spacing_mobile":0,"ocean_menu_typo_spacing_unit":"","ocean_menu_link_color":"","ocean_menu_link_color_hover":"","ocean_menu_link_color_active":"","ocean_menu_link_background":"","ocean_menu_link_hover_background":"","ocean_menu_link_active_background":"","ocean_menu_social_links_bg":"","ocean_menu_social_hover_links_bg":"","ocean_menu_social_links_color":"","ocean_menu_social_hover_links_color":"","ocean_disable_title":"default","ocean_disable_heading":"default","ocean_post_title":"","ocean_post_subheading":"","ocean_post_title_style":"","ocean_post_title_background_color":"","ocean_post_title_background":0,"ocean_post_title_bg_image_position":"","ocean_post_title_bg_image_attachment":"","ocean_post_title_bg_image_repeat":"","ocean_post_title_bg_image_size":"","ocean_post_title_height":0,"ocean_post_title_bg_overlay":0.5,"ocean_post_title_bg_overlay_color":"","ocean_disable_breadcrumbs":"default","ocean_breadcrumbs_color":"","ocean_breadcrumbs_separator_color":"","ocean_breadcrumbs_links_color":"","ocean_breadcrumbs_links_hover_color":"","ocean_display_footer_widgets":"default","ocean_display_footer_bottom":"default","ocean_custom_footer_template":"0","footnotes":""},"class_list":["post-979","page","type-page","status-publish","hentry","entry"],"yoast_head":"<!-- This site is optimized with the Yoast SEO plugin v27.3 - https:\/\/yoast.com\/product\/yoast-seo-wordpress\/ -->\n<title>Fragen und Antworten - Perfekte Folienkonen<\/title>\n<meta name=\"robots\" content=\"index, follow, max-snippet:-1, max-image-preview:large, max-video-preview:-1\" \/>\n<link rel=\"canonical\" href=\"https:\/\/folienkonen.de\/en\/service\/fragen-und-antworten\/\" \/>\n<meta property=\"og:locale\" content=\"en_US\" \/>\n<meta property=\"og:type\" content=\"article\" \/>\n<meta property=\"og:title\" content=\"Fragen und Antworten - Perfekte Folienkonen\" \/>\n<meta property=\"og:description\" content=\"Ich bekomme zu meiner Webseite immer wieder Fragen gestellt. Da manche dieser Fragen auch andere interessieren k\u00f6nnten, habe ich sie hier aufgef\u00fchrt. Diese Auflistung wird in unregelm\u00e4\u00dfigen Abst\u00e4nden erweitert. Wie weit fliegen diese Konen? Eine abschlie\u00dfende Aussage kann ich hier nicht treffen. Ich selbst habe die Folienkonen auf 30 Metern Distanz getestet. Meine \u00fcbliche Distanz [&hellip;]\" \/>\n<meta property=\"og:url\" content=\"https:\/\/folienkonen.de\/en\/service\/fragen-und-antworten\/\" \/>\n<meta property=\"og:site_name\" content=\"Perfekte Folienkonen\" \/>\n<meta property=\"article:modified_time\" content=\"2022-02-24T09:59:19+00:00\" \/>\n<meta name=\"twitter:card\" content=\"summary_large_image\" \/>\n<meta name=\"twitter:label1\" content=\"Est. reading time\" \/>\n\t<meta name=\"twitter:data1\" content=\"2 minutes\" \/>\n<script type=\"application\/ld+json\" class=\"yoast-schema-graph\">{\"@context\":\"https:\\\/\\\/schema.org\",\"@graph\":[{\"@type\":\"WebPage\",\"@id\":\"https:\\\/\\\/folienkonen.de\\\/service\\\/fragen-und-antworten\\\/\",\"url\":\"https:\\\/\\\/folienkonen.de\\\/service\\\/fragen-und-antworten\\\/\",\"name\":\"Fragen und Antworten - Perfekte Folienkonen\",\"isPartOf\":{\"@id\":\"https:\\\/\\\/folienkonen.de\\\/#website\"},\"datePublished\":\"2022-02-24T08:39:58+00:00\",\"dateModified\":\"2022-02-24T09:59:19+00:00\",\"breadcrumb\":{\"@id\":\"https:\\\/\\\/folienkonen.de\\\/service\\\/fragen-und-antworten\\\/#breadcrumb\"},\"inLanguage\":\"en-US\",\"potentialAction\":[{\"@type\":\"ReadAction\",\"target\":[\"https:\\\/\\\/folienkonen.de\\\/service\\\/fragen-und-antworten\\\/\"]}]},{\"@type\":\"BreadcrumbList\",\"@id\":\"https:\\\/\\\/folienkonen.de\\\/service\\\/fragen-und-antworten\\\/#breadcrumb\",\"itemListElement\":[{\"@type\":\"ListItem\",\"position\":1,\"name\":\"Startseite\",\"item\":\"https:\\\/\\\/folienkonen.de\\\/\"},{\"@type\":\"ListItem\",\"position\":2,\"name\":\"Service\",\"item\":\"https:\\\/\\\/folienkonen.de\\\/service\\\/\"},{\"@type\":\"ListItem\",\"position\":3,\"name\":\"Fragen und Antworten\"}]},{\"@type\":\"WebSite\",\"@id\":\"https:\\\/\\\/folienkonen.de\\\/#website\",\"url\":\"https:\\\/\\\/folienkonen.de\\\/\",\"name\":\"Perfekte Folienkonen\",\"description\":\"Tipps und Tricks perfekte Folienkonen selbst herzustellen\",\"publisher\":{\"@id\":\"https:\\\/\\\/folienkonen.de\\\/#\\\/schema\\\/person\\\/97527885b54b1ed983d3a7035ab371f5\"},\"potentialAction\":[{\"@type\":\"SearchAction\",\"target\":{\"@type\":\"EntryPoint\",\"urlTemplate\":\"https:\\\/\\\/folienkonen.de\\\/?s={search_term_string}\"},\"query-input\":{\"@type\":\"PropertyValueSpecification\",\"valueRequired\":true,\"valueName\":\"search_term_string\"}}],\"inLanguage\":\"en-US\"},{\"@type\":[\"Person\",\"Organization\"],\"@id\":\"https:\\\/\\\/folienkonen.de\\\/#\\\/schema\\\/person\\\/97527885b54b1ed983d3a7035ab371f5\",\"name\":\"Bernd\",\"image\":{\"@type\":\"ImageObject\",\"inLanguage\":\"en-US\",\"@id\":\"https:\\\/\\\/folienkonen.de\\\/wp-content\\\/uploads\\\/2022\\\/02\\\/bernd.jpeg\",\"url\":\"https:\\\/\\\/folienkonen.de\\\/wp-content\\\/uploads\\\/2022\\\/02\\\/bernd.jpeg\",\"contentUrl\":\"https:\\\/\\\/folienkonen.de\\\/wp-content\\\/uploads\\\/2022\\\/02\\\/bernd.jpeg\",\"width\":500,\"height\":500,\"caption\":\"Bernd\"},\"logo\":{\"@id\":\"https:\\\/\\\/folienkonen.de\\\/wp-content\\\/uploads\\\/2022\\\/02\\\/bernd.jpeg\"},\"sameAs\":[\"https:\\\/\\\/folienkonen.de\"]}]}<\/script>\n<!-- \/ Yoast SEO plugin. -->","yoast_head_json":{"title":"Fragen und Antworten - Perfekte Folienkonen","robots":{"index":"index","follow":"follow","max-snippet":"max-snippet:-1","max-image-preview":"max-image-preview:large","max-video-preview":"max-video-preview:-1"},"canonical":"https:\/\/folienkonen.de\/en\/service\/fragen-und-antworten\/","og_locale":"en_US","og_type":"article","og_title":"Fragen und Antworten - Perfekte Folienkonen","og_description":"Ich bekomme zu meiner Webseite immer wieder Fragen gestellt. Da manche dieser Fragen auch andere interessieren k\u00f6nnten, habe ich sie hier aufgef\u00fchrt. Diese Auflistung wird in unregelm\u00e4\u00dfigen Abst\u00e4nden erweitert. Wie weit fliegen diese Konen? Eine abschlie\u00dfende Aussage kann ich hier nicht treffen. Ich selbst habe die Folienkonen auf 30 Metern Distanz getestet. Meine \u00fcbliche Distanz [&hellip;]","og_url":"https:\/\/folienkonen.de\/en\/service\/fragen-und-antworten\/","og_site_name":"Perfekte Folienkonen","article_modified_time":"2022-02-24T09:59:19+00:00","twitter_card":"summary_large_image","twitter_misc":{"Est. reading time":"2 minutes"},"schema":{"@context":"https:\/\/schema.org","@graph":[{"@type":"WebPage","@id":"https:\/\/folienkonen.de\/service\/fragen-und-antworten\/","url":"https:\/\/folienkonen.de\/service\/fragen-und-antworten\/","name":"Fragen und Antworten - Perfekte Folienkonen","isPartOf":{"@id":"https:\/\/folienkonen.de\/#website"},"datePublished":"2022-02-24T08:39:58+00:00","dateModified":"2022-02-24T09:59:19+00:00","breadcrumb":{"@id":"https:\/\/folienkonen.de\/service\/fragen-und-antworten\/#breadcrumb"},"inLanguage":"en-US","potentialAction":[{"@type":"ReadAction","target":["https:\/\/folienkonen.de\/service\/fragen-und-antworten\/"]}]},{"@type":"BreadcrumbList","@id":"https:\/\/folienkonen.de\/service\/fragen-und-antworten\/#breadcrumb","itemListElement":[{"@type":"ListItem","position":1,"name":"Startseite","item":"https:\/\/folienkonen.de\/"},{"@type":"ListItem","position":2,"name":"Service","item":"https:\/\/folienkonen.de\/service\/"},{"@type":"ListItem","position":3,"name":"Fragen und Antworten"}]},{"@type":"WebSite","@id":"https:\/\/folienkonen.de\/#website","url":"https:\/\/folienkonen.de\/","name":"Perfect foil cones","description":"Tips and tricks for making perfect foil cones yourself","publisher":{"@id":"https:\/\/folienkonen.de\/#\/schema\/person\/97527885b54b1ed983d3a7035ab371f5"},"potentialAction":[{"@type":"SearchAction","target":{"@type":"EntryPoint","urlTemplate":"https:\/\/folienkonen.de\/?s={search_term_string}"},"query-input":{"@type":"PropertyValueSpecification","valueRequired":true,"valueName":"search_term_string"}}],"inLanguage":"en-US"},{"@type":["Person","Organization"],"@id":"https:\/\/folienkonen.de\/#\/schema\/person\/97527885b54b1ed983d3a7035ab371f5","name":"Bernd","image":{"@type":"ImageObject","inLanguage":"en-US","@id":"https:\/\/folienkonen.de\/wp-content\/uploads\/2022\/02\/bernd.jpeg","url":"https:\/\/folienkonen.de\/wp-content\/uploads\/2022\/02\/bernd.jpeg","contentUrl":"https:\/\/folienkonen.de\/wp-content\/uploads\/2022\/02\/bernd.jpeg","width":500,"height":500,"caption":"Bernd"},"logo":{"@id":"https:\/\/folienkonen.de\/wp-content\/uploads\/2022\/02\/bernd.jpeg"},"sameAs":["https:\/\/folienkonen.de"]}]}},"_links":{"self":[{"href":"https:\/\/folienkonen.de\/en\/wp-json\/wp\/v2\/pages\/979","targetHints":{"allow":["GET"]}}],"collection":[{"href":"https:\/\/folienkonen.de\/en\/wp-json\/wp\/v2\/pages"}],"about":[{"href":"https:\/\/folienkonen.de\/en\/wp-json\/wp\/v2\/types\/page"}],"author":[{"embeddable":true,"href":"https:\/\/folienkonen.de\/en\/wp-json\/wp\/v2\/users\/1"}],"replies":[{"embeddable":true,"href":"https:\/\/folienkonen.de\/en\/wp-json\/wp\/v2\/comments?post=979"}],"version-history":[{"count":22,"href":"https:\/\/folienkonen.de\/en\/wp-json\/wp\/v2\/pages\/979\/revisions"}],"predecessor-version":[{"id":1003,"href":"https:\/\/folienkonen.de\/en\/wp-json\/wp\/v2\/pages\/979\/revisions\/1003"}],"up":[{"embeddable":true,"href":"https:\/\/folienkonen.de\/en\/wp-json\/wp\/v2\/pages\/691"}],"wp:attachment":[{"href":"https:\/\/folienkonen.de\/en\/wp-json\/wp\/v2\/media?parent=979"}],"curies":[{"name":"wp","href":"https:\/\/api.w.org\/{rel}","templated":true}]}}